{"id":959,"date":"2018-02-12T12:57:41","date_gmt":"2018-02-12T11:57:41","guid":{"rendered":"http:\/\/www.anne-dasilva.com\/?page_id=959"},"modified":"2020-04-04T18:54:06","modified_gmt":"2020-04-04T17:54:06","slug":"sculptures-pour-le-projet-liens","status":"publish","type":"page","link":"https:\/\/www.anne-dasilva.com\/?page_id=959","title":{"rendered":"Liens"},"content":{"rendered":"<div  id=\"jtg-1794\" class=\"modula modula-gallery modula-columns\" data-config=\"{&quot;tabletHeight&quot;:0,&quot;mobileHeight&quot;:0,&quot;desktopHeight&quot;:0,&quot;enableTwitter&quot;:false,&quot;enableWhatsapp&quot;:false,&quot;enableFacebook&quot;:false,&quot;enablePinterest&quot;:false,&quot;enableLinkedin&quot;:false,&quot;enableEmail&quot;:false,&quot;randomFactor&quot;:0,&quot;type&quot;:&quot;grid&quot;,&quot;columns&quot;:12,&quot;gutter&quot;:10,&quot;mobileGutter&quot;:10,&quot;tabletGutter&quot;:10,&quot;desktopGutter&quot;:10,&quot;enableResponsive&quot;:&quot;0&quot;,&quot;tabletColumns&quot;:&quot;2&quot;,&quot;mobileColumns&quot;:&quot;1&quot;,&quot;lazyLoad&quot;:0,&quot;lightboxOpts&quot;:{&quot;animated&quot;:true,&quot;Thumbs&quot;:{&quot;type&quot;:&quot;modern&quot;,&quot;showOnStart&quot;:false},&quot;Toolbar&quot;:{&quot;display&quot;:{&quot;right&quot;:[&quot;close&quot;]},&quot;enabled&quot;:true},&quot;Carousel&quot;:{&quot;Panzoom&quot;:{&quot;touch&quot;:true},&quot;infinite&quot;:false},&quot;keyboard&quot;:{&quot;Escape&quot;:&quot;close&quot;,&quot;Delete&quot;:&quot;close&quot;,&quot;Backspace&quot;:&quot;close&quot;,&quot;PageUp&quot;:false,&quot;PageDown&quot;:false,&quot;ArrowUp&quot;:false,&quot;ArrowDown&quot;:false,&quot;ArrowRight&quot;:false,&quot;ArrowLeft&quot;:false},&quot;touch&quot;:false,&quot;backdropClick&quot;:false,&quot;l10n&quot;:{&quot;CLOSE&quot;:&quot;Close&quot;,&quot;NEXT&quot;:&quot;Next&quot;,&quot;PREV&quot;:&quot;Previous&quot;,&quot;Error&quot;:&quot;The requested content cannot be loaded. Please try again later.&quot;,&quot;PLAY_START&quot;:&quot;Start slideshow&quot;,&quot;PLAY_STOP&quot;:&quot;Pause slideshow&quot;,&quot;FULL_SCREEN&quot;:&quot;Full screen&quot;,&quot;THUMBS&quot;:&quot;Thumbnails&quot;,&quot;DOWNLOAD&quot;:&quot;Download&quot;,&quot;SHARE&quot;:&quot;Share&quot;,&quot;ZOOM&quot;:&quot;Zoom&quot;,&quot;EMAIL&quot;:&quot;Here is the link to the image : %%image_link%% and this is the link to the gallery : %%gallery_link%%&quot;,&quot;MODAL&quot;:&quot;You can close this modal content with the ESC key&quot;,&quot;ERROR&quot;:&quot;Something Went Wrong, Please Try Again Later&quot;,&quot;IMAGE_ERROR&quot;:&quot;Image Not Found&quot;,&quot;ELEMENT_NOT_FOUND&quot;:&quot;HTML Element Not Found&quot;,&quot;AJAX_NOT_FOUND&quot;:&quot;Error Loading AJAX : Not Found&quot;,&quot;AJAX_FORBIDDEN&quot;:&quot;Error Loading AJAX : Forbidden&quot;,&quot;IFRAME_ERROR&quot;:&quot;Error Loading Page&quot;,&quot;TOGGLE_ZOOM&quot;:&quot;Toggle zoom level&quot;,&quot;TOGGLE_THUMBS&quot;:&quot;Toggle thumbnails&quot;,&quot;TOGGLE_SLIDESHOW&quot;:&quot;Toggle slideshow&quot;,&quot;TOGGLE_FULLSCREEN&quot;:&quot;Toggle full-screen mode&quot;},&quot;Images&quot;:{&quot;Panzoom&quot;:{&quot;maxScale&quot;:2}},&quot;mainClass&quot;:&quot;modula-fancybox-container modula-lightbox-jtg-1794&quot;,&quot;Html&quot;:{&quot;videoAutoplay&quot;:0,&quot;videoTpl&quot;:&quot;&lt;video class=\\&quot;fancybox__html5video\\&quot; controls muted playsinline controlsList controlsList=\\&quot;nodownload\\&quot; poster=\\&quot;{{poster}}\\&quot; src=\\&quot;{{src}}\\&quot; type=\\&quot;{{format}}\\&quot; &gt;  Sorry, your browser doesn&#039;t support embedded videos, &lt;a href=\\&quot;{{src}}\\&quot;&gt; download &lt;\\\/a&gt; and watch with your favorite video player! &lt;\\\/video&gt;&quot;}},&quot;inView&quot;:false,&quot;email_subject&quot;:&quot;Check out this awesome image !!&quot;,&quot;email_message&quot;:&quot;Here is the link to the image : %%image_link%% and this is the link to the gallery : %%gallery_link%%&quot;,&quot;grid_type&quot;:&quot;2&quot;,&quot;rowHeight&quot;:0,&quot;lastRow&quot;:&quot;&quot;,&quot;lightbox&quot;:&quot;fancybox&quot;}\">\n\n\t<div class=\"modula-grid-sizer\"> <\/div>\n\t<div  class=\"modula-items grid-gallery\">\n\t\t<div class=\"modula-item effect-pufrobo\" >\n\t<div class=\"modula-item-overlay\"><\/div>\n\n\t<div class=\"modula-item-content\">\n\n\t\t<a data-image-id=\"968\" role=\"button\" tabindex=\"0\" rel=\"jtg-1794\" data-caption=\"\" aria-label=\"Open image in lightbox\" class=\"tile-inner modula-item-link\"><\/a><img loading=\"lazy\" decoding=\"async\" class=\"pic wp-image-968\"  data-valign=\"middle\" data-halign=\"center\" alt=\"\" data-full=\"https:\/\/www.anne-dasilva.com\/wp-content\/uploads\/IMG_20180209_191002387-1.jpg\" title=\"IMG_20180209_191002387\" crop=\"\" width=\"3264\" height=\"1840\" src=\"https:\/\/www.anne-dasilva.com\/wp-content\/uploads\/IMG_20180209_191002387-1.jpg\" data-src=\"https:\/\/www.anne-dasilva.com\/wp-content\/uploads\/IMG_20180209_191002387-1.jpg\" data-caption=\"\" srcset=\"https:\/\/www.anne-dasilva.com\/wp-content\/uploads\/IMG_20180209_191002387-1.jpg 3264w, https:\/\/www.anne-dasilva.com\/wp-content\/uploads\/IMG_20180209_191002387-1-300x169.jpg 300w, https:\/\/www.anne-dasilva.com\/wp-content\/uploads\/IMG_20180209_191002387-1-768x433.jpg 768w, https:\/\/www.anne-dasilva.com\/wp-content\/uploads\/IMG_20180209_191002387-1-700x395.jpg 700w, https:\/\/www.anne-dasilva.com\/wp-content\/uploads\/IMG_20180209_191002387-1-800x451.jpg 800w\" sizes=\"auto, (max-width: 3264px) 100vw, 3264px\" \/>\n\t\t<div class=\"figc no-description\">\n\t\t\t<div class=\"figc-inner\">\n\t\t\t\t\t\t\t\t\t\t\t\t\t\t\t<\/div>\n\t\t<\/div>\n\n\t<\/div>\n\n<\/div><div class=\"modula-item effect-pufrobo\" >\n\t<div class=\"modula-item-overlay\"><\/div>\n\n\t<div class=\"modula-item-content\">\n\n\t\t<a data-image-id=\"967\" role=\"button\" tabindex=\"0\" rel=\"jtg-1794\" data-caption=\"\" aria-label=\"Open image in lightbox\" class=\"tile-inner modula-item-link\"><\/a><img loading=\"lazy\" decoding=\"async\" class=\"pic wp-image-967\"  data-valign=\"middle\" data-halign=\"center\" alt=\"\" data-full=\"https:\/\/www.anne-dasilva.com\/wp-content\/uploads\/IMG_20180209_190942998.jpg\" title=\"IMG_20180209_190942998\" crop=\"\" width=\"3264\" height=\"1840\" src=\"https:\/\/www.anne-dasilva.com\/wp-content\/uploads\/IMG_20180209_190942998.jpg\" data-src=\"https:\/\/www.anne-dasilva.com\/wp-content\/uploads\/IMG_20180209_190942998.jpg\" data-caption=\"\" srcset=\"https:\/\/www.anne-dasilva.com\/wp-content\/uploads\/IMG_20180209_190942998.jpg 3264w, https:\/\/www.anne-dasilva.com\/wp-content\/uploads\/IMG_20180209_190942998-300x169.jpg 300w, https:\/\/www.anne-dasilva.com\/wp-content\/uploads\/IMG_20180209_190942998-768x433.jpg 768w, https:\/\/www.anne-dasilva.com\/wp-content\/uploads\/IMG_20180209_190942998-700x395.jpg 700w, https:\/\/www.anne-dasilva.com\/wp-content\/uploads\/IMG_20180209_190942998-800x451.jpg 800w\" sizes=\"auto, (max-width: 3264px) 100vw, 3264px\" \/>\n\t\t<div class=\"figc no-description\">\n\t\t\t<div class=\"figc-inner\">\n\t\t\t\t\t\t\t\t\t\t\t\t\t\t\t<\/div>\n\t\t<\/div>\n\n\t<\/div>\n\n<\/div><div class=\"modula-item effect-pufrobo\" >\n\t<div class=\"modula-item-overlay\"><\/div>\n\n\t<div class=\"modula-item-content\">\n\n\t\t<a data-image-id=\"963\" role=\"button\" tabindex=\"0\" rel=\"jtg-1794\" data-caption=\"\" aria-label=\"Open image in lightbox\" class=\"tile-inner modula-item-link\"><\/a><img loading=\"lazy\" decoding=\"async\" class=\"pic wp-image-963\"  data-valign=\"middle\" data-halign=\"center\" alt=\"\" data-full=\"https:\/\/www.anne-dasilva.com\/wp-content\/uploads\/IMG_20180209_153812188.jpg\" title=\"IMG_20180209_153812188\" crop=\"\" width=\"1840\" height=\"3264\" src=\"https:\/\/www.anne-dasilva.com\/wp-content\/uploads\/IMG_20180209_153812188.jpg\" data-src=\"https:\/\/www.anne-dasilva.com\/wp-content\/uploads\/IMG_20180209_153812188.jpg\" data-caption=\"\" srcset=\"https:\/\/www.anne-dasilva.com\/wp-content\/uploads\/IMG_20180209_153812188.jpg 1840w, https:\/\/www.anne-dasilva.com\/wp-content\/uploads\/IMG_20180209_153812188-169x300.jpg 169w, https:\/\/www.anne-dasilva.com\/wp-content\/uploads\/IMG_20180209_153812188-768x1362.jpg 768w, https:\/\/www.anne-dasilva.com\/wp-content\/uploads\/IMG_20180209_153812188-700x1242.jpg 700w, https:\/\/www.anne-dasilva.com\/wp-content\/uploads\/IMG_20180209_153812188-800x1419.jpg 800w\" sizes=\"auto, (max-width: 1840px) 100vw, 1840px\" \/>\n\t\t<div class=\"figc no-description\">\n\t\t\t<div class=\"figc-inner\">\n\t\t\t\t\t\t\t\t\t\t\t\t\t\t\t<\/div>\n\t\t<\/div>\n\n\t<\/div>\n\n<\/div><div class=\"modula-item effect-pufrobo\" >\n\t<div class=\"modula-item-overlay\"><\/div>\n\n\t<div class=\"modula-item-content\">\n\n\t\t<a data-image-id=\"965\" role=\"button\" tabindex=\"0\" rel=\"jtg-1794\" data-caption=\"\" aria-label=\"Open image in lightbox\" class=\"tile-inner modula-item-link\"><\/a><img loading=\"lazy\" decoding=\"async\" class=\"pic wp-image-965\"  data-valign=\"middle\" data-halign=\"center\" alt=\"\" data-full=\"https:\/\/www.anne-dasilva.com\/wp-content\/uploads\/IMG_20180209_154522207.jpg\" title=\"IMG_20180209_154522207\" crop=\"\" width=\"1840\" height=\"3264\" src=\"https:\/\/www.anne-dasilva.com\/wp-content\/uploads\/IMG_20180209_154522207.jpg\" data-src=\"https:\/\/www.anne-dasilva.com\/wp-content\/uploads\/IMG_20180209_154522207.jpg\" data-caption=\"\" srcset=\"https:\/\/www.anne-dasilva.com\/wp-content\/uploads\/IMG_20180209_154522207.jpg 1840w, https:\/\/www.anne-dasilva.com\/wp-content\/uploads\/IMG_20180209_154522207-169x300.jpg 169w, https:\/\/www.anne-dasilva.com\/wp-content\/uploads\/IMG_20180209_154522207-768x1362.jpg 768w, https:\/\/www.anne-dasilva.com\/wp-content\/uploads\/IMG_20180209_154522207-700x1242.jpg 700w, https:\/\/www.anne-dasilva.com\/wp-content\/uploads\/IMG_20180209_154522207-800x1419.jpg 800w\" sizes=\"auto, (max-width: 1840px) 100vw, 1840px\" \/>\n\t\t<div class=\"figc no-description\">\n\t\t\t<div class=\"figc-inner\">\n\t\t\t\t\t\t\t\t\t\t\t\t\t\t\t<\/div>\n\t\t<\/div>\n\n\t<\/div>\n\n<\/div><div class=\"modula-item effect-pufrobo\" >\n\t<div class=\"modula-item-overlay\"><\/div>\n\n\t<div class=\"modula-item-content\">\n\n\t\t<a data-image-id=\"970\" role=\"button\" tabindex=\"0\" rel=\"jtg-1794\" data-caption=\"\" aria-label=\"Open image in lightbox\" class=\"tile-inner modula-item-link\"><\/a><img loading=\"lazy\" decoding=\"async\" class=\"pic wp-image-970\"  data-valign=\"middle\" data-halign=\"center\" alt=\"\" data-full=\"https:\/\/www.anne-dasilva.com\/wp-content\/uploads\/IMG_20180209_191046982-1.jpg\" title=\"IMG_20180209_191046982\" crop=\"\" width=\"3264\" height=\"1840\" src=\"https:\/\/www.anne-dasilva.com\/wp-content\/uploads\/IMG_20180209_191046982-1.jpg\" data-src=\"https:\/\/www.anne-dasilva.com\/wp-content\/uploads\/IMG_20180209_191046982-1.jpg\" data-caption=\"\" srcset=\"https:\/\/www.anne-dasilva.com\/wp-content\/uploads\/IMG_20180209_191046982-1.jpg 3264w, https:\/\/www.anne-dasilva.com\/wp-content\/uploads\/IMG_20180209_191046982-1-300x169.jpg 300w, https:\/\/www.anne-dasilva.com\/wp-content\/uploads\/IMG_20180209_191046982-1-768x433.jpg 768w, https:\/\/www.anne-dasilva.com\/wp-content\/uploads\/IMG_20180209_191046982-1-700x395.jpg 700w, https:\/\/www.anne-dasilva.com\/wp-content\/uploads\/IMG_20180209_191046982-1-800x451.jpg 800w\" sizes=\"auto, (max-width: 3264px) 100vw, 3264px\" \/>\n\t\t<div class=\"figc no-description\">\n\t\t\t<div class=\"figc-inner\">\n\t\t\t\t\t\t\t\t\t\t\t\t\t\t\t<\/div>\n\t\t<\/div>\n\n\t<\/div>\n\n<\/div><div class=\"modula-item effect-pufrobo\" >\n\t<div class=\"modula-item-overlay\"><\/div>\n\n\t<div class=\"modula-item-content\">\n\n\t\t<a data-image-id=\"971\" role=\"button\" tabindex=\"0\" rel=\"jtg-1794\" data-caption=\"\" aria-label=\"Open image in lightbox\" class=\"tile-inner modula-item-link\"><\/a><img loading=\"lazy\" decoding=\"async\" class=\"pic wp-image-971\"  data-valign=\"middle\" data-halign=\"center\" alt=\"\" data-full=\"https:\/\/www.anne-dasilva.com\/wp-content\/uploads\/IMG_20180209_191101610-1.jpg\" title=\"IMG_20180209_191101610\" crop=\"\" width=\"3264\" height=\"1840\" src=\"https:\/\/www.anne-dasilva.com\/wp-content\/uploads\/IMG_20180209_191101610-1.jpg\" data-src=\"https:\/\/www.anne-dasilva.com\/wp-content\/uploads\/IMG_20180209_191101610-1.jpg\" data-caption=\"\" srcset=\"https:\/\/www.anne-dasilva.com\/wp-content\/uploads\/IMG_20180209_191101610-1.jpg 3264w, https:\/\/www.anne-dasilva.com\/wp-content\/uploads\/IMG_20180209_191101610-1-300x169.jpg 300w, https:\/\/www.anne-dasilva.com\/wp-content\/uploads\/IMG_20180209_191101610-1-768x433.jpg 768w, https:\/\/www.anne-dasilva.com\/wp-content\/uploads\/IMG_20180209_191101610-1-700x395.jpg 700w, https:\/\/www.anne-dasilva.com\/wp-content\/uploads\/IMG_20180209_191101610-1-800x451.jpg 800w\" sizes=\"auto, (max-width: 3264px) 100vw, 3264px\" \/>\n\t\t<div class=\"figc no-description\">\n\t\t\t<div class=\"figc-inner\">\n\t\t\t\t\t\t\t\t\t\t\t\t\t\t\t<\/div>\n\t\t<\/div>\n\n\t<\/div>\n\n<\/div>\t\t\n\t<\/div>\n\n\t\n\t\n\t<script type=\"application\/ld+json\">\n\t{\n\t\t\"@context\": \"https:\/\/schema.org\",\n\t\t\"@type\"   : \"ImageGallery\",\n\t\t\"id\"      : \"https:\/\/www.anne-dasilva.com\/?page_id=959\/#modula-gallery-1794\",\n\t\t\"url\"     : \"https:\/\/www.anne-dasilva.com\/?page_id=959\/\"\n\t}\n\n\t<\/script>\n\n\t\n<\/div>\n\n<p><em><span class=\"fontstyle0\">L<\/span><\/em><em><span class=\"fontstyle0\">iens <\/span><\/em><span class=\"fontstyle2\">est un projet pluridisciplinaire, \u00e0 la crois\u00e9e des arts et des sciences port\u00e9 par Mathilde Bouvard en 2019.<br \/>\nCette artiste peintre et photographe a convi\u00e9 des artistes et scientifiques \u00e0 travailler autour des notions de communication et d\u2019interd\u00e9pendance des organismes vivants sur Terre, en vue d\u2019une exposition itin\u00e9rante en France et en Europe.<br \/>\nInvit\u00e9e \u00e0 m\u2019inscrire dans ce projet, j\u2019ai cherch\u00e9 des mati\u00e8res qui t\u00e9moignent<br \/>\nde la fronti\u00e8re tenue entre l\u2019int\u00e9rieur et l\u2019ext\u00e9rieur, des mati\u00e8res qui contiennent et permettent en m\u00eame temps l\u2019\u00e9change, la circulation. J\u2019ai cherch\u00e9 des membranes.<br \/>\nJ\u2019ai travaill\u00e9 les algues,les intestins, les v\u00e9g\u00e9taux,la laine et la lumi\u00e8re.<br \/>\n<\/span><\/p>\n","protected":false},"excerpt":{"rendered":"<p>Liens est un projet pluridisciplinaire, \u00e0 la crois\u00e9e des arts et des sciences port\u00e9 par Mathilde Bouvard en 2019. Cette artiste peintre et photographe a convi\u00e9 des artistes et scientifiques \u00e0 travailler autour des notions de communication et d\u2019interd\u00e9pendance des organismes vivants sur Terre, en vue d\u2019une exposition itin\u00e9rante en France et en Europe. Invit\u00e9e&#8230;<\/p>\n","protected":false},"author":1,"featured_media":0,"parent":0,"menu_order":0,"comment_status":"closed","ping_status":"closed","template":"","meta":{"footnotes":""},"class_list":["post-959","page","type-page","status-publish","hentry"],"_links":{"self":[{"href":"https:\/\/www.anne-dasilva.com\/index.php?rest_route=\/wp\/v2\/pages\/959","targetHints":{"allow":["GET"]}}],"collection":[{"href":"https:\/\/www.anne-dasilva.com\/index.php?rest_route=\/wp\/v2\/pages"}],"about":[{"href":"https:\/\/www.anne-dasilva.com\/index.php?rest_route=\/wp\/v2\/types\/page"}],"author":[{"embeddable":true,"href":"https:\/\/www.anne-dasilva.com\/index.php?rest_route=\/wp\/v2\/users\/1"}],"replies":[{"embeddable":true,"href":"https:\/\/www.anne-dasilva.com\/index.php?rest_route=%2Fwp%2Fv2%2Fcomments&post=959"}],"version-history":[{"count":5,"href":"https:\/\/www.anne-dasilva.com\/index.php?rest_route=\/wp\/v2\/pages\/959\/revisions"}],"predecessor-version":[{"id":1472,"href":"https:\/\/www.anne-dasilva.com\/index.php?rest_route=\/wp\/v2\/pages\/959\/revisions\/1472"}],"wp:attachment":[{"href":"https:\/\/www.anne-dasilva.com\/index.php?rest_route=%2Fwp%2Fv2%2Fmedia&parent=959"}],"curies":[{"name":"wp","href":"https:\/\/api.w.org\/{rel}","templated":true}]}}