{"id":86,"date":"2014-06-10T14:53:40","date_gmt":"2014-06-10T13:53:40","guid":{"rendered":"http:\/\/www.anne-dasilva.com\/?page_id=86"},"modified":"2020-04-05T19:03:16","modified_gmt":"2020-04-05T18:03:16","slug":"2012-2","status":"publish","type":"page","link":"https:\/\/www.anne-dasilva.com\/?page_id=86","title":{"rendered":"L&rsquo;\u00e9toffe des choses"},"content":{"rendered":"<p style=\"text-align: left;\"><span class=\"fontstyle0\">Pr\u00e9sent\u00e9e pour la premi\u00e8re fois \u00e0 la Chapelle de Saint Hernot en 2013, <\/span><span class=\"fontstyle2\"><em>L\u2019\u00e9toffe des choses<\/em> <\/span><span class=\"fontstyle0\">est une installation que je continue \u00e0 alimenter chaque ann\u00e9e. Il s\u2019agit de pr\u00e9senter sous forme de collection empirique un \u00e9chantillonnage des \u00abpeaux\u00bb dont se dote la nature.<br \/>\nCe geste est guid\u00e9 par la r\u00e9flexion de Merleau-Ponty selon laquelle \u00ables choses et mon corps<br \/>\nsont faits de la m\u00eame \u00e9toffe\u00bb et donc faire l\u2019exp\u00e9rience de l\u2019un participe \u00e0 faire l\u2019exp\u00e9rience de l\u2019autre, il y a \u00abune visibilit\u00e9 secr\u00e8te\u00bb des choses dans notre propre corps.<br \/>\nLa peau est la zone d\u2019empi\u00e9tement du sentant et du senti, la membrane fine s\u00e9parant le dedans du dehors , une membrane d\u2019\u00e9changes et de protection.<br \/>\nL\u2019installation propose une d\u00e9ambulation silencieuse dans cette \u00abnature morte\u00bb suspendue, t\u00e9moin de l\u2019imbrication de notre corps au tissu t\u00e9nu du monde.<\/span><\/p>\n<div  id=\"jtg-1804\" class=\"modula modula-gallery modula-columns\" data-config=\"{&quot;tabletHeight&quot;:0,&quot;mobileHeight&quot;:0,&quot;desktopHeight&quot;:0,&quot;enableTwitter&quot;:false,&quot;enableWhatsapp&quot;:false,&quot;enableFacebook&quot;:false,&quot;enablePinterest&quot;:false,&quot;enableLinkedin&quot;:false,&quot;enableEmail&quot;:false,&quot;randomFactor&quot;:0,&quot;type&quot;:&quot;grid&quot;,&quot;columns&quot;:12,&quot;gutter&quot;:10,&quot;mobileGutter&quot;:10,&quot;tabletGutter&quot;:10,&quot;desktopGutter&quot;:10,&quot;enableResponsive&quot;:&quot;0&quot;,&quot;tabletColumns&quot;:&quot;2&quot;,&quot;mobileColumns&quot;:&quot;1&quot;,&quot;lazyLoad&quot;:0,&quot;lightboxOpts&quot;:{&quot;animated&quot;:true,&quot;Thumbs&quot;:{&quot;type&quot;:&quot;modern&quot;,&quot;showOnStart&quot;:false},&quot;Toolbar&quot;:{&quot;display&quot;:{&quot;right&quot;:[&quot;close&quot;]},&quot;enabled&quot;:true},&quot;Carousel&quot;:{&quot;Panzoom&quot;:{&quot;touch&quot;:true},&quot;infinite&quot;:false},&quot;keyboard&quot;:{&quot;Escape&quot;:&quot;close&quot;,&quot;Delete&quot;:&quot;close&quot;,&quot;Backspace&quot;:&quot;close&quot;,&quot;PageUp&quot;:&quot;next&quot;,&quot;PageDown&quot;:&quot;prev&quot;,&quot;ArrowUp&quot;:&quot;prev&quot;,&quot;ArrowDown&quot;:&quot;next&quot;,&quot;ArrowRight&quot;:&quot;next&quot;,&quot;ArrowLeft&quot;:&quot;prev&quot;},&quot;wheel&quot;:&quot;slide&quot;,&quot;touch&quot;:true,&quot;backdropClick&quot;:&quot;close&quot;,&quot;l10n&quot;:{&quot;CLOSE&quot;:&quot;Close&quot;,&quot;NEXT&quot;:&quot;Next&quot;,&quot;PREV&quot;:&quot;Previous&quot;,&quot;Error&quot;:&quot;The requested content cannot be loaded. Please try again later.&quot;,&quot;PLAY_START&quot;:&quot;Start slideshow&quot;,&quot;PLAY_STOP&quot;:&quot;Pause slideshow&quot;,&quot;FULL_SCREEN&quot;:&quot;Full screen&quot;,&quot;THUMBS&quot;:&quot;Thumbnails&quot;,&quot;DOWNLOAD&quot;:&quot;Download&quot;,&quot;SHARE&quot;:&quot;Share&quot;,&quot;ZOOM&quot;:&quot;Zoom&quot;,&quot;EMAIL&quot;:&quot;Here is the link to the image : %%image_link%% and this is the link to the gallery : %%gallery_link%%&quot;,&quot;MODAL&quot;:&quot;You can close this modal content with the ESC key&quot;,&quot;ERROR&quot;:&quot;Something Went Wrong, Please Try Again Later&quot;,&quot;IMAGE_ERROR&quot;:&quot;Image Not Found&quot;,&quot;ELEMENT_NOT_FOUND&quot;:&quot;HTML Element Not Found&quot;,&quot;AJAX_NOT_FOUND&quot;:&quot;Error Loading AJAX : Not Found&quot;,&quot;AJAX_FORBIDDEN&quot;:&quot;Error Loading AJAX : Forbidden&quot;,&quot;IFRAME_ERROR&quot;:&quot;Error Loading Page&quot;,&quot;TOGGLE_ZOOM&quot;:&quot;Toggle zoom level&quot;,&quot;TOGGLE_THUMBS&quot;:&quot;Toggle thumbnails&quot;,&quot;TOGGLE_SLIDESHOW&quot;:&quot;Toggle slideshow&quot;,&quot;TOGGLE_FULLSCREEN&quot;:&quot;Toggle full-screen mode&quot;},&quot;Images&quot;:{&quot;Panzoom&quot;:{&quot;maxScale&quot;:2}},&quot;mainClass&quot;:&quot;modula-fancybox-container modula-lightbox-jtg-1804&quot;,&quot;Html&quot;:{&quot;videoAutoplay&quot;:0,&quot;videoTpl&quot;:&quot;&lt;video class=\\&quot;fancybox__html5video\\&quot; controls muted playsinline controlsList controlsList=\\&quot;nodownload\\&quot; poster=\\&quot;{{poster}}\\&quot; src=\\&quot;{{src}}\\&quot; type=\\&quot;{{format}}\\&quot; &gt;  Sorry, your browser doesn&#039;t support embedded videos, &lt;a href=\\&quot;{{src}}\\&quot;&gt; download &lt;\\\/a&gt; and watch with your favorite video player! &lt;\\\/video&gt;&quot;}},&quot;inView&quot;:false,&quot;email_subject&quot;:&quot;Check out this awesome image !!&quot;,&quot;email_message&quot;:&quot;Here is the link to the image : %%image_link%% and this is the link to the gallery : %%gallery_link%%&quot;,&quot;grid_type&quot;:&quot;2&quot;,&quot;rowHeight&quot;:0,&quot;lastRow&quot;:&quot;&quot;,&quot;lightbox&quot;:&quot;fancybox&quot;,&quot;lightbox_devices&quot;:&quot;both&quot;}\">\n\n\t<div class=\"modula-grid-sizer\"> <\/div>\n\t<div  class=\"modula-items grid-gallery\">\n\t\t<div class=\"modula-item effect-pufrobo\" >\n\t<div class=\"modula-item-overlay\"><\/div>\n\n\t<div class=\"modula-item-content\">\n\n\t\t<a data-image-id=\"175\" role=\"button\" tabindex=\"0\" rel=\"jtg-1804\" data-caption=\"\" aria-label=\"Open image in lightbox\" class=\"tile-inner modula-item-link\"><\/a><img loading=\"lazy\" decoding=\"async\" class=\"pic wp-image-175\"  data-valign=\"middle\" data-halign=\"center\" alt=\"\" data-full=\"https:\/\/www.anne-dasilva.com\/wp-content\/uploads\/DSC_9174.jpg\" title=\"DSC_9174\" crop=\"\" width=\"591\" height=\"393\" src=\"https:\/\/www.anne-dasilva.com\/wp-content\/uploads\/DSC_9174.jpg\" data-src=\"https:\/\/www.anne-dasilva.com\/wp-content\/uploads\/DSC_9174.jpg\" data-caption=\"\" srcset=\"https:\/\/www.anne-dasilva.com\/wp-content\/uploads\/DSC_9174.jpg 591w, https:\/\/www.anne-dasilva.com\/wp-content\/uploads\/DSC_9174-300x199.jpg 300w\" sizes=\"auto, (max-width: 591px) 100vw, 591px\" \/>\n\t\t<div class=\"figc no-description\">\n\t\t\t<div class=\"figc-inner\">\n\t\t\t\t\t\t\t\t\t\t\t\t\t\t\t<\/div>\n\t\t<\/div>\n\n\t<\/div>\n\n<\/div><div class=\"modula-item effect-pufrobo\" >\n\t<div class=\"modula-item-overlay\"><\/div>\n\n\t<div class=\"modula-item-content\">\n\n\t\t<a data-image-id=\"179\" role=\"button\" tabindex=\"0\" rel=\"jtg-1804\" data-caption=\"\" aria-label=\"Open image in lightbox\" class=\"tile-inner modula-item-link\"><\/a><img loading=\"lazy\" decoding=\"async\" class=\"pic wp-image-179\"  data-valign=\"middle\" data-halign=\"center\" alt=\"\" data-full=\"https:\/\/www.anne-dasilva.com\/wp-content\/uploads\/DSC_9201.jpg\" title=\"DSC_9201\" crop=\"\" width=\"591\" height=\"393\" src=\"https:\/\/www.anne-dasilva.com\/wp-content\/uploads\/DSC_9201.jpg\" data-src=\"https:\/\/www.anne-dasilva.com\/wp-content\/uploads\/DSC_9201.jpg\" data-caption=\"\" srcset=\"https:\/\/www.anne-dasilva.com\/wp-content\/uploads\/DSC_9201.jpg 591w, https:\/\/www.anne-dasilva.com\/wp-content\/uploads\/DSC_9201-300x199.jpg 300w\" sizes=\"auto, (max-width: 591px) 100vw, 591px\" \/>\n\t\t<div class=\"figc no-description\">\n\t\t\t<div class=\"figc-inner\">\n\t\t\t\t\t\t\t\t\t\t\t\t\t\t\t<\/div>\n\t\t<\/div>\n\n\t<\/div>\n\n<\/div><div class=\"modula-item effect-pufrobo\" >\n\t<div class=\"modula-item-overlay\"><\/div>\n\n\t<div class=\"modula-item-content\">\n\n\t\t<a data-image-id=\"185\" role=\"button\" tabindex=\"0\" rel=\"jtg-1804\" data-caption=\"\" aria-label=\"Open image in lightbox\" class=\"tile-inner modula-item-link\"><\/a><img loading=\"lazy\" decoding=\"async\" class=\"pic wp-image-185\"  data-valign=\"middle\" data-halign=\"center\" alt=\"\" data-full=\"https:\/\/www.anne-dasilva.com\/wp-content\/uploads\/DSC_9243.jpg\" title=\"DSC_9243\" crop=\"\" width=\"591\" height=\"888\" src=\"https:\/\/www.anne-dasilva.com\/wp-content\/uploads\/DSC_9243.jpg\" data-src=\"https:\/\/www.anne-dasilva.com\/wp-content\/uploads\/DSC_9243.jpg\" data-caption=\"\" srcset=\"https:\/\/www.anne-dasilva.com\/wp-content\/uploads\/DSC_9243.jpg 591w, https:\/\/www.anne-dasilva.com\/wp-content\/uploads\/DSC_9243-199x300.jpg 199w\" sizes=\"auto, (max-width: 591px) 100vw, 591px\" \/>\n\t\t<div class=\"figc no-description\">\n\t\t\t<div class=\"figc-inner\">\n\t\t\t\t\t\t\t\t\t\t\t\t\t\t\t<\/div>\n\t\t<\/div>\n\n\t<\/div>\n\n<\/div><div class=\"modula-item effect-pufrobo\" >\n\t<div class=\"modula-item-overlay\"><\/div>\n\n\t<div class=\"modula-item-content\">\n\n\t\t<a data-image-id=\"1537\" role=\"button\" tabindex=\"0\" rel=\"jtg-1804\" data-caption=\"\" aria-label=\"Open image in lightbox\" class=\"tile-inner modula-item-link\"><\/a><img loading=\"lazy\" decoding=\"async\" class=\"pic wp-image-1537\"  data-valign=\"middle\" data-halign=\"center\" alt=\"\" data-full=\"https:\/\/www.anne-dasilva.com\/wp-content\/uploads\/cercles-8.jpg\" title=\"cercles 8\" crop=\"\" width=\"2256\" height=\"1378\" src=\"https:\/\/www.anne-dasilva.com\/wp-content\/uploads\/cercles-8.jpg\" data-src=\"https:\/\/www.anne-dasilva.com\/wp-content\/uploads\/cercles-8.jpg\" data-caption=\"\" srcset=\"https:\/\/www.anne-dasilva.com\/wp-content\/uploads\/cercles-8.jpg 2256w, https:\/\/www.anne-dasilva.com\/wp-content\/uploads\/cercles-8-300x183.jpg 300w, https:\/\/www.anne-dasilva.com\/wp-content\/uploads\/cercles-8-700x428.jpg 700w, https:\/\/www.anne-dasilva.com\/wp-content\/uploads\/cercles-8-768x469.jpg 768w, https:\/\/www.anne-dasilva.com\/wp-content\/uploads\/cercles-8-1536x938.jpg 1536w, https:\/\/www.anne-dasilva.com\/wp-content\/uploads\/cercles-8-2048x1251.jpg 2048w, https:\/\/www.anne-dasilva.com\/wp-content\/uploads\/cercles-8-800x489.jpg 800w\" sizes=\"auto, (max-width: 2256px) 100vw, 2256px\" \/>\n\t\t<div class=\"figc no-description\">\n\t\t\t<div class=\"figc-inner\">\n\t\t\t\t\t\t\t\t\t\t\t\t\t\t\t<\/div>\n\t\t<\/div>\n\n\t<\/div>\n\n<\/div><div class=\"modula-item effect-pufrobo\" >\n\t<div class=\"modula-item-overlay\"><\/div>\n\n\t<div class=\"modula-item-content\">\n\n\t\t<a data-image-id=\"1534\" role=\"button\" tabindex=\"0\" rel=\"jtg-1804\" data-caption=\"\" aria-label=\"Open image in lightbox\" class=\"tile-inner modula-item-link\"><\/a><img loading=\"lazy\" decoding=\"async\" class=\"pic wp-image-1534\"  data-valign=\"middle\" data-halign=\"center\" alt=\"\" data-full=\"https:\/\/www.anne-dasilva.com\/wp-content\/uploads\/cercles-5.jpg\" title=\"cercles 5\" crop=\"\" width=\"2256\" height=\"1504\" src=\"https:\/\/www.anne-dasilva.com\/wp-content\/uploads\/cercles-5.jpg\" data-src=\"https:\/\/www.anne-dasilva.com\/wp-content\/uploads\/cercles-5.jpg\" data-caption=\"\" srcset=\"https:\/\/www.anne-dasilva.com\/wp-content\/uploads\/cercles-5.jpg 2256w, https:\/\/www.anne-dasilva.com\/wp-content\/uploads\/cercles-5-300x200.jpg 300w, https:\/\/www.anne-dasilva.com\/wp-content\/uploads\/cercles-5-700x467.jpg 700w, https:\/\/www.anne-dasilva.com\/wp-content\/uploads\/cercles-5-768x512.jpg 768w, https:\/\/www.anne-dasilva.com\/wp-content\/uploads\/cercles-5-1536x1024.jpg 1536w, https:\/\/www.anne-dasilva.com\/wp-content\/uploads\/cercles-5-2048x1365.jpg 2048w, https:\/\/www.anne-dasilva.com\/wp-content\/uploads\/cercles-5-800x533.jpg 800w\" sizes=\"auto, (max-width: 2256px) 100vw, 2256px\" \/>\n\t\t<div class=\"figc no-description\">\n\t\t\t<div class=\"figc-inner\">\n\t\t\t\t\t\t\t\t\t\t\t\t\t\t\t<\/div>\n\t\t<\/div>\n\n\t<\/div>\n\n<\/div><div class=\"modula-item effect-pufrobo\" >\n\t<div class=\"modula-item-overlay\"><\/div>\n\n\t<div class=\"modula-item-content\">\n\n\t\t<a data-image-id=\"1531\" role=\"button\" tabindex=\"0\" rel=\"jtg-1804\" data-caption=\"\" aria-label=\"Open image in lightbox\" class=\"tile-inner modula-item-link\"><\/a><img loading=\"lazy\" decoding=\"async\" class=\"pic wp-image-1531\"  data-valign=\"middle\" data-halign=\"center\" alt=\"\" data-full=\"https:\/\/www.anne-dasilva.com\/wp-content\/uploads\/cercles-2.jpg\" title=\"cercles 2\" crop=\"\" width=\"2256\" height=\"1504\" src=\"https:\/\/www.anne-dasilva.com\/wp-content\/uploads\/cercles-2.jpg\" data-src=\"https:\/\/www.anne-dasilva.com\/wp-content\/uploads\/cercles-2.jpg\" data-caption=\"\" srcset=\"https:\/\/www.anne-dasilva.com\/wp-content\/uploads\/cercles-2.jpg 2256w, https:\/\/www.anne-dasilva.com\/wp-content\/uploads\/cercles-2-300x200.jpg 300w, https:\/\/www.anne-dasilva.com\/wp-content\/uploads\/cercles-2-700x467.jpg 700w, https:\/\/www.anne-dasilva.com\/wp-content\/uploads\/cercles-2-768x512.jpg 768w, https:\/\/www.anne-dasilva.com\/wp-content\/uploads\/cercles-2-1536x1024.jpg 1536w, https:\/\/www.anne-dasilva.com\/wp-content\/uploads\/cercles-2-2048x1365.jpg 2048w, https:\/\/www.anne-dasilva.com\/wp-content\/uploads\/cercles-2-800x533.jpg 800w\" sizes=\"auto, (max-width: 2256px) 100vw, 2256px\" \/>\n\t\t<div class=\"figc no-description\">\n\t\t\t<div class=\"figc-inner\">\n\t\t\t\t\t\t\t\t\t\t\t\t\t\t\t<\/div>\n\t\t<\/div>\n\n\t<\/div>\n\n<\/div><div class=\"modula-item effect-pufrobo\" >\n\t<div class=\"modula-item-overlay\"><\/div>\n\n\t<div class=\"modula-item-content\">\n\n\t\t<a data-image-id=\"1538\" role=\"button\" tabindex=\"0\" rel=\"jtg-1804\" data-caption=\"\" aria-label=\"Open image in lightbox\" class=\"tile-inner modula-item-link\"><\/a><img loading=\"lazy\" decoding=\"async\" class=\"pic wp-image-1538\"  data-valign=\"middle\" data-halign=\"center\" alt=\"\" data-full=\"https:\/\/www.anne-dasilva.com\/wp-content\/uploads\/cercles-9.jpg\" title=\"cercles 9\" crop=\"\" width=\"2256\" height=\"1504\" src=\"https:\/\/www.anne-dasilva.com\/wp-content\/uploads\/cercles-9.jpg\" data-src=\"https:\/\/www.anne-dasilva.com\/wp-content\/uploads\/cercles-9.jpg\" data-caption=\"\" srcset=\"https:\/\/www.anne-dasilva.com\/wp-content\/uploads\/cercles-9.jpg 2256w, https:\/\/www.anne-dasilva.com\/wp-content\/uploads\/cercles-9-300x200.jpg 300w, https:\/\/www.anne-dasilva.com\/wp-content\/uploads\/cercles-9-700x467.jpg 700w, https:\/\/www.anne-dasilva.com\/wp-content\/uploads\/cercles-9-768x512.jpg 768w, https:\/\/www.anne-dasilva.com\/wp-content\/uploads\/cercles-9-1536x1024.jpg 1536w, https:\/\/www.anne-dasilva.com\/wp-content\/uploads\/cercles-9-2048x1365.jpg 2048w, https:\/\/www.anne-dasilva.com\/wp-content\/uploads\/cercles-9-800x533.jpg 800w\" sizes=\"auto, (max-width: 2256px) 100vw, 2256px\" \/>\n\t\t<div class=\"figc no-description\">\n\t\t\t<div class=\"figc-inner\">\n\t\t\t\t\t\t\t\t\t\t\t\t\t\t\t<\/div>\n\t\t<\/div>\n\n\t<\/div>\n\n<\/div><div class=\"modula-item effect-pufrobo\" >\n\t<div class=\"modula-item-overlay\"><\/div>\n\n\t<div class=\"modula-item-content\">\n\n\t\t<a data-image-id=\"173\" role=\"button\" tabindex=\"0\" rel=\"jtg-1804\" data-caption=\"\" aria-label=\"Open image in lightbox\" class=\"tile-inner modula-item-link\"><\/a><img loading=\"lazy\" decoding=\"async\" class=\"pic wp-image-173\"  data-valign=\"middle\" data-halign=\"center\" alt=\"\" data-full=\"https:\/\/www.anne-dasilva.com\/wp-content\/uploads\/DSC_9157.jpg\" title=\"DSC_9157\" crop=\"\" width=\"591\" height=\"464\" src=\"https:\/\/www.anne-dasilva.com\/wp-content\/uploads\/DSC_9157.jpg\" data-src=\"https:\/\/www.anne-dasilva.com\/wp-content\/uploads\/DSC_9157.jpg\" data-caption=\"\" srcset=\"https:\/\/www.anne-dasilva.com\/wp-content\/uploads\/DSC_9157.jpg 591w, https:\/\/www.anne-dasilva.com\/wp-content\/uploads\/DSC_9157-300x235.jpg 300w\" sizes=\"auto, (max-width: 591px) 100vw, 591px\" \/>\n\t\t<div class=\"figc no-description\">\n\t\t\t<div class=\"figc-inner\">\n\t\t\t\t\t\t\t\t\t\t\t\t\t\t\t<\/div>\n\t\t<\/div>\n\n\t<\/div>\n\n<\/div>\t\t\n\t<\/div>\n\n\t\n\t\n\t<script type=\"application\/ld+json\">\n\t{\n\t\t\"@context\": \"https:\/\/schema.org\",\n\t\t\"@type\"   : \"ImageGallery\",\n\t\t\"id\"      : \"https:\/\/www.anne-dasilva.com\/?page_id=86\/#modula-gallery-1804\",\n\t\t\"url\"     : \"https:\/\/www.anne-dasilva.com\/?page_id=86\/\"\n\t}\n\n\t<\/script>\n\n\t\n<\/div>\n\n","protected":false},"excerpt":{"rendered":"<p>Pr\u00e9sent\u00e9e pour la premi\u00e8re fois \u00e0 la Chapelle de Saint Hernot en 2013, L\u2019\u00e9toffe des choses est une installation que je continue \u00e0 alimenter chaque ann\u00e9e. Il s\u2019agit de pr\u00e9senter sous forme de collection empirique un \u00e9chantillonnage des \u00abpeaux\u00bb dont se dote la nature. Ce geste est guid\u00e9 par la r\u00e9flexion de Merleau-Ponty selon laquelle&#8230;<\/p>\n","protected":false},"author":1,"featured_media":0,"parent":0,"menu_order":0,"comment_status":"closed","ping_status":"closed","template":"","meta":{"footnotes":""},"class_list":["post-86","page","type-page","status-publish","hentry"],"_links":{"self":[{"href":"https:\/\/www.anne-dasilva.com\/index.php?rest_route=\/wp\/v2\/pages\/86","targetHints":{"allow":["GET"]}}],"collection":[{"href":"https:\/\/www.anne-dasilva.com\/index.php?rest_route=\/wp\/v2\/pages"}],"about":[{"href":"https:\/\/www.anne-dasilva.com\/index.php?rest_route=\/wp\/v2\/types\/page"}],"author":[{"embeddable":true,"href":"https:\/\/www.anne-dasilva.com\/index.php?rest_route=\/wp\/v2\/users\/1"}],"replies":[{"embeddable":true,"href":"https:\/\/www.anne-dasilva.com\/index.php?rest_route=%2Fwp%2Fv2%2Fcomments&post=86"}],"version-history":[{"count":11,"href":"https:\/\/www.anne-dasilva.com\/index.php?rest_route=\/wp\/v2\/pages\/86\/revisions"}],"predecessor-version":[{"id":1493,"href":"https:\/\/www.anne-dasilva.com\/index.php?rest_route=\/wp\/v2\/pages\/86\/revisions\/1493"}],"wp:attachment":[{"href":"https:\/\/www.anne-dasilva.com\/index.php?rest_route=%2Fwp%2Fv2%2Fmedia&parent=86"}],"curies":[{"name":"wp","href":"https:\/\/api.w.org\/{rel}","templated":true}]}}