{"id":614,"date":"2016-01-04T23:21:27","date_gmt":"2016-01-04T22:21:27","guid":{"rendered":"http:\/\/www.anne-dasilva.com\/?page_id=614"},"modified":"2022-11-05T11:10:28","modified_gmt":"2022-11-05T10:10:28","slug":"installation-ca-pousse-visite-a-la-lampe-de-poche","status":"publish","type":"page","link":"https:\/\/www.anne-dasilva.com\/?page_id=614","title":{"rendered":"\u00ab\u00a0\u00e7a\u00a0\u00bb pousse"},"content":{"rendered":"<div  id=\"jtg-1792\" class=\"modula modula-gallery modula-columns\" data-config=\"{&quot;tabletHeight&quot;:0,&quot;mobileHeight&quot;:0,&quot;desktopHeight&quot;:0,&quot;enableTwitter&quot;:false,&quot;enableWhatsapp&quot;:false,&quot;enableFacebook&quot;:false,&quot;enablePinterest&quot;:false,&quot;enableLinkedin&quot;:false,&quot;enableEmail&quot;:false,&quot;randomFactor&quot;:0,&quot;type&quot;:&quot;grid&quot;,&quot;columns&quot;:12,&quot;gutter&quot;:2,&quot;mobileGutter&quot;:10,&quot;tabletGutter&quot;:10,&quot;desktopGutter&quot;:2,&quot;enableResponsive&quot;:&quot;0&quot;,&quot;tabletColumns&quot;:&quot;2&quot;,&quot;mobileColumns&quot;:&quot;1&quot;,&quot;lazyLoad&quot;:0,&quot;lightboxOpts&quot;:{&quot;animated&quot;:true,&quot;Thumbs&quot;:{&quot;type&quot;:&quot;modern&quot;,&quot;showOnStart&quot;:false},&quot;Toolbar&quot;:{&quot;display&quot;:{&quot;right&quot;:[&quot;close&quot;]},&quot;enabled&quot;:true},&quot;Carousel&quot;:{&quot;Panzoom&quot;:{&quot;touch&quot;:true},&quot;infinite&quot;:false},&quot;keyboard&quot;:{&quot;Escape&quot;:&quot;close&quot;,&quot;Delete&quot;:&quot;close&quot;,&quot;Backspace&quot;:&quot;close&quot;,&quot;PageUp&quot;:false,&quot;PageDown&quot;:false,&quot;ArrowUp&quot;:false,&quot;ArrowDown&quot;:false,&quot;ArrowRight&quot;:false,&quot;ArrowLeft&quot;:false},&quot;touch&quot;:false,&quot;backdropClick&quot;:false,&quot;l10n&quot;:{&quot;CLOSE&quot;:&quot;Close&quot;,&quot;NEXT&quot;:&quot;Next&quot;,&quot;PREV&quot;:&quot;Previous&quot;,&quot;Error&quot;:&quot;The requested content cannot be loaded. Please try again later.&quot;,&quot;PLAY_START&quot;:&quot;Start slideshow&quot;,&quot;PLAY_STOP&quot;:&quot;Pause slideshow&quot;,&quot;FULL_SCREEN&quot;:&quot;Full screen&quot;,&quot;THUMBS&quot;:&quot;Thumbnails&quot;,&quot;DOWNLOAD&quot;:&quot;Download&quot;,&quot;SHARE&quot;:&quot;Share&quot;,&quot;ZOOM&quot;:&quot;Zoom&quot;,&quot;EMAIL&quot;:&quot;Here is the link to the image : %%image_link%% and this is the link to the gallery : %%gallery_link%%&quot;,&quot;MODAL&quot;:&quot;You can close this modal content with the ESC key&quot;,&quot;ERROR&quot;:&quot;Something Went Wrong, Please Try Again Later&quot;,&quot;IMAGE_ERROR&quot;:&quot;Image Not Found&quot;,&quot;ELEMENT_NOT_FOUND&quot;:&quot;HTML Element Not Found&quot;,&quot;AJAX_NOT_FOUND&quot;:&quot;Error Loading AJAX : Not Found&quot;,&quot;AJAX_FORBIDDEN&quot;:&quot;Error Loading AJAX : Forbidden&quot;,&quot;IFRAME_ERROR&quot;:&quot;Error Loading Page&quot;,&quot;TOGGLE_ZOOM&quot;:&quot;Toggle zoom level&quot;,&quot;TOGGLE_THUMBS&quot;:&quot;Toggle thumbnails&quot;,&quot;TOGGLE_SLIDESHOW&quot;:&quot;Toggle slideshow&quot;,&quot;TOGGLE_FULLSCREEN&quot;:&quot;Toggle full-screen mode&quot;},&quot;Images&quot;:{&quot;Panzoom&quot;:{&quot;maxScale&quot;:2}},&quot;mainClass&quot;:&quot;modula-fancybox-container modula-lightbox-jtg-1792&quot;,&quot;Html&quot;:{&quot;videoAutoplay&quot;:0,&quot;videoTpl&quot;:&quot;&lt;video class=\\&quot;fancybox__html5video\\&quot; controls muted playsinline controlsList controlsList=\\&quot;nodownload\\&quot; poster=\\&quot;{{poster}}\\&quot; src=\\&quot;{{src}}\\&quot; type=\\&quot;{{format}}\\&quot; &gt;  Sorry, your browser doesn&#039;t support embedded videos, &lt;a href=\\&quot;{{src}}\\&quot;&gt; download &lt;\\\/a&gt; and watch with your favorite video player! &lt;\\\/video&gt;&quot;}},&quot;inView&quot;:false,&quot;email_subject&quot;:&quot;Check out this awesome image !!&quot;,&quot;email_message&quot;:&quot;Here is the link to the image : %%image_link%% and this is the link to the gallery : %%gallery_link%%&quot;,&quot;grid_type&quot;:&quot;2&quot;,&quot;rowHeight&quot;:0,&quot;lastRow&quot;:&quot;&quot;,&quot;lightbox&quot;:&quot;fancybox&quot;}\">\n\n\t<div class=\"modula-grid-sizer\"> <\/div>\n\t<div  class=\"modula-items grid-gallery\">\n\t\t<div class=\"modula-item effect-pufrobo\" >\n\t<div class=\"modula-item-overlay\"><\/div>\n\n\t<div class=\"modula-item-content\">\n\n\t\t<a data-image-id=\"1445\" role=\"button\" tabindex=\"0\" rel=\"jtg-1792\" data-caption=\"\" aria-label=\"Open image in lightbox\" class=\"tile-inner modula-item-link\"><\/a><img loading=\"lazy\" decoding=\"async\" class=\"pic wp-image-1445\"  data-valign=\"middle\" data-halign=\"center\" alt=\"\" data-full=\"https:\/\/www.anne-dasilva.com\/wp-content\/uploads\/IMAG0011-15.jpg\" title=\"IMAG0011 (15)\" crop=\"\" width=\"1920\" height=\"1080\" src=\"https:\/\/www.anne-dasilva.com\/wp-content\/uploads\/IMAG0011-15.jpg\" data-src=\"https:\/\/www.anne-dasilva.com\/wp-content\/uploads\/IMAG0011-15.jpg\" data-caption=\"\" srcset=\"https:\/\/www.anne-dasilva.com\/wp-content\/uploads\/IMAG0011-15.jpg 1920w, https:\/\/www.anne-dasilva.com\/wp-content\/uploads\/IMAG0011-15-300x169.jpg 300w, https:\/\/www.anne-dasilva.com\/wp-content\/uploads\/IMAG0011-15-700x394.jpg 700w, https:\/\/www.anne-dasilva.com\/wp-content\/uploads\/IMAG0011-15-768x432.jpg 768w, https:\/\/www.anne-dasilva.com\/wp-content\/uploads\/IMAG0011-15-1536x864.jpg 1536w, https:\/\/www.anne-dasilva.com\/wp-content\/uploads\/IMAG0011-15-800x450.jpg 800w\" sizes=\"auto, (max-width: 1920px) 100vw, 1920px\" \/>\n\t\t<div class=\"figc no-description\">\n\t\t\t<div class=\"figc-inner\">\n\t\t\t\t\t\t\t\t\t\t\t\t\t\t\t<\/div>\n\t\t<\/div>\n\n\t<\/div>\n\n<\/div><div class=\"modula-item effect-pufrobo\" >\n\t<div class=\"modula-item-overlay\"><\/div>\n\n\t<div class=\"modula-item-content\">\n\n\t\t<a data-image-id=\"537\" role=\"button\" tabindex=\"0\" rel=\"jtg-1792\" data-caption=\"\" aria-label=\"Open image in lightbox\" class=\"tile-inner modula-item-link\"><\/a><img loading=\"lazy\" decoding=\"async\" class=\"pic wp-image-537\"  data-valign=\"middle\" data-halign=\"center\" alt=\"\" data-full=\"https:\/\/www.anne-dasilva.com\/wp-content\/uploads\/2015-12-11-17.37.59.jpg\" title=\"visite de l&#039;exposition \u00e0 la lampe de poche\" crop=\"\" width=\"1025\" height=\"733\" src=\"https:\/\/www.anne-dasilva.com\/wp-content\/uploads\/2015-12-11-17.37.59.jpg\" data-src=\"https:\/\/www.anne-dasilva.com\/wp-content\/uploads\/2015-12-11-17.37.59.jpg\" data-caption=\"\" srcset=\"https:\/\/www.anne-dasilva.com\/wp-content\/uploads\/2015-12-11-17.37.59.jpg 1025w, https:\/\/www.anne-dasilva.com\/wp-content\/uploads\/2015-12-11-17.37.59-300x214.jpg 300w, https:\/\/www.anne-dasilva.com\/wp-content\/uploads\/2015-12-11-17.37.59-800x572.jpg 800w\" sizes=\"auto, (max-width: 1025px) 100vw, 1025px\" \/>\n\t\t<div class=\"figc no-description\">\n\t\t\t<div class=\"figc-inner\">\n\t\t\t\t\t\t\t\t\t\t\t\t\t\t\t<\/div>\n\t\t<\/div>\n\n\t<\/div>\n\n<\/div><div class=\"modula-item effect-pufrobo\" >\n\t<div class=\"modula-item-overlay\"><\/div>\n\n\t<div class=\"modula-item-content\">\n\n\t\t<a data-image-id=\"525\" role=\"button\" tabindex=\"0\" rel=\"jtg-1792\" data-caption=\"\" aria-label=\"Open image in lightbox\" class=\"tile-inner modula-item-link\"><\/a><img loading=\"lazy\" decoding=\"async\" class=\"pic wp-image-525\"  data-valign=\"middle\" data-halign=\"center\" alt=\"\" data-full=\"https:\/\/www.anne-dasilva.com\/wp-content\/uploads\/2015-12-11-17.30.56-copie.jpg\" title=\"visite de l&#039;exposition \u00e0 la lampe de poche\" crop=\"\" width=\"1025\" height=\"683\" src=\"https:\/\/www.anne-dasilva.com\/wp-content\/uploads\/2015-12-11-17.30.56-copie.jpg\" data-src=\"https:\/\/www.anne-dasilva.com\/wp-content\/uploads\/2015-12-11-17.30.56-copie.jpg\" data-caption=\"\" srcset=\"https:\/\/www.anne-dasilva.com\/wp-content\/uploads\/2015-12-11-17.30.56-copie.jpg 1025w, https:\/\/www.anne-dasilva.com\/wp-content\/uploads\/2015-12-11-17.30.56-copie-300x199.jpg 300w, https:\/\/www.anne-dasilva.com\/wp-content\/uploads\/2015-12-11-17.30.56-copie-800x533.jpg 800w\" sizes=\"auto, (max-width: 1025px) 100vw, 1025px\" \/>\n\t\t<div class=\"figc no-description\">\n\t\t\t<div class=\"figc-inner\">\n\t\t\t\t\t\t\t\t\t\t\t\t\t\t\t<\/div>\n\t\t<\/div>\n\n\t<\/div>\n\n<\/div><div class=\"modula-item effect-pufrobo\" >\n\t<div class=\"modula-item-overlay\"><\/div>\n\n\t<div class=\"modula-item-content\">\n\n\t\t<a data-image-id=\"535\" role=\"button\" tabindex=\"0\" rel=\"jtg-1792\" data-caption=\"\" aria-label=\"Open image in lightbox\" class=\"tile-inner modula-item-link\"><\/a><img loading=\"lazy\" decoding=\"async\" class=\"pic wp-image-535\"  data-valign=\"middle\" data-halign=\"center\" alt=\"\" data-full=\"https:\/\/www.anne-dasilva.com\/wp-content\/uploads\/2015-12-11-17.36.37-copie.jpg\" title=\"visite de l&#039;exposition \u00e0 la lampe de poche\" crop=\"\" width=\"1025\" height=\"1382\" src=\"https:\/\/www.anne-dasilva.com\/wp-content\/uploads\/2015-12-11-17.36.37-copie.jpg\" data-src=\"https:\/\/www.anne-dasilva.com\/wp-content\/uploads\/2015-12-11-17.36.37-copie.jpg\" data-caption=\"\" srcset=\"https:\/\/www.anne-dasilva.com\/wp-content\/uploads\/2015-12-11-17.36.37-copie.jpg 1025w, https:\/\/www.anne-dasilva.com\/wp-content\/uploads\/2015-12-11-17.36.37-copie-222x300.jpg 222w, https:\/\/www.anne-dasilva.com\/wp-content\/uploads\/2015-12-11-17.36.37-copie-800x1078.jpg 800w\" sizes=\"auto, (max-width: 1025px) 100vw, 1025px\" \/>\n\t\t<div class=\"figc no-description\">\n\t\t\t<div class=\"figc-inner\">\n\t\t\t\t\t\t\t\t\t\t\t\t\t\t\t<\/div>\n\t\t<\/div>\n\n\t<\/div>\n\n<\/div><div class=\"modula-item effect-pufrobo\" >\n\t<div class=\"modula-item-overlay\"><\/div>\n\n\t<div class=\"modula-item-content\">\n\n\t\t<a data-image-id=\"534\" role=\"button\" tabindex=\"0\" rel=\"jtg-1792\" data-caption=\"\" aria-label=\"Open image in lightbox\" class=\"tile-inner modula-item-link\"><\/a><img loading=\"lazy\" decoding=\"async\" class=\"pic wp-image-534\"  data-valign=\"middle\" data-halign=\"center\" alt=\"\" data-full=\"https:\/\/www.anne-dasilva.com\/wp-content\/uploads\/2015-12-11-17.36.09-copie.jpg\" title=\"visite de l&#039;exposition \u00e0 la lampe de poche\" crop=\"\" width=\"1025\" height=\"1700\" src=\"https:\/\/www.anne-dasilva.com\/wp-content\/uploads\/2015-12-11-17.36.09-copie.jpg\" data-src=\"https:\/\/www.anne-dasilva.com\/wp-content\/uploads\/2015-12-11-17.36.09-copie.jpg\" data-caption=\"\" srcset=\"https:\/\/www.anne-dasilva.com\/wp-content\/uploads\/2015-12-11-17.36.09-copie.jpg 1025w, https:\/\/www.anne-dasilva.com\/wp-content\/uploads\/2015-12-11-17.36.09-copie-180x300.jpg 180w, https:\/\/www.anne-dasilva.com\/wp-content\/uploads\/2015-12-11-17.36.09-copie-800x1326.jpg 800w\" sizes=\"auto, (max-width: 1025px) 100vw, 1025px\" \/>\n\t\t<div class=\"figc no-description\">\n\t\t\t<div class=\"figc-inner\">\n\t\t\t\t\t\t\t\t\t\t\t\t\t\t\t<\/div>\n\t\t<\/div>\n\n\t<\/div>\n\n<\/div>\t\t\n\t<\/div>\n\n\t\n\t\n\t<script type=\"application\/ld+json\">\n\t{\n\t\t\"@context\": \"http:\/\/schema.org\",\n\t\t\"@type\"   : \"ImageGallery\",\n\t\t\"id\"      : \"https:\/\/www.anne-dasilva.com\/?page_id=614\/\",\n\t\t\"url\"     : \"https:\/\/www.anne-dasilva.com\/?page_id=614\/\"\n\t}\n\n\t<\/script>\n\n\t\n<\/div>\n\n<p>&nbsp;<\/p>\n<p><span class=\"fontstyle0\">Pr\u00e9sent\u00e9e en 2016 au centre culturel des Mazades \u00e0 Toulouse, <\/span><span class=\"fontstyle2\">\u00ab\u00e7a\u00bb pousse <\/span><span class=\"fontstyle0\">est une installation visuelle et sonore. Les visiteurs sont convi\u00e9s \u00e0 d\u00e9ambuler, munis d\u2019une lampe de poche, dans une longue salle \u00e9troite (2m50x30m). Un monde \u00e0 la fronti\u00e8re de l\u2019animal et du v\u00e9g\u00e9tal peuple cet univers et se d\u00e9double en ombres mouvantes.<br \/>\nDes enregistrements subtils du corps en fonctionnement (souffle, circulation sanguine, fluides, salive, frottement&#8230;) propose un paysage sonore qui pourrait s\u2019apparenter \u00e0 celui d\u2019une promenade en for\u00eat ( collaboration: Jonathan Merlin ).<br \/>\n<\/span><span class=\"fontstyle2\">\u00ab\u00e7a\u00bb pousse <\/span><span class=\"fontstyle0\">est une installation qui joue sur la fronti\u00e8re entre les mondes, r\u00e9el et fantasm\u00e9, conscient et inconscient. Il y est question de cette exp\u00e9rience de l\u2019inqui\u00e9tante \u00e9tranget\u00e9 dont parle Freud, qui peut survenir face \u00e0 des situations ou des objets pourtant familiers o\u00f9 les choses semblent se d\u00e9doubler, o\u00f9 l\u2019inanim\u00e9 parait dou\u00e9 de vie.<\/span><\/p>\n<p>&nbsp;<\/p>\n","protected":false},"excerpt":{"rendered":"<p>&nbsp; Pr\u00e9sent\u00e9e en 2016 au centre culturel des Mazades \u00e0 Toulouse, \u00ab\u00e7a\u00bb pousse est une installation visuelle et sonore. Les visiteurs sont convi\u00e9s \u00e0 d\u00e9ambuler, munis d\u2019une lampe de poche, dans une longue salle \u00e9troite (2m50x30m). Un monde \u00e0 la fronti\u00e8re de l\u2019animal et du v\u00e9g\u00e9tal peuple cet univers et se d\u00e9double en ombres mouvantes&#8230;.<\/p>\n","protected":false},"author":1,"featured_media":0,"parent":0,"menu_order":0,"comment_status":"open","ping_status":"closed","template":"","meta":{"footnotes":""},"class_list":["post-614","page","type-page","status-publish","hentry"],"_links":{"self":[{"href":"https:\/\/www.anne-dasilva.com\/index.php?rest_route=\/wp\/v2\/pages\/614","targetHints":{"allow":["GET"]}}],"collection":[{"href":"https:\/\/www.anne-dasilva.com\/index.php?rest_route=\/wp\/v2\/pages"}],"about":[{"href":"https:\/\/www.anne-dasilva.com\/index.php?rest_route=\/wp\/v2\/types\/page"}],"author":[{"embeddable":true,"href":"https:\/\/www.anne-dasilva.com\/index.php?rest_route=\/wp\/v2\/users\/1"}],"replies":[{"embeddable":true,"href":"https:\/\/www.anne-dasilva.com\/index.php?rest_route=%2Fwp%2Fv2%2Fcomments&post=614"}],"version-history":[{"count":8,"href":"https:\/\/www.anne-dasilva.com\/index.php?rest_route=\/wp\/v2\/pages\/614\/revisions"}],"predecessor-version":[{"id":616,"href":"https:\/\/www.anne-dasilva.com\/index.php?rest_route=\/wp\/v2\/pages\/614\/revisions\/616"}],"wp:attachment":[{"href":"https:\/\/www.anne-dasilva.com\/index.php?rest_route=%2Fwp%2Fv2%2Fmedia&parent=614"}],"curies":[{"name":"wp","href":"https:\/\/api.w.org\/{rel}","templated":true}]}}