{"id":354,"date":"2014-09-29T10:08:11","date_gmt":"2014-09-29T09:08:11","guid":{"rendered":"http:\/\/www.anne-dasilva.com\/?page_id=354"},"modified":"2023-01-31T20:25:03","modified_gmt":"2023-01-31T19:25:03","slug":"354-2","status":"publish","type":"page","link":"https:\/\/www.anne-dasilva.com\/?page_id=354","title":{"rendered":"D\u00e9marche"},"content":{"rendered":"<p>&nbsp;<\/p>\n<p align=\"center\"><span style=\"font-family: Liberation Serif, serif;\"><span style=\"font-size: medium;\">Marcher lentement, r\u00e9emprunter les m\u00eames chemins.<\/span><\/span><\/p>\n<p align=\"center\"><span style=\"font-family: Liberation Serif, serif;\"><span style=\"font-size: medium;\">Fl\u00e2ner, observer, d\u00e9river.<\/span><\/span><\/p>\n<p align=\"center\"><span style=\"font-family: Liberation Serif, serif;\"><span style=\"font-size: medium;\">D\u00e9tailler les alentours, <\/span><\/span><\/p>\n<p align=\"center\"><span style=\"font-family: Liberation Serif, serif;\"><span style=\"font-size: medium;\">en conna\u00eetre les habitants et leurs cycles, les s\u00e9diments. <\/span><\/span><\/p>\n<p align=\"center\"><span style=\"font-family: Liberation Serif, serif;\"><span style=\"font-size: medium;\">D\u00e9placements, <\/span><\/span><\/p>\n<p align=\"center\"><span style=\"font-family: Liberation Serif, serif;\"><span style=\"font-size: medium;\">le dedans au-dehors, <\/span><\/span><\/p>\n<p align=\"center\"><span style=\"font-family: Liberation Serif, serif;\"><span style=\"font-size: medium;\">au dedans d\u2019un plus vaste que soi. <\/span><\/span><\/p>\n<p align=\"center\"><span style=\"font-family: Liberation Serif, serif;\"><span style=\"font-size: medium;\">Appartenir \u00e0 ce vivant-l\u00e0, <\/span><\/span><\/p>\n<p align=\"center\"><span style=\"font-family: Liberation Serif, serif;\"><span style=\"font-size: medium;\">entrelacs du corps et du monde, cohabitations multiples. <\/span><\/span><\/p>\n<p align=\"center\"><span style=\"font-family: Liberation Serif, serif;\"><span style=\"font-size: medium;\">Empi\u00e9tements.<\/span><\/span><\/p>\n<p>&nbsp;<\/p>\n<p><span style=\"font-family: Liberation Serif, serif;\"><span style=\"font-size: medium;\">Le travail artistique s\u2019ouvre avec la disponibilit\u00e9 \u00e0 rejoindre et se confondre \u00e0 l\u2019autour. <\/span><\/span><\/p>\n<p><span style=\"font-family: Liberation Serif, serif;\"><span style=\"font-size: medium;\">Nous sommes faits du monde, b\u00eates, cieux, cailloux, microbes, for\u00eats, et eaux mouvantes.<\/span><\/span><\/p>\n<p><span style=\"font-family: Liberation Serif, serif;\"><span style=\"font-size: medium;\">Il s\u2019agit pour moi, dans le travail d\u2019approche, de lectures, de recherches et d\u2019atelier, de guetter les appartenances communes entre humains et non-humains, les porosit\u00e9s de r\u00e8gnes, les r\u00e9cits \u00e0 multiples voix. <\/span><\/span><\/p>\n<p><span style=\"font-family: Liberation Serif, serif;\"><span style=\"font-size: medium;\">D\u00e9placer et multiplier les \u00ab\u00a0points de vies\u00a0\u00bb.<\/span><\/span><\/p>\n<p><span style=\"font-family: Liberation Serif, serif;\"><span style=\"font-size: medium;\">A travers mes sculptures, installations immersives ou \u00e9crits je convoque une po\u00e9tique de la parent\u00e9, et des itin\u00e9raires crois\u00e9s. Je guette les m\u00e9moires m\u00e9lang\u00e9es de l\u2019Homme et du monde organique, les continuit\u00e9s de formes, de mati\u00e8res et parfois de sons. <\/span><\/span><\/p>\n<p><span style=\"font-family: Liberation Serif, serif;\"><span style=\"font-size: medium;\">Je cherche, l\u00e0 o\u00f9 souvent notre quotidien nous s\u00e9pare, \u00e0 restaurer avec <\/span><span style=\"font-size: medium;\">le monde vivant <\/span><span style=\"font-size: medium;\">d<\/span><span style=\"font-size: medium;\">es ind\u00e9terminations, d<\/span><span style=\"font-size: medium;\">es cohabitations et des zones de partage.<\/span> <span style=\"font-size: medium;\">Je cherche <\/span><span style=\"font-size: medium;\">l\u2019exp\u00e9rience d\u2019un sol en commun, d\u2019une ascendance partag\u00e9e <\/span><span style=\"font-size: medium;\">et<\/span><span style=\"font-size: medium;\"> d\u2019un avenir li\u00e9.<\/span> <\/span><\/p>\n<p><span style=\"font-family: Liberation Serif, serif;\"><span style=\"font-size: medium;\">Pour ce faire, chaque projet est au long court et souvent composite. Il n\u00e9cessite de larges tranches de temps, des rencontres, collaborations, apprentissages de techniques, de savoirs faire et d\u2019histoires.<\/span><\/span><\/p>\n<p><span style=\"font-family: Liberation Serif, serif;\"><span style=\"font-size: medium;\">Le travail de la sculpture est central, il proc\u00e8de d\u2019un temps patient de transformation d\u2019une mati\u00e8re r\u00e9colt\u00e9e sur le terrain. Cuisson, trempage, suture, tannage \u2026 le geste artisan au service de l\u2019\u00e9mergence d\u2019une forme, d\u2019une structure d\u00e9j\u00e0 sugg\u00e9r\u00e9e par les propri\u00e9t\u00e9s des mat\u00e9riaux s\u00e9lectionn\u00e9s.<\/span><\/span><\/p>\n<p><span style=\"font-family: Liberation Serif, serif;\"><span style=\"font-size: medium;\">La mati\u00e8re devenant forme, elle stratifie de possibles histoires\/r\u00e9cits qui de longues dates se partagent, fa\u00e7onnant nos cultures. <\/span><\/span><\/p>\n","protected":false},"excerpt":{"rendered":"<p>&nbsp; Marcher lentement, r\u00e9emprunter les m\u00eames chemins. Fl\u00e2ner, observer, d\u00e9river. D\u00e9tailler les alentours, en conna\u00eetre les habitants et leurs cycles, les s\u00e9diments. D\u00e9placements, le dedans au-dehors, au dedans d\u2019un plus vaste que soi. Appartenir \u00e0 ce vivant-l\u00e0, entrelacs du corps et du monde, cohabitations multiples. Empi\u00e9tements. &nbsp; Le travail artistique s\u2019ouvre avec la disponibilit\u00e9 \u00e0&#8230;<\/p>\n","protected":false},"author":1,"featured_media":0,"parent":347,"menu_order":0,"comment_status":"closed","ping_status":"closed","template":"","meta":{"footnotes":""},"class_list":["post-354","page","type-page","status-publish","hentry"],"_links":{"self":[{"href":"https:\/\/www.anne-dasilva.com\/index.php?rest_route=\/wp\/v2\/pages\/354","targetHints":{"allow":["GET"]}}],"collection":[{"href":"https:\/\/www.anne-dasilva.com\/index.php?rest_route=\/wp\/v2\/pages"}],"about":[{"href":"https:\/\/www.anne-dasilva.com\/index.php?rest_route=\/wp\/v2\/types\/page"}],"author":[{"embeddable":true,"href":"https:\/\/www.anne-dasilva.com\/index.php?rest_route=\/wp\/v2\/users\/1"}],"replies":[{"embeddable":true,"href":"https:\/\/www.anne-dasilva.com\/index.php?rest_route=%2Fwp%2Fv2%2Fcomments&post=354"}],"version-history":[{"count":19,"href":"https:\/\/www.anne-dasilva.com\/index.php?rest_route=\/wp\/v2\/pages\/354\/revisions"}],"predecessor-version":[{"id":1882,"href":"https:\/\/www.anne-dasilva.com\/index.php?rest_route=\/wp\/v2\/pages\/354\/revisions\/1882"}],"up":[{"embeddable":true,"href":"https:\/\/www.anne-dasilva.com\/index.php?rest_route=\/wp\/v2\/pages\/347"}],"wp:attachment":[{"href":"https:\/\/www.anne-dasilva.com\/index.php?rest_route=%2Fwp%2Fv2%2Fmedia&parent=354"}],"curies":[{"name":"wp","href":"https:\/\/api.w.org\/{rel}","templated":true}]}}