{"id":349,"date":"2014-09-29T09:54:57","date_gmt":"2014-09-29T08:54:57","guid":{"rendered":"http:\/\/www.anne-dasilva.com\/?page_id=349"},"modified":"2014-09-29T09:58:29","modified_gmt":"2014-09-29T08:58:29","slug":"entretien","status":"publish","type":"page","link":"https:\/\/www.anne-dasilva.com\/?page_id=349","title":{"rendered":"Entretien"},"content":{"rendered":"<p>Entretien \u00e0 l\u2019occasion de l\u2019exposition \u00abjardins sensibles-jardins secrets\u00bb au domaine d\u00e9partemental de La Roche Jagu, \u00e9t\u00e9 2013.<\/p>\n<p><em>Vous dites que votre travail rel\u00e8ve non pas de l\u2019ordre de la raison, du concept mais de l\u2019\u00e9motion. Comment cela se traduit-il dans Les Nids\u00a0?<\/em><\/p>\n<p>Je ne parle pas, il me semble, directement d\u2019\u00e9motion pour mon travail, vous devez faire r\u00e9f\u00e9rence \u00e0 une citation de Louise Bourgeois que j\u2019utilise fr\u00e9quemment qui dit que ce qu\u2019elle cherche \u00e0 recr\u00e9er est une \u00e9motion et non pas une id\u00e9e ou une image. L\u2019\u00e9motion, si l\u2019on y parvient, doit \u00eatre pr\u00e9sente dans la r\u00e9ception de l\u2019\u0153uvre mais<br \/>\npas tellement au moment de sa cr\u00e9ation. Mon travail est intuitif, je me m\u00e9fie de l\u2019id\u00e9e qui pour moi est souvent un pi\u00e8ge, je cherche \u00e0 trouver ce qui m\u2019importe dans le geste et la mati\u00e8re, ou autrement dit dans la sensation. J\u2019ai commenc\u00e9 la s\u00e9rie des nids apr\u00e8s avoir ramen\u00e9 d\u2019une de mes balades une physalis dont la peau ajour\u00e9e laissait voir une fine dentelle de fibres et \u00e0 l\u2019int\u00e9rieur de cette cage ce fruit rouge-orange vif. Cette observation m\u2019a \u00e9mue et j\u2019ai commenc\u00e9 mes formes par la suite. Peu \u00e0 peu je me suis \u00e9loign\u00e9e de cette vision de d\u00e9part pour me laisser guider par la forme et la recherche de mati\u00e8res, d\u2019enveloppes. Un moment vient, plus tard, o\u00f9 le geste s\u2019\u00e9puise et d\u2019autres envies nous m\u00e8nent ailleurs&#8230; la s\u00e9rie s\u2019arr\u00eate alors.<\/p>\n<p><em>Vous le dites vous-m\u00eame, votre travail s\u2019ancre dans la patience, la r\u00e9p\u00e9tition parfois jusqu\u2019\u00e0 l\u2019obsession. <\/em><em>Que recherchez-vous \u00e0 travers ce proc\u00e9d\u00e9\u00a0?<\/em><\/p>\n<p>J\u2019ai toujours travaill\u00e9 dans la r\u00e9p\u00e9tition du geste. D\u2019abord la marche, puis la collecte et enfin la transformation.Ce qui me vient en premier pour expliquer cela est le c\u00f4t\u00e9 incantatoire de la r\u00e9p\u00e9tition. Dans celle ci l\u2019esprit s\u2019\u00e9gare il perd ses pistes et alors un autre mode d\u2019\u00eatre est possible, entre pr\u00e9sence et absence, o\u00f9 la relation \u00e0 ce qui est en pr\u00e9sence semble accrue et enti\u00e8re. Il n\u2019y a l\u00e0 quelque chose d\u2019un peu hypnotique o\u00f9 l\u2019habituelle ma\u00eetrise que l\u2019on op\u00e8re sur les choses est d\u00e9rout\u00e9e et o\u00f9 d\u2019autres correspondances peuvent alors avoir lieu.<br \/>\nA ce propos j\u2019ai lu dans un catalogue d\u2019exposition sur les pratiques textiles ces phrases l\u00e0\u00a0: \u00ab\u00a0les ouvrages de Dames g\u00e9n\u00e8rent une double conscience\u00a0: celle d\u2019un faire (&#8230;) machinal et rythmique, quasi incantatoire, qui d\u00e9clenche le flux d\u2019une deuxi\u00e8me pens\u00e9e toute int\u00e9rieure(&#8230;) Ils deviennent l\u2019alibi d\u2019une libert\u00e9 d\u00e9limit\u00e9 en soi\u00a0\u00bb.<br \/>\nIl me semble que l\u2019on peut retrouver dans les formes issues d\u2019un tel travail le trac\u00e9 de ces mouvements int\u00e9rieurs o\u00f9 le calme s\u2019est fait et o\u00f9 de nouvelles rencontres ont eu lieu.<\/p>\n<p><em>Afin de mieux comprendre votre cheminement artistique, pouvez-vous nous expliquer votre processus de cr\u00e9ation pour Les Cercles par exemple ?<\/em><\/p>\n<p>Les Cercles, un peu comme je l\u2019ai expliqu\u00e9 pour les Nids, a commenc\u00e9 avec l\u2019observation d\u2019une plante\u00a0: la monnaie du pape. Touch\u00e9e par sa l\u00e9g\u00e8ret\u00e9, sa transparence opaque, et parfois les petites graines prises entre deux \u00e9paisseurs de \u00ab\u00a0papier\u00a0\u00bb, j\u2019ai eu envie de chercher des mati\u00e8res capables de traduire les m\u00eames impressions. J\u2019ai donc commenc\u00e9 ainsi \u00e0 faire des cercles, m\u00e9langer des papiers, des v\u00e9g\u00e9taux, peindre un peu, \u00e9crire quelques<br \/>\nphrases. Une fois le travail commenc\u00e9 je me laisse faire, me laisse attirer par de nouvelles textures (peaux de poissons, algues, bas&#8230;). L\u00e0 encore, quand \u00e7a s\u2019\u00e9puise j\u2019arr\u00eate pour commencer autre chose.<\/p>\n<p>L<em>\u2019univers v\u00e9g\u00e9tal est omnipr\u00e9sent dans les th\u00e8mes et dans les mat\u00e9riaux utilis\u00e9s. Pourquoi avoir fait le choix de <\/em><em>n\u2019utiliser que des mati\u00e8res organiques\u00a0?<\/em><\/p>\n<p>Ce n\u2019est pas vraiment un choix et d\u2019ailleurs je n\u2019utilise pas exclusivement des mati\u00e8res organiques. J\u2019aime transformer les mati\u00e8res, j\u2019aime faire des essais, des tambouilles et \u00eatre surprise ou touch\u00e9e par ce que je trouve. La mati\u00e8re organique est in\u00e9puisable pour cela. Je trouve toujours de nouvelles textures, de petits d\u00e9tails, des formes, des attaches, des couleurs. Peut-\u00eatre parce que ce sont des mati\u00e8res vivantes ou ayant v\u00e9cues mais cela m\u2019inspire et me fascine car souvent \u00e7a parle tout seul<\/p>\n","protected":false},"excerpt":{"rendered":"<p>Entretien \u00e0 l\u2019occasion de l\u2019exposition \u00abjardins sensibles-jardins secrets\u00bb au domaine d\u00e9partemental de La Roche Jagu, \u00e9t\u00e9 2013. Vous dites que votre travail rel\u00e8ve non pas de l\u2019ordre de la raison, du concept mais de l\u2019\u00e9motion. Comment cela se traduit-il dans Les Nids\u00a0? Je ne parle pas, il me semble, directement d\u2019\u00e9motion pour mon travail, vous&#8230;<\/p>\n","protected":false},"author":1,"featured_media":0,"parent":347,"menu_order":0,"comment_status":"closed","ping_status":"closed","template":"","meta":{"footnotes":""},"class_list":["post-349","page","type-page","status-publish","hentry"],"_links":{"self":[{"href":"https:\/\/www.anne-dasilva.com\/index.php?rest_route=\/wp\/v2\/pages\/349","targetHints":{"allow":["GET"]}}],"collection":[{"href":"https:\/\/www.anne-dasilva.com\/index.php?rest_route=\/wp\/v2\/pages"}],"about":[{"href":"https:\/\/www.anne-dasilva.com\/index.php?rest_route=\/wp\/v2\/types\/page"}],"author":[{"embeddable":true,"href":"https:\/\/www.anne-dasilva.com\/index.php?rest_route=\/wp\/v2\/users\/1"}],"replies":[{"embeddable":true,"href":"https:\/\/www.anne-dasilva.com\/index.php?rest_route=%2Fwp%2Fv2%2Fcomments&post=349"}],"version-history":[{"count":3,"href":"https:\/\/www.anne-dasilva.com\/index.php?rest_route=\/wp\/v2\/pages\/349\/revisions"}],"predecessor-version":[{"id":352,"href":"https:\/\/www.anne-dasilva.com\/index.php?rest_route=\/wp\/v2\/pages\/349\/revisions\/352"}],"up":[{"embeddable":true,"href":"https:\/\/www.anne-dasilva.com\/index.php?rest_route=\/wp\/v2\/pages\/347"}],"wp:attachment":[{"href":"https:\/\/www.anne-dasilva.com\/index.php?rest_route=%2Fwp%2Fv2%2Fmedia&parent=349"}],"curies":[{"name":"wp","href":"https:\/\/api.w.org\/{rel}","templated":true}]}}