{"id":2150,"date":"2024-06-13T08:45:42","date_gmt":"2024-06-13T07:45:42","guid":{"rendered":"https:\/\/www.anne-dasilva.com\/?page_id=2150"},"modified":"2024-06-13T08:45:42","modified_gmt":"2024-06-13T07:45:42","slug":"solastalgie-hildegarde","status":"publish","type":"page","link":"https:\/\/www.anne-dasilva.com\/?page_id=2150","title":{"rendered":"Solastalgie-Hildegarde"},"content":{"rendered":"<div  id=\"jtg-2149\" class=\"modula modula-gallery modula-columns\" data-config=\"{&quot;tabletHeight&quot;:800,&quot;mobileHeight&quot;:800,&quot;desktopHeight&quot;:800,&quot;enableTwitter&quot;:false,&quot;enableWhatsapp&quot;:false,&quot;enableFacebook&quot;:false,&quot;enablePinterest&quot;:false,&quot;enableLinkedin&quot;:false,&quot;enableEmail&quot;:false,&quot;randomFactor&quot;:0.5,&quot;type&quot;:&quot;grid&quot;,&quot;columns&quot;:12,&quot;gutter&quot;:10,&quot;mobileGutter&quot;:10,&quot;tabletGutter&quot;:10,&quot;desktopGutter&quot;:10,&quot;enableResponsive&quot;:&quot;0&quot;,&quot;tabletColumns&quot;:2,&quot;mobileColumns&quot;:1,&quot;lazyLoad&quot;:0,&quot;lightboxOpts&quot;:{&quot;animated&quot;:true,&quot;Thumbs&quot;:{&quot;type&quot;:&quot;modern&quot;,&quot;showOnStart&quot;:false},&quot;Toolbar&quot;:{&quot;display&quot;:{&quot;right&quot;:[&quot;close&quot;]},&quot;enabled&quot;:true},&quot;Carousel&quot;:{&quot;Panzoom&quot;:{&quot;touch&quot;:true},&quot;infinite&quot;:false},&quot;keyboard&quot;:{&quot;Escape&quot;:&quot;close&quot;,&quot;Delete&quot;:&quot;close&quot;,&quot;Backspace&quot;:&quot;close&quot;,&quot;PageUp&quot;:false,&quot;PageDown&quot;:false,&quot;ArrowUp&quot;:false,&quot;ArrowDown&quot;:false,&quot;ArrowRight&quot;:false,&quot;ArrowLeft&quot;:false},&quot;touch&quot;:false,&quot;backdropClick&quot;:false,&quot;l10n&quot;:{&quot;CLOSE&quot;:&quot;Close&quot;,&quot;NEXT&quot;:&quot;Next&quot;,&quot;PREV&quot;:&quot;Previous&quot;,&quot;Error&quot;:&quot;The requested content cannot be loaded. Please try again later.&quot;,&quot;PLAY_START&quot;:&quot;Start slideshow&quot;,&quot;PLAY_STOP&quot;:&quot;Pause slideshow&quot;,&quot;FULL_SCREEN&quot;:&quot;Full screen&quot;,&quot;THUMBS&quot;:&quot;Thumbnails&quot;,&quot;DOWNLOAD&quot;:&quot;Download&quot;,&quot;SHARE&quot;:&quot;Share&quot;,&quot;ZOOM&quot;:&quot;Zoom&quot;,&quot;EMAIL&quot;:&quot;Here is the link to the image : %%image_link%% and this is the link to the gallery : %%gallery_link%%&quot;,&quot;MODAL&quot;:&quot;You can close this modal content with the ESC key&quot;,&quot;ERROR&quot;:&quot;Something Went Wrong, Please Try Again Later&quot;,&quot;IMAGE_ERROR&quot;:&quot;Image Not Found&quot;,&quot;ELEMENT_NOT_FOUND&quot;:&quot;HTML Element Not Found&quot;,&quot;AJAX_NOT_FOUND&quot;:&quot;Error Loading AJAX : Not Found&quot;,&quot;AJAX_FORBIDDEN&quot;:&quot;Error Loading AJAX : Forbidden&quot;,&quot;IFRAME_ERROR&quot;:&quot;Error Loading Page&quot;,&quot;TOGGLE_ZOOM&quot;:&quot;Toggle zoom level&quot;,&quot;TOGGLE_THUMBS&quot;:&quot;Toggle thumbnails&quot;,&quot;TOGGLE_SLIDESHOW&quot;:&quot;Toggle slideshow&quot;,&quot;TOGGLE_FULLSCREEN&quot;:&quot;Toggle full-screen mode&quot;},&quot;Images&quot;:{&quot;Panzoom&quot;:{&quot;maxScale&quot;:2}},&quot;mainClass&quot;:&quot;modula-fancybox-container modula-lightbox-jtg-2149&quot;,&quot;Html&quot;:{&quot;videoAutoplay&quot;:0,&quot;videoTpl&quot;:&quot;&lt;video class=\\&quot;fancybox__html5video\\&quot; controls muted playsinline controlsList controlsList=\\&quot;nodownload\\&quot; poster=\\&quot;{{poster}}\\&quot; src=\\&quot;{{src}}\\&quot; type=\\&quot;{{format}}\\&quot; &gt;  Sorry, your browser doesn&#039;t support embedded videos, &lt;a href=\\&quot;{{src}}\\&quot;&gt; download &lt;\\\/a&gt; and watch with your favorite video player! &lt;\\\/video&gt;&quot;}},&quot;inView&quot;:false,&quot;email_subject&quot;:&quot;Check out this awesome image !!&quot;,&quot;email_message&quot;:&quot;Here is the link to the image : %%image_link%% and this is the link to the gallery : %%gallery_link%%&quot;,&quot;grid_type&quot;:&quot;1&quot;,&quot;rowHeight&quot;:250,&quot;lastRow&quot;:&quot;justify&quot;,&quot;lightbox&quot;:&quot;fancybox&quot;}\">\n\n\t<div class=\"modula-grid-sizer\"> <\/div>\n\t<div  class=\"modula-items grid-gallery\">\n\t\t<div class=\"modula-item effect-pufrobo\" >\n\t<div class=\"modula-item-overlay\"><\/div>\n\n\t<div class=\"modula-item-content\">\n\n\t\t<a data-image-id=\"2127\" role=\"button\" tabindex=\"0\" rel=\"jtg-2149\" data-caption=\"\" aria-label=\"Open image in lightbox\" class=\"tile-inner modula-item-link\"><\/a><img loading=\"lazy\" decoding=\"async\" class=\"pic wp-image-2127\"  data-valign=\"middle\" data-halign=\"center\" alt=\"\" data-full=\"https:\/\/www.anne-dasilva.com\/wp-content\/uploads\/2-plaques.jpg\" title=\"2 plaques\" crop=\"\" width=\"700\" height=\"933\" src=\"https:\/\/www.anne-dasilva.com\/wp-content\/uploads\/2-plaques-700x933.jpg\" data-src=\"https:\/\/www.anne-dasilva.com\/wp-content\/uploads\/2-plaques-700x933.jpg\" data-caption=\"\" srcset=\"https:\/\/www.anne-dasilva.com\/wp-content\/uploads\/2-plaques.jpg 1500w, https:\/\/www.anne-dasilva.com\/wp-content\/uploads\/2-plaques-225x300.jpg 225w, https:\/\/www.anne-dasilva.com\/wp-content\/uploads\/2-plaques-700x933.jpg 700w, https:\/\/www.anne-dasilva.com\/wp-content\/uploads\/2-plaques-768x1024.jpg 768w, https:\/\/www.anne-dasilva.com\/wp-content\/uploads\/2-plaques-1152x1536.jpg 1152w, https:\/\/www.anne-dasilva.com\/wp-content\/uploads\/2-plaques-800x1067.jpg 800w\" sizes=\"auto, (max-width: 700px) 100vw, 700px\" \/>\n\t\t<div class=\"figc no-description\">\n\t\t\t<div class=\"figc-inner\">\n\t\t\t\t\t\t\t\t\t\t\t\t\t\t\t<\/div>\n\t\t<\/div>\n\n\t<\/div>\n\n<\/div><div class=\"modula-item effect-pufrobo\" >\n\t<div class=\"modula-item-overlay\"><\/div>\n\n\t<div class=\"modula-item-content\">\n\n\t\t<a data-image-id=\"2143\" role=\"button\" tabindex=\"0\" rel=\"jtg-2149\" data-caption=\"\" aria-label=\"Open image in lightbox\" class=\"tile-inner modula-item-link\"><\/a><img loading=\"lazy\" decoding=\"async\" class=\"pic wp-image-2143\"  data-valign=\"middle\" data-halign=\"center\" alt=\"\" data-full=\"https:\/\/www.anne-dasilva.com\/wp-content\/uploads\/4-1.jpg\" title=\"4\" crop=\"\" width=\"700\" height=\"1050\" src=\"https:\/\/www.anne-dasilva.com\/wp-content\/uploads\/4-1-700x1050.jpg\" data-src=\"https:\/\/www.anne-dasilva.com\/wp-content\/uploads\/4-1-700x1050.jpg\" data-caption=\"\" srcset=\"https:\/\/www.anne-dasilva.com\/wp-content\/uploads\/4-1.jpg 1333w, https:\/\/www.anne-dasilva.com\/wp-content\/uploads\/4-1-200x300.jpg 200w, https:\/\/www.anne-dasilva.com\/wp-content\/uploads\/4-1-700x1050.jpg 700w, https:\/\/www.anne-dasilva.com\/wp-content\/uploads\/4-1-768x1152.jpg 768w, https:\/\/www.anne-dasilva.com\/wp-content\/uploads\/4-1-1024x1536.jpg 1024w, https:\/\/www.anne-dasilva.com\/wp-content\/uploads\/4-1-800x1200.jpg 800w\" sizes=\"auto, (max-width: 700px) 100vw, 700px\" \/>\n\t\t<div class=\"figc no-description\">\n\t\t\t<div class=\"figc-inner\">\n\t\t\t\t\t\t\t\t\t\t\t\t\t\t\t<\/div>\n\t\t<\/div>\n\n\t<\/div>\n\n<\/div><div class=\"modula-item effect-pufrobo\" >\n\t<div class=\"modula-item-overlay\"><\/div>\n\n\t<div class=\"modula-item-content\">\n\n\t\t<a data-image-id=\"2148\" role=\"button\" tabindex=\"0\" rel=\"jtg-2149\" data-caption=\"\" aria-label=\"Open image in lightbox\" class=\"tile-inner modula-item-link\"><\/a><img loading=\"lazy\" decoding=\"async\" class=\"pic wp-image-2148\"  data-valign=\"middle\" data-halign=\"center\" alt=\"\" data-full=\"https:\/\/www.anne-dasilva.com\/wp-content\/uploads\/10-1.jpg\" title=\"10\" crop=\"\" width=\"700\" height=\"1050\" src=\"https:\/\/www.anne-dasilva.com\/wp-content\/uploads\/10-1-700x1050.jpg\" data-src=\"https:\/\/www.anne-dasilva.com\/wp-content\/uploads\/10-1-700x1050.jpg\" data-caption=\"\" srcset=\"https:\/\/www.anne-dasilva.com\/wp-content\/uploads\/10-1.jpg 1333w, https:\/\/www.anne-dasilva.com\/wp-content\/uploads\/10-1-200x300.jpg 200w, https:\/\/www.anne-dasilva.com\/wp-content\/uploads\/10-1-700x1050.jpg 700w, https:\/\/www.anne-dasilva.com\/wp-content\/uploads\/10-1-768x1152.jpg 768w, https:\/\/www.anne-dasilva.com\/wp-content\/uploads\/10-1-1024x1536.jpg 1024w, https:\/\/www.anne-dasilva.com\/wp-content\/uploads\/10-1-800x1200.jpg 800w\" sizes=\"auto, (max-width: 700px) 100vw, 700px\" \/>\n\t\t<div class=\"figc no-description\">\n\t\t\t<div class=\"figc-inner\">\n\t\t\t\t\t\t\t\t\t\t\t\t\t\t\t<\/div>\n\t\t<\/div>\n\n\t<\/div>\n\n<\/div><div class=\"modula-item effect-pufrobo\" >\n\t<div class=\"modula-item-overlay\"><\/div>\n\n\t<div class=\"modula-item-content\">\n\n\t\t<a data-image-id=\"2145\" role=\"button\" tabindex=\"0\" rel=\"jtg-2149\" data-caption=\"\" aria-label=\"Open image in lightbox\" class=\"tile-inner modula-item-link\"><\/a><img loading=\"lazy\" decoding=\"async\" class=\"pic wp-image-2145\"  data-valign=\"middle\" data-halign=\"center\" alt=\"\" data-full=\"https:\/\/www.anne-dasilva.com\/wp-content\/uploads\/6.jpg\" title=\"6\" crop=\"\" width=\"700\" height=\"571\" src=\"https:\/\/www.anne-dasilva.com\/wp-content\/uploads\/6-700x571.jpg\" data-src=\"https:\/\/www.anne-dasilva.com\/wp-content\/uploads\/6-700x571.jpg\" data-caption=\"\" srcset=\"https:\/\/www.anne-dasilva.com\/wp-content\/uploads\/6.jpg 1122w, https:\/\/www.anne-dasilva.com\/wp-content\/uploads\/6-300x245.jpg 300w, https:\/\/www.anne-dasilva.com\/wp-content\/uploads\/6-700x571.jpg 700w, https:\/\/www.anne-dasilva.com\/wp-content\/uploads\/6-768x626.jpg 768w, https:\/\/www.anne-dasilva.com\/wp-content\/uploads\/6-800x652.jpg 800w\" sizes=\"auto, (max-width: 700px) 100vw, 700px\" \/>\n\t\t<div class=\"figc no-description\">\n\t\t\t<div class=\"figc-inner\">\n\t\t\t\t\t\t\t\t\t\t\t\t\t\t\t<\/div>\n\t\t<\/div>\n\n\t<\/div>\n\n<\/div><div class=\"modula-item effect-pufrobo\" >\n\t<div class=\"modula-item-overlay\"><\/div>\n\n\t<div class=\"modula-item-content\">\n\n\t\t<a data-image-id=\"2126\" role=\"button\" tabindex=\"0\" rel=\"jtg-2149\" data-caption=\"\" aria-label=\"Open image in lightbox\" class=\"tile-inner modula-item-link\"><\/a><img loading=\"lazy\" decoding=\"async\" class=\"pic wp-image-2126\"  data-valign=\"middle\" data-halign=\"center\" alt=\"\" data-full=\"https:\/\/www.anne-dasilva.com\/wp-content\/uploads\/detail-rouge-2.jpg\" title=\"d\u00e9tail rouge 2\" crop=\"\" width=\"700\" height=\"933\" src=\"https:\/\/www.anne-dasilva.com\/wp-content\/uploads\/detail-rouge-2-700x933.jpg\" data-src=\"https:\/\/www.anne-dasilva.com\/wp-content\/uploads\/detail-rouge-2-700x933.jpg\" data-caption=\"\" srcset=\"https:\/\/www.anne-dasilva.com\/wp-content\/uploads\/detail-rouge-2-scaled.jpg 1920w, https:\/\/www.anne-dasilva.com\/wp-content\/uploads\/detail-rouge-2-225x300.jpg 225w, https:\/\/www.anne-dasilva.com\/wp-content\/uploads\/detail-rouge-2-scaled-700x933.jpg 700w, https:\/\/www.anne-dasilva.com\/wp-content\/uploads\/detail-rouge-2-768x1024.jpg 768w, https:\/\/www.anne-dasilva.com\/wp-content\/uploads\/detail-rouge-2-1152x1536.jpg 1152w, https:\/\/www.anne-dasilva.com\/wp-content\/uploads\/detail-rouge-2-1536x2048.jpg 1536w, https:\/\/www.anne-dasilva.com\/wp-content\/uploads\/detail-rouge-2-800x1067.jpg 800w\" sizes=\"auto, (max-width: 700px) 100vw, 700px\" \/>\n\t\t<div class=\"figc no-description\">\n\t\t\t<div class=\"figc-inner\">\n\t\t\t\t\t\t\t\t\t\t\t\t\t\t\t<\/div>\n\t\t<\/div>\n\n\t<\/div>\n\n<\/div><div class=\"modula-item effect-pufrobo\" >\n\t<div class=\"modula-item-overlay\"><\/div>\n\n\t<div class=\"modula-item-content\">\n\n\t\t<a data-image-id=\"2142\" role=\"button\" tabindex=\"0\" rel=\"jtg-2149\" data-caption=\"\" aria-label=\"Open image in lightbox\" class=\"tile-inner modula-item-link\"><\/a><img loading=\"lazy\" decoding=\"async\" class=\"pic wp-image-2142\"  data-valign=\"middle\" data-halign=\"center\" alt=\"\" data-full=\"https:\/\/www.anne-dasilva.com\/wp-content\/uploads\/3-1.jpg\" title=\"3\" crop=\"\" width=\"700\" height=\"1050\" src=\"https:\/\/www.anne-dasilva.com\/wp-content\/uploads\/3-1-700x1050.jpg\" data-src=\"https:\/\/www.anne-dasilva.com\/wp-content\/uploads\/3-1-700x1050.jpg\" data-caption=\"\" srcset=\"https:\/\/www.anne-dasilva.com\/wp-content\/uploads\/3-1.jpg 1333w, https:\/\/www.anne-dasilva.com\/wp-content\/uploads\/3-1-200x300.jpg 200w, https:\/\/www.anne-dasilva.com\/wp-content\/uploads\/3-1-700x1050.jpg 700w, https:\/\/www.anne-dasilva.com\/wp-content\/uploads\/3-1-768x1152.jpg 768w, https:\/\/www.anne-dasilva.com\/wp-content\/uploads\/3-1-1024x1536.jpg 1024w, https:\/\/www.anne-dasilva.com\/wp-content\/uploads\/3-1-800x1200.jpg 800w\" sizes=\"auto, (max-width: 700px) 100vw, 700px\" \/>\n\t\t<div class=\"figc no-description\">\n\t\t\t<div class=\"figc-inner\">\n\t\t\t\t\t\t\t\t\t\t\t\t\t\t\t<\/div>\n\t\t<\/div>\n\n\t<\/div>\n\n<\/div><div class=\"modula-item effect-pufrobo\" >\n\t<div class=\"modula-item-overlay\"><\/div>\n\n\t<div class=\"modula-item-content\">\n\n\t\t<a data-image-id=\"2130\" role=\"button\" tabindex=\"0\" rel=\"jtg-2149\" data-caption=\"\" aria-label=\"Open image in lightbox\" class=\"tile-inner modula-item-link\"><\/a><img loading=\"lazy\" decoding=\"async\" class=\"pic wp-image-2130\"  data-valign=\"middle\" data-halign=\"center\" alt=\"\" data-full=\"https:\/\/www.anne-dasilva.com\/wp-content\/uploads\/ensemble-rouge.jpg\" title=\"ensemble rouge\" crop=\"\" width=\"700\" height=\"1050\" src=\"https:\/\/www.anne-dasilva.com\/wp-content\/uploads\/ensemble-rouge-700x1050.jpg\" data-src=\"https:\/\/www.anne-dasilva.com\/wp-content\/uploads\/ensemble-rouge-700x1050.jpg\" data-caption=\"\" srcset=\"https:\/\/www.anne-dasilva.com\/wp-content\/uploads\/ensemble-rouge.jpg 1333w, https:\/\/www.anne-dasilva.com\/wp-content\/uploads\/ensemble-rouge-200x300.jpg 200w, https:\/\/www.anne-dasilva.com\/wp-content\/uploads\/ensemble-rouge-700x1050.jpg 700w, https:\/\/www.anne-dasilva.com\/wp-content\/uploads\/ensemble-rouge-768x1152.jpg 768w, https:\/\/www.anne-dasilva.com\/wp-content\/uploads\/ensemble-rouge-1024x1536.jpg 1024w, https:\/\/www.anne-dasilva.com\/wp-content\/uploads\/ensemble-rouge-800x1200.jpg 800w\" sizes=\"auto, (max-width: 700px) 100vw, 700px\" \/>\n\t\t<div class=\"figc no-description\">\n\t\t\t<div class=\"figc-inner\">\n\t\t\t\t\t\t\t\t\t\t\t\t\t\t\t<\/div>\n\t\t<\/div>\n\n\t<\/div>\n\n<\/div><div class=\"modula-item effect-pufrobo\" >\n\t<div class=\"modula-item-overlay\"><\/div>\n\n\t<div class=\"modula-item-content\">\n\n\t\t<a data-image-id=\"2146\" role=\"button\" tabindex=\"0\" rel=\"jtg-2149\" data-caption=\"\" aria-label=\"Open image in lightbox\" class=\"tile-inner modula-item-link\"><\/a><img loading=\"lazy\" decoding=\"async\" class=\"pic wp-image-2146\"  data-valign=\"middle\" data-halign=\"center\" alt=\"\" data-full=\"https:\/\/www.anne-dasilva.com\/wp-content\/uploads\/7.jpg\" title=\"7\" crop=\"\" width=\"700\" height=\"1050\" src=\"https:\/\/www.anne-dasilva.com\/wp-content\/uploads\/7-700x1050.jpg\" data-src=\"https:\/\/www.anne-dasilva.com\/wp-content\/uploads\/7-700x1050.jpg\" data-caption=\"\" srcset=\"https:\/\/www.anne-dasilva.com\/wp-content\/uploads\/7.jpg 1333w, https:\/\/www.anne-dasilva.com\/wp-content\/uploads\/7-200x300.jpg 200w, https:\/\/www.anne-dasilva.com\/wp-content\/uploads\/7-700x1050.jpg 700w, https:\/\/www.anne-dasilva.com\/wp-content\/uploads\/7-768x1152.jpg 768w, https:\/\/www.anne-dasilva.com\/wp-content\/uploads\/7-1024x1536.jpg 1024w, https:\/\/www.anne-dasilva.com\/wp-content\/uploads\/7-800x1200.jpg 800w\" sizes=\"auto, (max-width: 700px) 100vw, 700px\" \/>\n\t\t<div class=\"figc no-description\">\n\t\t\t<div class=\"figc-inner\">\n\t\t\t\t\t\t\t\t\t\t\t\t\t\t\t<\/div>\n\t\t<\/div>\n\n\t<\/div>\n\n<\/div><div class=\"modula-item effect-pufrobo\" >\n\t<div class=\"modula-item-overlay\"><\/div>\n\n\t<div class=\"modula-item-content\">\n\n\t\t<a data-image-id=\"2144\" role=\"button\" tabindex=\"0\" rel=\"jtg-2149\" data-caption=\"\" aria-label=\"Open image in lightbox\" class=\"tile-inner modula-item-link\"><\/a><img loading=\"lazy\" decoding=\"async\" class=\"pic wp-image-2144\"  data-valign=\"middle\" data-halign=\"center\" alt=\"\" data-full=\"https:\/\/www.anne-dasilva.com\/wp-content\/uploads\/5.jpg\" title=\"5\" crop=\"\" width=\"700\" height=\"1050\" src=\"https:\/\/www.anne-dasilva.com\/wp-content\/uploads\/5-700x1050.jpg\" data-src=\"https:\/\/www.anne-dasilva.com\/wp-content\/uploads\/5-700x1050.jpg\" data-caption=\"\" srcset=\"https:\/\/www.anne-dasilva.com\/wp-content\/uploads\/5.jpg 1333w, https:\/\/www.anne-dasilva.com\/wp-content\/uploads\/5-200x300.jpg 200w, https:\/\/www.anne-dasilva.com\/wp-content\/uploads\/5-700x1050.jpg 700w, https:\/\/www.anne-dasilva.com\/wp-content\/uploads\/5-768x1152.jpg 768w, https:\/\/www.anne-dasilva.com\/wp-content\/uploads\/5-1024x1536.jpg 1024w, https:\/\/www.anne-dasilva.com\/wp-content\/uploads\/5-800x1200.jpg 800w\" sizes=\"auto, (max-width: 700px) 100vw, 700px\" \/>\n\t\t<div class=\"figc no-description\">\n\t\t\t<div class=\"figc-inner\">\n\t\t\t\t\t\t\t\t\t\t\t\t\t\t\t<\/div>\n\t\t<\/div>\n\n\t<\/div>\n\n<\/div><div class=\"modula-item effect-pufrobo\" >\n\t<div class=\"modula-item-overlay\"><\/div>\n\n\t<div class=\"modula-item-content\">\n\n\t\t<a data-image-id=\"2131\" role=\"button\" tabindex=\"0\" rel=\"jtg-2149\" data-caption=\"\" aria-label=\"Open image in lightbox\" class=\"tile-inner modula-item-link\"><\/a><img loading=\"lazy\" decoding=\"async\" class=\"pic wp-image-2131\"  data-valign=\"middle\" data-halign=\"center\" alt=\"\" data-full=\"https:\/\/www.anne-dasilva.com\/wp-content\/uploads\/IMG_6821-1.jpg\" title=\"IMG_6821 (1)\" crop=\"\" width=\"700\" height=\"1050\" src=\"https:\/\/www.anne-dasilva.com\/wp-content\/uploads\/IMG_6821-1-700x1050.jpg\" data-src=\"https:\/\/www.anne-dasilva.com\/wp-content\/uploads\/IMG_6821-1-700x1050.jpg\" data-caption=\"\" srcset=\"https:\/\/www.anne-dasilva.com\/wp-content\/uploads\/IMG_6821-1.jpg 1333w, https:\/\/www.anne-dasilva.com\/wp-content\/uploads\/IMG_6821-1-200x300.jpg 200w, https:\/\/www.anne-dasilva.com\/wp-content\/uploads\/IMG_6821-1-700x1050.jpg 700w, https:\/\/www.anne-dasilva.com\/wp-content\/uploads\/IMG_6821-1-768x1152.jpg 768w, https:\/\/www.anne-dasilva.com\/wp-content\/uploads\/IMG_6821-1-1024x1536.jpg 1024w, https:\/\/www.anne-dasilva.com\/wp-content\/uploads\/IMG_6821-1-800x1200.jpg 800w\" sizes=\"auto, (max-width: 700px) 100vw, 700px\" \/>\n\t\t<div class=\"figc no-description\">\n\t\t\t<div class=\"figc-inner\">\n\t\t\t\t\t\t\t\t\t\t\t\t\t\t\t<\/div>\n\t\t<\/div>\n\n\t<\/div>\n\n<\/div>\t\t\n\t<\/div>\n\n\t\n\t\n\t<script type=\"application\/ld+json\">\n\t{\n\t\t\"@context\": \"https:\/\/schema.org\",\n\t\t\"@type\"   : \"ImageGallery\",\n\t\t\"id\"      : \"https:\/\/www.anne-dasilva.com\/?page_id=2150\/#modula-gallery-2149\",\n\t\t\"url\"     : \"https:\/\/www.anne-dasilva.com\/?page_id=2150\/\"\n\t}\n\n\t<\/script>\n\n\t\n<\/div>\n\n<p>Cette sculpture, compos\u00e9e de plantes m\u00e9dicinales et aromatiques, en gr\u00e8s et<br \/>\nporcelaine \u00e9maill\u00e9s sur plaque de lave est une r\u00e9f\u00e9rence \u00e0 Hildegarde de Bingen,<br \/>\nmoniale et mystique, consid\u00e9r\u00e9e comme la premi\u00e8re naturaliste d\u2019Allemagne.<\/p>\n<p>La solastalgie d\u00e9signe un sentiment de nostalgie et de douleur \u00e9prouv\u00e9 face \u00e0 la transformation du monde du fait des bouleversements environnementaux. C\u2019est une<br \/>\ntristesse ressentie alors que l\u2019on observe le monde s\u2019\u00e9puiser, la disparition des esp\u00e8ces, les paysages se transformer.<br \/>\nCe travail d\u2019alliance entre pierre de lave, \u00e9mail et c\u00e9ramique, prolonge un geste r\u00e9current dans ma pratique qui consiste \u00e0 enregistrer les formes d\u2019un monde vivant en<br \/>\nrar\u00e9faction. Empruntant les principes de la fossilisation je d\u00e9veloppe des sortes d\u2019herbiers min\u00e9raux dans un langage plastique qui \u00e9voque l\u2019art fun\u00e9raire.<\/p>\n","protected":false},"excerpt":{"rendered":"<p>Cette sculpture, compos\u00e9e de plantes m\u00e9dicinales et aromatiques, en gr\u00e8s et porcelaine \u00e9maill\u00e9s sur plaque de lave est une r\u00e9f\u00e9rence \u00e0 Hildegarde de Bingen, moniale et mystique, consid\u00e9r\u00e9e comme la premi\u00e8re naturaliste d\u2019Allemagne. La solastalgie d\u00e9signe un sentiment de nostalgie et de douleur \u00e9prouv\u00e9 face \u00e0 la transformation du monde du fait des bouleversements environnementaux&#8230;.<\/p>\n","protected":false},"author":1,"featured_media":0,"parent":0,"menu_order":0,"comment_status":"closed","ping_status":"closed","template":"","meta":{"footnotes":""},"class_list":["post-2150","page","type-page","status-publish","hentry"],"_links":{"self":[{"href":"https:\/\/www.anne-dasilva.com\/index.php?rest_route=\/wp\/v2\/pages\/2150","targetHints":{"allow":["GET"]}}],"collection":[{"href":"https:\/\/www.anne-dasilva.com\/index.php?rest_route=\/wp\/v2\/pages"}],"about":[{"href":"https:\/\/www.anne-dasilva.com\/index.php?rest_route=\/wp\/v2\/types\/page"}],"author":[{"embeddable":true,"href":"https:\/\/www.anne-dasilva.com\/index.php?rest_route=\/wp\/v2\/users\/1"}],"replies":[{"embeddable":true,"href":"https:\/\/www.anne-dasilva.com\/index.php?rest_route=%2Fwp%2Fv2%2Fcomments&post=2150"}],"version-history":[{"count":1,"href":"https:\/\/www.anne-dasilva.com\/index.php?rest_route=\/wp\/v2\/pages\/2150\/revisions"}],"predecessor-version":[{"id":2151,"href":"https:\/\/www.anne-dasilva.com\/index.php?rest_route=\/wp\/v2\/pages\/2150\/revisions\/2151"}],"wp:attachment":[{"href":"https:\/\/www.anne-dasilva.com\/index.php?rest_route=%2Fwp%2Fv2%2Fmedia&parent=2150"}],"curies":[{"name":"wp","href":"https:\/\/api.w.org\/{rel}","templated":true}]}}