{"id":1839,"date":"2022-11-05T11:06:59","date_gmt":"2022-11-05T10:06:59","guid":{"rendered":"https:\/\/www.anne-dasilva.com\/?page_id=1839"},"modified":"2022-11-05T11:07:15","modified_gmt":"2022-11-05T10:07:15","slug":"decalage-dans-le-paysage-petits-jeux-darpentages","status":"publish","type":"page","link":"https:\/\/www.anne-dasilva.com\/?page_id=1839","title":{"rendered":"D\u00e9calage dans le paysage, petits jeux d&rsquo;arpentages"},"content":{"rendered":"<div  id=\"jtg-1824\" class=\"modula modula-gallery modula-columns\" data-config=\"{&quot;tabletHeight&quot;:0,&quot;mobileHeight&quot;:0,&quot;desktopHeight&quot;:0,&quot;enableTwitter&quot;:false,&quot;enableWhatsapp&quot;:false,&quot;enableFacebook&quot;:false,&quot;enablePinterest&quot;:false,&quot;enableLinkedin&quot;:false,&quot;enableEmail&quot;:false,&quot;randomFactor&quot;:0,&quot;type&quot;:&quot;grid&quot;,&quot;columns&quot;:12,&quot;gutter&quot;:10,&quot;mobileGutter&quot;:10,&quot;tabletGutter&quot;:10,&quot;desktopGutter&quot;:10,&quot;enableResponsive&quot;:&quot;0&quot;,&quot;tabletColumns&quot;:&quot;2&quot;,&quot;mobileColumns&quot;:&quot;1&quot;,&quot;lazyLoad&quot;:0,&quot;lightboxOpts&quot;:{&quot;animated&quot;:true,&quot;Thumbs&quot;:{&quot;type&quot;:&quot;modern&quot;,&quot;showOnStart&quot;:false},&quot;Toolbar&quot;:{&quot;display&quot;:{&quot;right&quot;:[&quot;close&quot;]},&quot;enabled&quot;:true},&quot;Carousel&quot;:{&quot;Panzoom&quot;:{&quot;touch&quot;:true},&quot;infinite&quot;:false},&quot;keyboard&quot;:{&quot;Escape&quot;:&quot;close&quot;,&quot;Delete&quot;:&quot;close&quot;,&quot;Backspace&quot;:&quot;close&quot;,&quot;PageUp&quot;:false,&quot;PageDown&quot;:false,&quot;ArrowUp&quot;:false,&quot;ArrowDown&quot;:false,&quot;ArrowRight&quot;:false,&quot;ArrowLeft&quot;:false},&quot;touch&quot;:false,&quot;backdropClick&quot;:false,&quot;l10n&quot;:{&quot;CLOSE&quot;:&quot;Close&quot;,&quot;NEXT&quot;:&quot;Next&quot;,&quot;PREV&quot;:&quot;Previous&quot;,&quot;Error&quot;:&quot;The requested content cannot be loaded. Please try again later.&quot;,&quot;PLAY_START&quot;:&quot;Start slideshow&quot;,&quot;PLAY_STOP&quot;:&quot;Pause slideshow&quot;,&quot;FULL_SCREEN&quot;:&quot;Full screen&quot;,&quot;THUMBS&quot;:&quot;Thumbnails&quot;,&quot;DOWNLOAD&quot;:&quot;Download&quot;,&quot;SHARE&quot;:&quot;Share&quot;,&quot;ZOOM&quot;:&quot;Zoom&quot;,&quot;EMAIL&quot;:&quot;Here is the link to the image : %%image_link%% and this is the link to the gallery : %%gallery_link%%&quot;,&quot;MODAL&quot;:&quot;You can close this modal content with the ESC key&quot;,&quot;ERROR&quot;:&quot;Something Went Wrong, Please Try Again Later&quot;,&quot;IMAGE_ERROR&quot;:&quot;Image Not Found&quot;,&quot;ELEMENT_NOT_FOUND&quot;:&quot;HTML Element Not Found&quot;,&quot;AJAX_NOT_FOUND&quot;:&quot;Error Loading AJAX : Not Found&quot;,&quot;AJAX_FORBIDDEN&quot;:&quot;Error Loading AJAX : Forbidden&quot;,&quot;IFRAME_ERROR&quot;:&quot;Error Loading Page&quot;,&quot;TOGGLE_ZOOM&quot;:&quot;Toggle zoom level&quot;,&quot;TOGGLE_THUMBS&quot;:&quot;Toggle thumbnails&quot;,&quot;TOGGLE_SLIDESHOW&quot;:&quot;Toggle slideshow&quot;,&quot;TOGGLE_FULLSCREEN&quot;:&quot;Toggle full-screen mode&quot;},&quot;Images&quot;:{&quot;Panzoom&quot;:{&quot;maxScale&quot;:2}},&quot;mainClass&quot;:&quot;modula-fancybox-container modula-lightbox-jtg-1824&quot;,&quot;Html&quot;:{&quot;videoAutoplay&quot;:0,&quot;videoTpl&quot;:&quot;&lt;video class=\\&quot;fancybox__html5video\\&quot; controls muted playsinline controlsList controlsList=\\&quot;nodownload\\&quot; poster=\\&quot;{{poster}}\\&quot; src=\\&quot;{{src}}\\&quot; type=\\&quot;{{format}}\\&quot; &gt;  Sorry, your browser doesn&#039;t support embedded videos, &lt;a href=\\&quot;{{src}}\\&quot;&gt; download &lt;\\\/a&gt; and watch with your favorite video player! &lt;\\\/video&gt;&quot;}},&quot;inView&quot;:false,&quot;email_subject&quot;:&quot;Check out this awesome image !!&quot;,&quot;email_message&quot;:&quot;Here is the link to the image : %%image_link%% and this is the link to the gallery : %%gallery_link%%&quot;,&quot;grid_type&quot;:&quot;3&quot;,&quot;rowHeight&quot;:0,&quot;lastRow&quot;:&quot;&quot;,&quot;lightbox&quot;:&quot;fancybox&quot;}\">\n\n\t<div class=\"modula-grid-sizer\"> <\/div>\n\t<div  class=\"modula-items grid-gallery\">\n\t\t<div class=\"modula-item effect-pufrobo\" >\n\t<div class=\"modula-item-overlay\"><\/div>\n\n\t<div class=\"modula-item-content\">\n\n\t\t<a data-image-id=\"1826\" role=\"button\" tabindex=\"0\" rel=\"jtg-1824\" data-caption=\"\" aria-label=\"Open image in lightbox\" class=\"tile-inner modula-item-link\"><\/a><img loading=\"lazy\" decoding=\"async\" class=\"pic wp-image-1826\"  data-valign=\"middle\" data-halign=\"center\" alt=\"\" data-full=\"https:\/\/www.anne-dasilva.com\/wp-content\/uploads\/tacher-de-segarer.jpg\" title=\"t\u00e2cher de s&#039;\u00e9garer\" crop=\"\" width=\"298\" height=\"420\" src=\"https:\/\/www.anne-dasilva.com\/wp-content\/uploads\/tacher-de-segarer.jpg\" data-src=\"https:\/\/www.anne-dasilva.com\/wp-content\/uploads\/tacher-de-segarer.jpg\" data-caption=\"\" srcset=\"https:\/\/www.anne-dasilva.com\/wp-content\/uploads\/tacher-de-segarer.jpg 298w, https:\/\/www.anne-dasilva.com\/wp-content\/uploads\/tacher-de-segarer-213x300.jpg 213w\" sizes=\"auto, (max-width: 298px) 100vw, 298px\" \/>\n\t\t<div class=\"figc no-description\">\n\t\t\t<div class=\"figc-inner\">\n\t\t\t\t\t\t\t\t\t\t\t\t\t\t\t<\/div>\n\t\t<\/div>\n\n\t<\/div>\n\n<\/div><div class=\"modula-item effect-pufrobo\" >\n\t<div class=\"modula-item-overlay\"><\/div>\n\n\t<div class=\"modula-item-content\">\n\n\t\t<a data-image-id=\"1827\" role=\"button\" tabindex=\"0\" rel=\"jtg-1824\" data-caption=\"\" aria-label=\"Open image in lightbox\" class=\"tile-inner modula-item-link\"><\/a><img loading=\"lazy\" decoding=\"async\" class=\"pic wp-image-1827\"  data-valign=\"middle\" data-halign=\"center\" alt=\"\" data-full=\"https:\/\/www.anne-dasilva.com\/wp-content\/uploads\/experimenter-de-nouveaux-sentirs.jpg\" title=\"exp\u00e9rimenter de nouveaux sentirs\" crop=\"\" width=\"420\" height=\"298\" src=\"https:\/\/www.anne-dasilva.com\/wp-content\/uploads\/experimenter-de-nouveaux-sentirs.jpg\" data-src=\"https:\/\/www.anne-dasilva.com\/wp-content\/uploads\/experimenter-de-nouveaux-sentirs.jpg\" data-caption=\"\" srcset=\"https:\/\/www.anne-dasilva.com\/wp-content\/uploads\/experimenter-de-nouveaux-sentirs.jpg 420w, https:\/\/www.anne-dasilva.com\/wp-content\/uploads\/experimenter-de-nouveaux-sentirs-300x213.jpg 300w\" sizes=\"auto, (max-width: 420px) 100vw, 420px\" \/>\n\t\t<div class=\"figc no-description\">\n\t\t\t<div class=\"figc-inner\">\n\t\t\t\t\t\t\t\t\t\t\t\t\t\t\t<\/div>\n\t\t<\/div>\n\n\t<\/div>\n\n<\/div><div class=\"modula-item effect-pufrobo\" >\n\t<div class=\"modula-item-overlay\"><\/div>\n\n\t<div class=\"modula-item-content\">\n\n\t\t<a data-image-id=\"1828\" role=\"button\" tabindex=\"0\" rel=\"jtg-1824\" data-caption=\"\" aria-label=\"Open image in lightbox\" class=\"tile-inner modula-item-link\"><\/a><img loading=\"lazy\" decoding=\"async\" class=\"pic wp-image-1828\"  data-valign=\"middle\" data-halign=\"center\" alt=\"\" data-full=\"https:\/\/www.anne-dasilva.com\/wp-content\/uploads\/cherir.jpg\" title=\"ch\u00e9rir\" crop=\"\" width=\"417\" height=\"298\" src=\"https:\/\/www.anne-dasilva.com\/wp-content\/uploads\/cherir.jpg\" data-src=\"https:\/\/www.anne-dasilva.com\/wp-content\/uploads\/cherir.jpg\" data-caption=\"\" srcset=\"https:\/\/www.anne-dasilva.com\/wp-content\/uploads\/cherir.jpg 417w, https:\/\/www.anne-dasilva.com\/wp-content\/uploads\/cherir-300x214.jpg 300w\" sizes=\"auto, (max-width: 417px) 100vw, 417px\" \/>\n\t\t<div class=\"figc no-description\">\n\t\t\t<div class=\"figc-inner\">\n\t\t\t\t\t\t\t\t\t\t\t\t\t\t\t<\/div>\n\t\t<\/div>\n\n\t<\/div>\n\n<\/div><div class=\"modula-item effect-pufrobo\" >\n\t<div class=\"modula-item-overlay\"><\/div>\n\n\t<div class=\"modula-item-content\">\n\n\t\t<a data-image-id=\"1829\" role=\"button\" tabindex=\"0\" rel=\"jtg-1824\" data-caption=\"\" aria-label=\"Open image in lightbox\" class=\"tile-inner modula-item-link\"><\/a><img loading=\"lazy\" decoding=\"async\" class=\"pic wp-image-1829\"  data-valign=\"middle\" data-halign=\"center\" alt=\"\" data-full=\"https:\/\/www.anne-dasilva.com\/wp-content\/uploads\/pelerinage-chez-les-voisins.jpg\" title=\"p\u00e9lerinage chez les voisins\" crop=\"\" width=\"420\" height=\"298\" src=\"https:\/\/www.anne-dasilva.com\/wp-content\/uploads\/pelerinage-chez-les-voisins.jpg\" data-src=\"https:\/\/www.anne-dasilva.com\/wp-content\/uploads\/pelerinage-chez-les-voisins.jpg\" data-caption=\"\" srcset=\"https:\/\/www.anne-dasilva.com\/wp-content\/uploads\/pelerinage-chez-les-voisins.jpg 420w, https:\/\/www.anne-dasilva.com\/wp-content\/uploads\/pelerinage-chez-les-voisins-300x213.jpg 300w\" sizes=\"auto, (max-width: 420px) 100vw, 420px\" \/>\n\t\t<div class=\"figc no-description\">\n\t\t\t<div class=\"figc-inner\">\n\t\t\t\t\t\t\t\t\t\t\t\t\t\t\t<\/div>\n\t\t<\/div>\n\n\t<\/div>\n\n<\/div><div class=\"modula-item effect-pufrobo\" >\n\t<div class=\"modula-item-overlay\"><\/div>\n\n\t<div class=\"modula-item-content\">\n\n\t\t<a data-image-id=\"1830\" role=\"button\" tabindex=\"0\" rel=\"jtg-1824\" data-caption=\"\" aria-label=\"Open image in lightbox\" class=\"tile-inner modula-item-link\"><\/a><img loading=\"lazy\" decoding=\"async\" class=\"pic wp-image-1830\"  data-valign=\"middle\" data-halign=\"center\" alt=\"\" data-full=\"https:\/\/www.anne-dasilva.com\/wp-content\/uploads\/flairer-la-foret.jpg\" title=\"flairer la for\u00eat\" crop=\"\" width=\"298\" height=\"400\" src=\"https:\/\/www.anne-dasilva.com\/wp-content\/uploads\/flairer-la-foret.jpg\" data-src=\"https:\/\/www.anne-dasilva.com\/wp-content\/uploads\/flairer-la-foret.jpg\" data-caption=\"\" srcset=\"https:\/\/www.anne-dasilva.com\/wp-content\/uploads\/flairer-la-foret.jpg 298w, https:\/\/www.anne-dasilva.com\/wp-content\/uploads\/flairer-la-foret-224x300.jpg 224w\" sizes=\"auto, (max-width: 298px) 100vw, 298px\" \/>\n\t\t<div class=\"figc no-description\">\n\t\t\t<div class=\"figc-inner\">\n\t\t\t\t\t\t\t\t\t\t\t\t\t\t\t<\/div>\n\t\t<\/div>\n\n\t<\/div>\n\n<\/div><div class=\"modula-item effect-pufrobo\" >\n\t<div class=\"modula-item-overlay\"><\/div>\n\n\t<div class=\"modula-item-content\">\n\n\t\t<a data-image-id=\"1831\" role=\"button\" tabindex=\"0\" rel=\"jtg-1824\" data-caption=\"\" aria-label=\"Open image in lightbox\" class=\"tile-inner modula-item-link\"><\/a><img loading=\"lazy\" decoding=\"async\" class=\"pic wp-image-1831\"  data-valign=\"middle\" data-halign=\"center\" alt=\"\" data-full=\"https:\/\/www.anne-dasilva.com\/wp-content\/uploads\/a-la-surface-de-leau-verte.jpg\" title=\"\u00e0 la surface de l&#039;eau verte\" crop=\"\" width=\"420\" height=\"298\" src=\"https:\/\/www.anne-dasilva.com\/wp-content\/uploads\/a-la-surface-de-leau-verte.jpg\" data-src=\"https:\/\/www.anne-dasilva.com\/wp-content\/uploads\/a-la-surface-de-leau-verte.jpg\" data-caption=\"\" srcset=\"https:\/\/www.anne-dasilva.com\/wp-content\/uploads\/a-la-surface-de-leau-verte.jpg 420w, https:\/\/www.anne-dasilva.com\/wp-content\/uploads\/a-la-surface-de-leau-verte-300x213.jpg 300w\" sizes=\"auto, (max-width: 420px) 100vw, 420px\" \/>\n\t\t<div class=\"figc no-description\">\n\t\t\t<div class=\"figc-inner\">\n\t\t\t\t\t\t\t\t\t\t\t\t\t\t\t<\/div>\n\t\t<\/div>\n\n\t<\/div>\n\n<\/div><div class=\"modula-item effect-pufrobo\" >\n\t<div class=\"modula-item-overlay\"><\/div>\n\n\t<div class=\"modula-item-content\">\n\n\t\t<a data-image-id=\"1832\" role=\"button\" tabindex=\"0\" rel=\"jtg-1824\" data-caption=\"\" aria-label=\"Open image in lightbox\" class=\"tile-inner modula-item-link\"><\/a><img loading=\"lazy\" decoding=\"async\" class=\"pic wp-image-1832\"  data-valign=\"middle\" data-halign=\"center\" alt=\"\" data-full=\"https:\/\/www.anne-dasilva.com\/wp-content\/uploads\/la-strategie-du-lichen.jpg\" title=\"la strat\u00e9gie du lichen\" crop=\"\" width=\"420\" height=\"298\" src=\"https:\/\/www.anne-dasilva.com\/wp-content\/uploads\/la-strategie-du-lichen.jpg\" data-src=\"https:\/\/www.anne-dasilva.com\/wp-content\/uploads\/la-strategie-du-lichen.jpg\" data-caption=\"\" srcset=\"https:\/\/www.anne-dasilva.com\/wp-content\/uploads\/la-strategie-du-lichen.jpg 420w, https:\/\/www.anne-dasilva.com\/wp-content\/uploads\/la-strategie-du-lichen-300x213.jpg 300w\" sizes=\"auto, (max-width: 420px) 100vw, 420px\" \/>\n\t\t<div class=\"figc no-description\">\n\t\t\t<div class=\"figc-inner\">\n\t\t\t\t\t\t\t\t\t\t\t\t\t\t\t<\/div>\n\t\t<\/div>\n\n\t<\/div>\n\n<\/div><div class=\"modula-item effect-pufrobo\" >\n\t<div class=\"modula-item-overlay\"><\/div>\n\n\t<div class=\"modula-item-content\">\n\n\t\t<a data-image-id=\"1833\" role=\"button\" tabindex=\"0\" rel=\"jtg-1824\" data-caption=\"\" aria-label=\"Open image in lightbox\" class=\"tile-inner modula-item-link\"><\/a><img loading=\"lazy\" decoding=\"async\" class=\"pic wp-image-1833\"  data-valign=\"middle\" data-halign=\"center\" alt=\"\" data-full=\"https:\/\/www.anne-dasilva.com\/wp-content\/uploads\/relier-les-points-de-lespace-et-du-temps.jpg\" title=\"relier les points de l&#039;espace et du temps\" crop=\"\" width=\"420\" height=\"298\" src=\"https:\/\/www.anne-dasilva.com\/wp-content\/uploads\/relier-les-points-de-lespace-et-du-temps.jpg\" data-src=\"https:\/\/www.anne-dasilva.com\/wp-content\/uploads\/relier-les-points-de-lespace-et-du-temps.jpg\" data-caption=\"\" srcset=\"https:\/\/www.anne-dasilva.com\/wp-content\/uploads\/relier-les-points-de-lespace-et-du-temps.jpg 420w, https:\/\/www.anne-dasilva.com\/wp-content\/uploads\/relier-les-points-de-lespace-et-du-temps-300x213.jpg 300w\" sizes=\"auto, (max-width: 420px) 100vw, 420px\" \/>\n\t\t<div class=\"figc no-description\">\n\t\t\t<div class=\"figc-inner\">\n\t\t\t\t\t\t\t\t\t\t\t\t\t\t\t<\/div>\n\t\t<\/div>\n\n\t<\/div>\n\n<\/div><div class=\"modula-item effect-pufrobo\" >\n\t<div class=\"modula-item-overlay\"><\/div>\n\n\t<div class=\"modula-item-content\">\n\n\t\t<a data-image-id=\"1834\" role=\"button\" tabindex=\"0\" rel=\"jtg-1824\" data-caption=\"\" aria-label=\"Open image in lightbox\" class=\"tile-inner modula-item-link\"><\/a><img loading=\"lazy\" decoding=\"async\" class=\"pic wp-image-1834\"  data-valign=\"middle\" data-halign=\"center\" alt=\"\" data-full=\"https:\/\/www.anne-dasilva.com\/wp-content\/uploads\/changer-de-vehicule.jpg\" title=\"changer de v\u00e9hicule\" crop=\"\" width=\"420\" height=\"298\" src=\"https:\/\/www.anne-dasilva.com\/wp-content\/uploads\/changer-de-vehicule.jpg\" data-src=\"https:\/\/www.anne-dasilva.com\/wp-content\/uploads\/changer-de-vehicule.jpg\" data-caption=\"\" srcset=\"https:\/\/www.anne-dasilva.com\/wp-content\/uploads\/changer-de-vehicule.jpg 420w, https:\/\/www.anne-dasilva.com\/wp-content\/uploads\/changer-de-vehicule-300x213.jpg 300w\" sizes=\"auto, (max-width: 420px) 100vw, 420px\" \/>\n\t\t<div class=\"figc no-description\">\n\t\t\t<div class=\"figc-inner\">\n\t\t\t\t\t\t\t\t\t\t\t\t\t\t\t<\/div>\n\t\t<\/div>\n\n\t<\/div>\n\n<\/div><div class=\"modula-item effect-pufrobo\" >\n\t<div class=\"modula-item-overlay\"><\/div>\n\n\t<div class=\"modula-item-content\">\n\n\t\t<a data-image-id=\"1835\" role=\"button\" tabindex=\"0\" rel=\"jtg-1824\" data-caption=\"\" aria-label=\"Open image in lightbox\" class=\"tile-inner modula-item-link\"><\/a><img loading=\"lazy\" decoding=\"async\" class=\"pic wp-image-1835\"  data-valign=\"middle\" data-halign=\"center\" alt=\"\" data-full=\"https:\/\/www.anne-dasilva.com\/wp-content\/uploads\/le-chant-du-monde.jpg\" title=\"le chant du monde\" crop=\"\" width=\"420\" height=\"298\" src=\"https:\/\/www.anne-dasilva.com\/wp-content\/uploads\/le-chant-du-monde.jpg\" data-src=\"https:\/\/www.anne-dasilva.com\/wp-content\/uploads\/le-chant-du-monde.jpg\" data-caption=\"\" srcset=\"https:\/\/www.anne-dasilva.com\/wp-content\/uploads\/le-chant-du-monde.jpg 420w, https:\/\/www.anne-dasilva.com\/wp-content\/uploads\/le-chant-du-monde-300x213.jpg 300w\" sizes=\"auto, (max-width: 420px) 100vw, 420px\" \/>\n\t\t<div class=\"figc no-description\">\n\t\t\t<div class=\"figc-inner\">\n\t\t\t\t\t\t\t\t\t\t\t\t\t\t\t<\/div>\n\t\t<\/div>\n\n\t<\/div>\n\n<\/div><div class=\"modula-item effect-pufrobo\" >\n\t<div class=\"modula-item-overlay\"><\/div>\n\n\t<div class=\"modula-item-content\">\n\n\t\t<a data-image-id=\"1825\" role=\"button\" tabindex=\"0\" rel=\"jtg-1824\" data-caption=\"\" aria-label=\"Open image in lightbox\" class=\"tile-inner modula-item-link\"><\/a><img loading=\"lazy\" decoding=\"async\" class=\"pic wp-image-1825\"  data-valign=\"middle\" data-halign=\"center\" alt=\"\" data-full=\"https:\/\/www.anne-dasilva.com\/wp-content\/uploads\/point-de-bascule.jpg\" title=\"point de bascule\" crop=\"\" width=\"298\" height=\"420\" src=\"https:\/\/www.anne-dasilva.com\/wp-content\/uploads\/point-de-bascule.jpg\" data-src=\"https:\/\/www.anne-dasilva.com\/wp-content\/uploads\/point-de-bascule.jpg\" data-caption=\"\" srcset=\"https:\/\/www.anne-dasilva.com\/wp-content\/uploads\/point-de-bascule.jpg 298w, https:\/\/www.anne-dasilva.com\/wp-content\/uploads\/point-de-bascule-213x300.jpg 213w\" sizes=\"auto, (max-width: 298px) 100vw, 298px\" \/>\n\t\t<div class=\"figc no-description\">\n\t\t\t<div class=\"figc-inner\">\n\t\t\t\t\t\t\t\t\t\t\t\t\t\t\t<\/div>\n\t\t<\/div>\n\n\t<\/div>\n\n<\/div><div class=\"modula-item effect-pufrobo\" >\n\t<div class=\"modula-item-overlay\"><\/div>\n\n\t<div class=\"modula-item-content\">\n\n\t\t<a data-image-id=\"1836\" role=\"button\" tabindex=\"0\" rel=\"jtg-1824\" data-caption=\"\" aria-label=\"Open image in lightbox\" class=\"tile-inner modula-item-link\"><\/a><img loading=\"lazy\" decoding=\"async\" class=\"pic wp-image-1836\"  data-valign=\"middle\" data-halign=\"center\" alt=\"\" data-full=\"https:\/\/www.anne-dasilva.com\/wp-content\/uploads\/si-jetais-une-ronce.jpg\" title=\"si j&#039;\u00e9tais une ronce\" crop=\"\" width=\"420\" height=\"298\" src=\"https:\/\/www.anne-dasilva.com\/wp-content\/uploads\/si-jetais-une-ronce.jpg\" data-src=\"https:\/\/www.anne-dasilva.com\/wp-content\/uploads\/si-jetais-une-ronce.jpg\" data-caption=\"\" srcset=\"https:\/\/www.anne-dasilva.com\/wp-content\/uploads\/si-jetais-une-ronce.jpg 420w, https:\/\/www.anne-dasilva.com\/wp-content\/uploads\/si-jetais-une-ronce-300x213.jpg 300w\" sizes=\"auto, (max-width: 420px) 100vw, 420px\" \/>\n\t\t<div class=\"figc no-description\">\n\t\t\t<div class=\"figc-inner\">\n\t\t\t\t\t\t\t\t\t\t\t\t\t\t\t<\/div>\n\t\t<\/div>\n\n\t<\/div>\n\n<\/div><div class=\"modula-item effect-pufrobo\" >\n\t<div class=\"modula-item-overlay\"><\/div>\n\n\t<div class=\"modula-item-content\">\n\n\t\t<a data-image-id=\"1837\" role=\"button\" tabindex=\"0\" rel=\"jtg-1824\" data-caption=\"\" aria-label=\"Open image in lightbox\" class=\"tile-inner modula-item-link\"><\/a><img loading=\"lazy\" decoding=\"async\" class=\"pic wp-image-1837\"  data-valign=\"middle\" data-halign=\"center\" alt=\"\" data-full=\"https:\/\/www.anne-dasilva.com\/wp-content\/uploads\/sur-la-piste-de-razmoket.jpg\" title=\"sur la piste de razmoket\" crop=\"\" width=\"420\" height=\"298\" src=\"https:\/\/www.anne-dasilva.com\/wp-content\/uploads\/sur-la-piste-de-razmoket.jpg\" data-src=\"https:\/\/www.anne-dasilva.com\/wp-content\/uploads\/sur-la-piste-de-razmoket.jpg\" data-caption=\"\" srcset=\"https:\/\/www.anne-dasilva.com\/wp-content\/uploads\/sur-la-piste-de-razmoket.jpg 420w, https:\/\/www.anne-dasilva.com\/wp-content\/uploads\/sur-la-piste-de-razmoket-300x213.jpg 300w\" sizes=\"auto, (max-width: 420px) 100vw, 420px\" \/>\n\t\t<div class=\"figc no-description\">\n\t\t\t<div class=\"figc-inner\">\n\t\t\t\t\t\t\t\t\t\t\t\t\t\t\t<\/div>\n\t\t<\/div>\n\n\t<\/div>\n\n<\/div><div class=\"modula-item effect-pufrobo\" >\n\t<div class=\"modula-item-overlay\"><\/div>\n\n\t<div class=\"modula-item-content\">\n\n\t\t<a data-image-id=\"1838\" role=\"button\" tabindex=\"0\" rel=\"jtg-1824\" data-caption=\"\" aria-label=\"Open image in lightbox\" class=\"tile-inner modula-item-link\"><\/a><img loading=\"lazy\" decoding=\"async\" class=\"pic wp-image-1838\"  data-valign=\"middle\" data-halign=\"center\" alt=\"\" data-full=\"https:\/\/www.anne-dasilva.com\/wp-content\/uploads\/se-tenir-a-la-lisiere.jpg\" title=\"se tenir \u00e0 la lisi\u00e8re\" crop=\"\" width=\"298\" height=\"420\" src=\"https:\/\/www.anne-dasilva.com\/wp-content\/uploads\/se-tenir-a-la-lisiere.jpg\" data-src=\"https:\/\/www.anne-dasilva.com\/wp-content\/uploads\/se-tenir-a-la-lisiere.jpg\" data-caption=\"\" srcset=\"https:\/\/www.anne-dasilva.com\/wp-content\/uploads\/se-tenir-a-la-lisiere.jpg 298w, https:\/\/www.anne-dasilva.com\/wp-content\/uploads\/se-tenir-a-la-lisiere-213x300.jpg 213w\" sizes=\"auto, (max-width: 298px) 100vw, 298px\" \/>\n\t\t<div class=\"figc no-description\">\n\t\t\t<div class=\"figc-inner\">\n\t\t\t\t\t\t\t\t\t\t\t\t\t\t\t<\/div>\n\t\t<\/div>\n\n\t<\/div>\n\n<\/div>\t\t\n\t<\/div>\n\n\t\n\t\n\t<script type=\"application\/ld+json\">\n\t{\n\t\t\"@context\": \"https:\/\/schema.org\",\n\t\t\"@type\"   : \"ImageGallery\",\n\t\t\"id\"      : \"https:\/\/www.anne-dasilva.com\/?page_id=1839\/#modula-gallery-1824\",\n\t\t\"url\"     : \"https:\/\/www.anne-dasilva.com\/?page_id=1839\/\"\n\t}\n\n\t<\/script>\n\n\t\n<\/div>\n\n<p>Ces cartes sont issues d&rsquo;un petit livre qui est une invitation \u00e0 jouer \u00e0 des jeux de grand air.<br \/>\nEn suivant la piste de diff\u00e9rents artistes vous partirez \u00e0 l\u2019exploration du<br \/>\nmonde qui vous entoure et dont vous \u00eates partie prenante.<br \/>\nProbablement vous y ferez des rencontres d\u00e9j\u00e0 rencontr\u00e9es et arpenterez<br \/>\ndes chemins d\u00e9j\u00e0 emprunt\u00e9s.<br \/>\nLoin de l\u2019extraordinaire, ces aventures vous invitent au petit d\u00e9calage, \u00e0<br \/>\nl\u2019attention accrue au vol du bourdon et \u00e0 l\u2019\u00e9paisseur de l\u2019herbe.<br \/>\nUne invitation \u00e0 se confondre.<\/p>\n<p>Ces propositions d\u2019arpentages sont issues de l&rsquo;\u00e9dition de fin de r\u00e9sidence curatoriale avec l&rsquo;association La Fourmi-e. Ce travail a \u00e9t\u00e9 fait dans la compagnie rapproch\u00e9e de Sophie Hoarau<\/p>\n","protected":false},"excerpt":{"rendered":"<p>Ces cartes sont issues d&rsquo;un petit livre qui est une invitation \u00e0 jouer \u00e0 des jeux de grand air. En suivant la piste de diff\u00e9rents artistes vous partirez \u00e0 l\u2019exploration du monde qui vous entoure et dont vous \u00eates partie prenante. Probablement vous y ferez des rencontres d\u00e9j\u00e0 rencontr\u00e9es et arpenterez des chemins d\u00e9j\u00e0 emprunt\u00e9s&#8230;.<\/p>\n","protected":false},"author":1,"featured_media":0,"parent":0,"menu_order":0,"comment_status":"closed","ping_status":"closed","template":"","meta":{"footnotes":""},"class_list":["post-1839","page","type-page","status-publish","hentry"],"_links":{"self":[{"href":"https:\/\/www.anne-dasilva.com\/index.php?rest_route=\/wp\/v2\/pages\/1839","targetHints":{"allow":["GET"]}}],"collection":[{"href":"https:\/\/www.anne-dasilva.com\/index.php?rest_route=\/wp\/v2\/pages"}],"about":[{"href":"https:\/\/www.anne-dasilva.com\/index.php?rest_route=\/wp\/v2\/types\/page"}],"author":[{"embeddable":true,"href":"https:\/\/www.anne-dasilva.com\/index.php?rest_route=\/wp\/v2\/users\/1"}],"replies":[{"embeddable":true,"href":"https:\/\/www.anne-dasilva.com\/index.php?rest_route=%2Fwp%2Fv2%2Fcomments&post=1839"}],"version-history":[{"count":1,"href":"https:\/\/www.anne-dasilva.com\/index.php?rest_route=\/wp\/v2\/pages\/1839\/revisions"}],"predecessor-version":[{"id":1840,"href":"https:\/\/www.anne-dasilva.com\/index.php?rest_route=\/wp\/v2\/pages\/1839\/revisions\/1840"}],"wp:attachment":[{"href":"https:\/\/www.anne-dasilva.com\/index.php?rest_route=%2Fwp%2Fv2%2Fmedia&parent=1839"}],"curies":[{"name":"wp","href":"https:\/\/api.w.org\/{rel}","templated":true}]}}