{"id":1815,"date":"2022-11-05T10:46:04","date_gmt":"2022-11-05T09:46:04","guid":{"rendered":"https:\/\/www.anne-dasilva.com\/?page_id=1815"},"modified":"2022-11-05T10:50:44","modified_gmt":"2022-11-05T09:50:44","slug":"residence-curatoriale","status":"publish","type":"page","link":"https:\/\/www.anne-dasilva.com\/?page_id=1815","title":{"rendered":"R\u00e9sidence curatoriale"},"content":{"rendered":"<div  id=\"jtg-1817\" class=\"modula modula-gallery modula-columns\" data-config=\"{&quot;tabletHeight&quot;:0,&quot;mobileHeight&quot;:0,&quot;desktopHeight&quot;:0,&quot;enableTwitter&quot;:false,&quot;enableWhatsapp&quot;:false,&quot;enableFacebook&quot;:false,&quot;enablePinterest&quot;:false,&quot;enableLinkedin&quot;:false,&quot;enableEmail&quot;:false,&quot;randomFactor&quot;:0,&quot;type&quot;:&quot;grid&quot;,&quot;columns&quot;:12,&quot;gutter&quot;:10,&quot;mobileGutter&quot;:10,&quot;tabletGutter&quot;:10,&quot;desktopGutter&quot;:10,&quot;enableResponsive&quot;:&quot;0&quot;,&quot;tabletColumns&quot;:&quot;2&quot;,&quot;mobileColumns&quot;:&quot;1&quot;,&quot;lazyLoad&quot;:0,&quot;lightboxOpts&quot;:{&quot;animated&quot;:true,&quot;Thumbs&quot;:{&quot;type&quot;:&quot;modern&quot;,&quot;showOnStart&quot;:false},&quot;Toolbar&quot;:{&quot;display&quot;:{&quot;right&quot;:[&quot;close&quot;]},&quot;enabled&quot;:true},&quot;Carousel&quot;:{&quot;Panzoom&quot;:{&quot;touch&quot;:true},&quot;infinite&quot;:false},&quot;keyboard&quot;:{&quot;Escape&quot;:&quot;close&quot;,&quot;Delete&quot;:&quot;close&quot;,&quot;Backspace&quot;:&quot;close&quot;,&quot;PageUp&quot;:false,&quot;PageDown&quot;:false,&quot;ArrowUp&quot;:false,&quot;ArrowDown&quot;:false,&quot;ArrowRight&quot;:false,&quot;ArrowLeft&quot;:false},&quot;touch&quot;:false,&quot;backdropClick&quot;:false,&quot;l10n&quot;:{&quot;CLOSE&quot;:&quot;Close&quot;,&quot;NEXT&quot;:&quot;Next&quot;,&quot;PREV&quot;:&quot;Previous&quot;,&quot;Error&quot;:&quot;The requested content cannot be loaded. Please try again later.&quot;,&quot;PLAY_START&quot;:&quot;Start slideshow&quot;,&quot;PLAY_STOP&quot;:&quot;Pause slideshow&quot;,&quot;FULL_SCREEN&quot;:&quot;Full screen&quot;,&quot;THUMBS&quot;:&quot;Thumbnails&quot;,&quot;DOWNLOAD&quot;:&quot;Download&quot;,&quot;SHARE&quot;:&quot;Share&quot;,&quot;ZOOM&quot;:&quot;Zoom&quot;,&quot;EMAIL&quot;:&quot;Here is the link to the image : %%image_link%% and this is the link to the gallery : %%gallery_link%%&quot;,&quot;MODAL&quot;:&quot;You can close this modal content with the ESC key&quot;,&quot;ERROR&quot;:&quot;Something Went Wrong, Please Try Again Later&quot;,&quot;IMAGE_ERROR&quot;:&quot;Image Not Found&quot;,&quot;ELEMENT_NOT_FOUND&quot;:&quot;HTML Element Not Found&quot;,&quot;AJAX_NOT_FOUND&quot;:&quot;Error Loading AJAX : Not Found&quot;,&quot;AJAX_FORBIDDEN&quot;:&quot;Error Loading AJAX : Forbidden&quot;,&quot;IFRAME_ERROR&quot;:&quot;Error Loading Page&quot;,&quot;TOGGLE_ZOOM&quot;:&quot;Toggle zoom level&quot;,&quot;TOGGLE_THUMBS&quot;:&quot;Toggle thumbnails&quot;,&quot;TOGGLE_SLIDESHOW&quot;:&quot;Toggle slideshow&quot;,&quot;TOGGLE_FULLSCREEN&quot;:&quot;Toggle full-screen mode&quot;},&quot;Images&quot;:{&quot;Panzoom&quot;:{&quot;maxScale&quot;:2}},&quot;mainClass&quot;:&quot;modula-fancybox-container modula-lightbox-jtg-1817&quot;,&quot;Html&quot;:{&quot;videoAutoplay&quot;:0,&quot;videoTpl&quot;:&quot;&lt;video class=\\&quot;fancybox__html5video\\&quot; controls muted playsinline controlsList controlsList=\\&quot;nodownload\\&quot; poster=\\&quot;{{poster}}\\&quot; src=\\&quot;{{src}}\\&quot; type=\\&quot;{{format}}\\&quot; &gt;  Sorry, your browser doesn&#039;t support embedded videos, &lt;a href=\\&quot;{{src}}\\&quot;&gt; download &lt;\\\/a&gt; and watch with your favorite video player! &lt;\\\/video&gt;&quot;}},&quot;inView&quot;:false,&quot;email_subject&quot;:&quot;Check out this awesome image !!&quot;,&quot;email_message&quot;:&quot;Here is the link to the image : %%image_link%% and this is the link to the gallery : %%gallery_link%%&quot;,&quot;grid_type&quot;:&quot;2&quot;,&quot;rowHeight&quot;:0,&quot;lastRow&quot;:&quot;&quot;,&quot;lightbox&quot;:&quot;fancybox&quot;}\">\n\n\t<div class=\"modula-grid-sizer\"> <\/div>\n\t<div  class=\"modula-items grid-gallery\">\n\t\t<div class=\"modula-item effect-pufrobo\" >\n\t<div class=\"modula-item-overlay\"><\/div>\n\n\t<div class=\"modula-item-content\">\n\n\t\t<a data-image-id=\"1818\" role=\"button\" tabindex=\"0\" rel=\"jtg-1817\" data-caption=\"\" aria-label=\"Open image in lightbox\" class=\"tile-inner modula-item-link\"><\/a><img loading=\"lazy\" decoding=\"async\" class=\"pic wp-image-1818\"  data-valign=\"middle\" data-halign=\"center\" alt=\"\" data-full=\"https:\/\/www.anne-dasilva.com\/wp-content\/uploads\/10010944784490423655.jpeg\" title=\"10010944784490423655\" crop=\"\" width=\"500\" height=\"261\" src=\"https:\/\/www.anne-dasilva.com\/wp-content\/uploads\/10010944784490423655.jpeg\" data-src=\"https:\/\/www.anne-dasilva.com\/wp-content\/uploads\/10010944784490423655.jpeg\" data-caption=\"\" srcset=\"https:\/\/www.anne-dasilva.com\/wp-content\/uploads\/10010944784490423655.jpeg 500w, https:\/\/www.anne-dasilva.com\/wp-content\/uploads\/10010944784490423655-300x157.jpeg 300w\" sizes=\"auto, (max-width: 500px) 100vw, 500px\" \/>\n\t\t<div class=\"figc no-description\">\n\t\t\t<div class=\"figc-inner\">\n\t\t\t\t\t\t\t\t\t\t\t\t\t\t\t<\/div>\n\t\t<\/div>\n\n\t<\/div>\n\n<\/div><div class=\"modula-item effect-pufrobo\" >\n\t<div class=\"modula-item-overlay\"><\/div>\n\n\t<div class=\"modula-item-content\">\n\n\t\t<a data-image-id=\"1819\" role=\"button\" tabindex=\"0\" rel=\"jtg-1817\" data-caption=\"\" aria-label=\"Open image in lightbox\" class=\"tile-inner modula-item-link\"><\/a><img loading=\"lazy\" decoding=\"async\" class=\"pic wp-image-1819\"  data-valign=\"middle\" data-halign=\"center\" alt=\"\" data-full=\"https:\/\/www.anne-dasilva.com\/wp-content\/uploads\/201776035_1943700342469180_752137356086947033_n.jpg\" title=\"d\u00e9calage dans le paysage. Cr\u00e9dit photo Eric Legret\" crop=\"\" width=\"1304\" height=\"869\" src=\"https:\/\/www.anne-dasilva.com\/wp-content\/uploads\/201776035_1943700342469180_752137356086947033_n.jpg\" data-src=\"https:\/\/www.anne-dasilva.com\/wp-content\/uploads\/201776035_1943700342469180_752137356086947033_n.jpg\" data-caption=\"\" srcset=\"https:\/\/www.anne-dasilva.com\/wp-content\/uploads\/201776035_1943700342469180_752137356086947033_n.jpg 1304w, https:\/\/www.anne-dasilva.com\/wp-content\/uploads\/201776035_1943700342469180_752137356086947033_n-300x200.jpg 300w, https:\/\/www.anne-dasilva.com\/wp-content\/uploads\/201776035_1943700342469180_752137356086947033_n-700x466.jpg 700w, https:\/\/www.anne-dasilva.com\/wp-content\/uploads\/201776035_1943700342469180_752137356086947033_n-768x512.jpg 768w, https:\/\/www.anne-dasilva.com\/wp-content\/uploads\/201776035_1943700342469180_752137356086947033_n-800x533.jpg 800w\" sizes=\"auto, (max-width: 1304px) 100vw, 1304px\" \/>\n\t\t<div class=\"figc no-description\">\n\t\t\t<div class=\"figc-inner\">\n\t\t\t\t\t\t\t\t\t\t\t\t\t\t\t<\/div>\n\t\t<\/div>\n\n\t<\/div>\n\n<\/div><div class=\"modula-item effect-pufrobo\" >\n\t<div class=\"modula-item-overlay\"><\/div>\n\n\t<div class=\"modula-item-content\">\n\n\t\t<a data-image-id=\"1820\" role=\"button\" tabindex=\"0\" rel=\"jtg-1817\" data-caption=\"\" aria-label=\"Open image in lightbox\" class=\"tile-inner modula-item-link\"><\/a><img loading=\"lazy\" decoding=\"async\" class=\"pic wp-image-1820\"  data-valign=\"middle\" data-halign=\"center\" alt=\"\" data-full=\"https:\/\/www.anne-dasilva.com\/wp-content\/uploads\/203303959_1943700405802507_2002479307987525599_n.jpg\" title=\"203303959_1943700405802507_2002479307987525599_n\" crop=\"\" width=\"1304\" height=\"869\" src=\"https:\/\/www.anne-dasilva.com\/wp-content\/uploads\/203303959_1943700405802507_2002479307987525599_n.jpg\" data-src=\"https:\/\/www.anne-dasilva.com\/wp-content\/uploads\/203303959_1943700405802507_2002479307987525599_n.jpg\" data-caption=\"\" srcset=\"https:\/\/www.anne-dasilva.com\/wp-content\/uploads\/203303959_1943700405802507_2002479307987525599_n.jpg 1304w, https:\/\/www.anne-dasilva.com\/wp-content\/uploads\/203303959_1943700405802507_2002479307987525599_n-300x200.jpg 300w, https:\/\/www.anne-dasilva.com\/wp-content\/uploads\/203303959_1943700405802507_2002479307987525599_n-700x466.jpg 700w, https:\/\/www.anne-dasilva.com\/wp-content\/uploads\/203303959_1943700405802507_2002479307987525599_n-768x512.jpg 768w, https:\/\/www.anne-dasilva.com\/wp-content\/uploads\/203303959_1943700405802507_2002479307987525599_n-800x533.jpg 800w\" sizes=\"auto, (max-width: 1304px) 100vw, 1304px\" \/>\n\t\t<div class=\"figc no-description\">\n\t\t\t<div class=\"figc-inner\">\n\t\t\t\t\t\t\t\t\t\t\t\t\t\t\t<\/div>\n\t\t<\/div>\n\n\t<\/div>\n\n<\/div><div class=\"modula-item effect-pufrobo\" >\n\t<div class=\"modula-item-overlay\"><\/div>\n\n\t<div class=\"modula-item-content\">\n\n\t\t<a data-image-id=\"1821\" role=\"button\" tabindex=\"0\" rel=\"jtg-1817\" data-caption=\"\" aria-label=\"Open image in lightbox\" class=\"tile-inner modula-item-link\"><\/a><img loading=\"lazy\" decoding=\"async\" class=\"pic wp-image-1821\"  data-valign=\"middle\" data-halign=\"center\" alt=\"\" data-full=\"https:\/\/www.anne-dasilva.com\/wp-content\/uploads\/202545455_1943700542469160_277159477189570605_n.jpg\" title=\"202545455_1943700542469160_277159477189570605_n\" crop=\"\" width=\"1304\" height=\"869\" src=\"https:\/\/www.anne-dasilva.com\/wp-content\/uploads\/202545455_1943700542469160_277159477189570605_n.jpg\" data-src=\"https:\/\/www.anne-dasilva.com\/wp-content\/uploads\/202545455_1943700542469160_277159477189570605_n.jpg\" data-caption=\"\" srcset=\"https:\/\/www.anne-dasilva.com\/wp-content\/uploads\/202545455_1943700542469160_277159477189570605_n.jpg 1304w, https:\/\/www.anne-dasilva.com\/wp-content\/uploads\/202545455_1943700542469160_277159477189570605_n-300x200.jpg 300w, https:\/\/www.anne-dasilva.com\/wp-content\/uploads\/202545455_1943700542469160_277159477189570605_n-700x466.jpg 700w, https:\/\/www.anne-dasilva.com\/wp-content\/uploads\/202545455_1943700542469160_277159477189570605_n-768x512.jpg 768w, https:\/\/www.anne-dasilva.com\/wp-content\/uploads\/202545455_1943700542469160_277159477189570605_n-800x533.jpg 800w\" sizes=\"auto, (max-width: 1304px) 100vw, 1304px\" \/>\n\t\t<div class=\"figc no-description\">\n\t\t\t<div class=\"figc-inner\">\n\t\t\t\t\t\t\t\t\t\t\t\t\t\t\t<\/div>\n\t\t<\/div>\n\n\t<\/div>\n\n<\/div><div class=\"modula-item effect-pufrobo\" >\n\t<div class=\"modula-item-overlay\"><\/div>\n\n\t<div class=\"modula-item-content\">\n\n\t\t<a data-image-id=\"1764\" role=\"button\" tabindex=\"0\" rel=\"jtg-1817\" data-caption=\"\" aria-label=\"Open image in lightbox\" class=\"tile-inner modula-item-link\"><\/a><img loading=\"lazy\" decoding=\"async\" class=\"pic wp-image-1764\"  data-valign=\"middle\" data-halign=\"center\" alt=\". .\" data-full=\"https:\/\/www.anne-dasilva.com\/wp-content\/uploads\/273008159_2128062824032930_7466192706927960316_n.jpg\" title=\"273008159_2128062824032930_7466192706927960316_n\" crop=\"\" width=\"1304\" height=\"869\" src=\"https:\/\/www.anne-dasilva.com\/wp-content\/uploads\/273008159_2128062824032930_7466192706927960316_n.jpg\" data-src=\"https:\/\/www.anne-dasilva.com\/wp-content\/uploads\/273008159_2128062824032930_7466192706927960316_n.jpg\" data-caption=\"\" srcset=\"https:\/\/www.anne-dasilva.com\/wp-content\/uploads\/273008159_2128062824032930_7466192706927960316_n.jpg 1304w, https:\/\/www.anne-dasilva.com\/wp-content\/uploads\/273008159_2128062824032930_7466192706927960316_n-300x200.jpg 300w, https:\/\/www.anne-dasilva.com\/wp-content\/uploads\/273008159_2128062824032930_7466192706927960316_n-700x466.jpg 700w, https:\/\/www.anne-dasilva.com\/wp-content\/uploads\/273008159_2128062824032930_7466192706927960316_n-768x512.jpg 768w, https:\/\/www.anne-dasilva.com\/wp-content\/uploads\/273008159_2128062824032930_7466192706927960316_n-800x533.jpg 800w\" sizes=\"auto, (max-width: 1304px) 100vw, 1304px\" \/>\n\t\t<div class=\"figc no-description\">\n\t\t\t<div class=\"figc-inner\">\n\t\t\t\t\t\t\t\t\t\t\t\t\t\t\t<\/div>\n\t\t<\/div>\n\n\t<\/div>\n\n<\/div><div class=\"modula-item effect-pufrobo\" >\n\t<div class=\"modula-item-overlay\"><\/div>\n\n\t<div class=\"modula-item-content\">\n\n\t\t<a data-image-id=\"1763\" role=\"button\" tabindex=\"0\" rel=\"jtg-1817\" data-caption=\"\" aria-label=\"Open image in lightbox\" class=\"tile-inner modula-item-link\"><\/a><img loading=\"lazy\" decoding=\"async\" class=\"pic wp-image-1763\"  data-valign=\"middle\" data-halign=\"center\" alt=\". .\" data-full=\"https:\/\/www.anne-dasilva.com\/wp-content\/uploads\/273908774_2135197919986087_7881560237197251940_n.jpg\" title=\"273908774_2135197919986087_7881560237197251940_n\" crop=\"\" width=\"1304\" height=\"869\" src=\"https:\/\/www.anne-dasilva.com\/wp-content\/uploads\/273908774_2135197919986087_7881560237197251940_n.jpg\" data-src=\"https:\/\/www.anne-dasilva.com\/wp-content\/uploads\/273908774_2135197919986087_7881560237197251940_n.jpg\" data-caption=\"\" srcset=\"https:\/\/www.anne-dasilva.com\/wp-content\/uploads\/273908774_2135197919986087_7881560237197251940_n.jpg 1304w, https:\/\/www.anne-dasilva.com\/wp-content\/uploads\/273908774_2135197919986087_7881560237197251940_n-300x200.jpg 300w, https:\/\/www.anne-dasilva.com\/wp-content\/uploads\/273908774_2135197919986087_7881560237197251940_n-700x466.jpg 700w, https:\/\/www.anne-dasilva.com\/wp-content\/uploads\/273908774_2135197919986087_7881560237197251940_n-768x512.jpg 768w, https:\/\/www.anne-dasilva.com\/wp-content\/uploads\/273908774_2135197919986087_7881560237197251940_n-800x533.jpg 800w\" sizes=\"auto, (max-width: 1304px) 100vw, 1304px\" \/>\n\t\t<div class=\"figc no-description\">\n\t\t\t<div class=\"figc-inner\">\n\t\t\t\t\t\t\t\t\t\t\t\t\t\t\t<\/div>\n\t\t<\/div>\n\n\t<\/div>\n\n<\/div><div class=\"modula-item effect-pufrobo\" >\n\t<div class=\"modula-item-overlay\"><\/div>\n\n\t<div class=\"modula-item-content\">\n\n\t\t<a data-image-id=\"1765\" role=\"button\" tabindex=\"0\" rel=\"jtg-1817\" data-caption=\"\" aria-label=\"Open image in lightbox\" class=\"tile-inner modula-item-link\"><\/a><img loading=\"lazy\" decoding=\"async\" class=\"pic wp-image-1765\"  data-valign=\"middle\" data-halign=\"center\" alt=\". .\" data-full=\"https:\/\/www.anne-dasilva.com\/wp-content\/uploads\/269607843_2089776591194887_1866221881001309146_n.jpg\" title=\"269607843_2089776591194887_1866221881001309146_n\" crop=\"\" width=\"1304\" height=\"869\" src=\"https:\/\/www.anne-dasilva.com\/wp-content\/uploads\/269607843_2089776591194887_1866221881001309146_n.jpg\" data-src=\"https:\/\/www.anne-dasilva.com\/wp-content\/uploads\/269607843_2089776591194887_1866221881001309146_n.jpg\" data-caption=\"\" srcset=\"https:\/\/www.anne-dasilva.com\/wp-content\/uploads\/269607843_2089776591194887_1866221881001309146_n.jpg 1304w, https:\/\/www.anne-dasilva.com\/wp-content\/uploads\/269607843_2089776591194887_1866221881001309146_n-300x200.jpg 300w, https:\/\/www.anne-dasilva.com\/wp-content\/uploads\/269607843_2089776591194887_1866221881001309146_n-700x466.jpg 700w, https:\/\/www.anne-dasilva.com\/wp-content\/uploads\/269607843_2089776591194887_1866221881001309146_n-768x512.jpg 768w, https:\/\/www.anne-dasilva.com\/wp-content\/uploads\/269607843_2089776591194887_1866221881001309146_n-800x533.jpg 800w\" sizes=\"auto, (max-width: 1304px) 100vw, 1304px\" \/>\n\t\t<div class=\"figc no-description\">\n\t\t\t<div class=\"figc-inner\">\n\t\t\t\t\t\t\t\t\t\t\t\t\t\t\t<\/div>\n\t\t<\/div>\n\n\t<\/div>\n\n<\/div>\t\t\n\t<\/div>\n\n\t\n\t\n\t<script type=\"application\/ld+json\">\n\t{\n\t\t\"@context\": \"https:\/\/schema.org\",\n\t\t\"@type\"   : \"ImageGallery\",\n\t\t\"id\"      : \"https:\/\/www.anne-dasilva.com\/?page_id=1815\/#modula-gallery-1817\",\n\t\t\"url\"     : \"https:\/\/www.anne-dasilva.com\/?page_id=1815\/\"\n\t}\n\n\t<\/script>\n\n\t\n<\/div>\n\n<p>D&rsquo;octobre 2020 \u00e0 f\u00e9vrier 2022 j&rsquo;ai \u00e9t\u00e9 en r\u00e9sidence curatoriale pour l&rsquo;association d&rsquo;art contemporain La Fourmi-e.<\/p>\n<p>Une ann\u00e9e et demie de programmation, \u00e9criture et suivi artistique au sein de cette remarquable \u00e9quipe qui fait vivre l&rsquo;art contemporain en centre Bretagne avec finesse, pr\u00e9cision et engagement.<\/p>\n<p>Une programmation \u00e9crite autour des questionnements li\u00e9s \u00e0 la n\u00e9cessit\u00e9 de r\u00e9inventer nos relations aux mondes vivants.<\/p>\n<p>22 artistes invit\u00e9s, 2 circuit artistique: Champ d&rsquo;expression (r\u00e9sidence artistique dans des fermes) et In-cit\u00e9 (r\u00e9sidence artistique dans l&rsquo;espace publique de commune du centre bretagne) , 1 cycle exploratoire, des r\u00e9sidence EAC, ARS et bien d&rsquo;autres joyeuset\u00e9s.<\/p>\n<p>Photos Eric Legret<\/p>\n","protected":false},"excerpt":{"rendered":"<p>D&rsquo;octobre 2020 \u00e0 f\u00e9vrier 2022 j&rsquo;ai \u00e9t\u00e9 en r\u00e9sidence curatoriale pour l&rsquo;association d&rsquo;art contemporain La Fourmi-e. Une ann\u00e9e et demie de programmation, \u00e9criture et suivi artistique au sein de cette remarquable \u00e9quipe qui fait vivre l&rsquo;art contemporain en centre Bretagne avec finesse, pr\u00e9cision et engagement. Une programmation \u00e9crite autour des questionnements li\u00e9s \u00e0 la n\u00e9cessit\u00e9&#8230;<\/p>\n","protected":false},"author":1,"featured_media":0,"parent":0,"menu_order":0,"comment_status":"closed","ping_status":"closed","template":"","meta":{"footnotes":""},"class_list":["post-1815","page","type-page","status-publish","hentry"],"_links":{"self":[{"href":"https:\/\/www.anne-dasilva.com\/index.php?rest_route=\/wp\/v2\/pages\/1815","targetHints":{"allow":["GET"]}}],"collection":[{"href":"https:\/\/www.anne-dasilva.com\/index.php?rest_route=\/wp\/v2\/pages"}],"about":[{"href":"https:\/\/www.anne-dasilva.com\/index.php?rest_route=\/wp\/v2\/types\/page"}],"author":[{"embeddable":true,"href":"https:\/\/www.anne-dasilva.com\/index.php?rest_route=\/wp\/v2\/users\/1"}],"replies":[{"embeddable":true,"href":"https:\/\/www.anne-dasilva.com\/index.php?rest_route=%2Fwp%2Fv2%2Fcomments&post=1815"}],"version-history":[{"count":3,"href":"https:\/\/www.anne-dasilva.com\/index.php?rest_route=\/wp\/v2\/pages\/1815\/revisions"}],"predecessor-version":[{"id":1823,"href":"https:\/\/www.anne-dasilva.com\/index.php?rest_route=\/wp\/v2\/pages\/1815\/revisions\/1823"}],"wp:attachment":[{"href":"https:\/\/www.anne-dasilva.com\/index.php?rest_route=%2Fwp%2Fv2%2Fmedia&parent=1815"}],"curies":[{"name":"wp","href":"https:\/\/api.w.org\/{rel}","templated":true}]}}