{"id":1603,"date":"2021-09-07T14:39:40","date_gmt":"2021-09-07T13:39:40","guid":{"rendered":"https:\/\/www.anne-dasilva.com\/?page_id=1603"},"modified":"2021-09-07T14:42:29","modified_gmt":"2021-09-07T13:42:29","slug":"poetique-de-la-parente","status":"publish","type":"page","link":"https:\/\/www.anne-dasilva.com\/?page_id=1603","title":{"rendered":"Po\u00e9tique de la parent\u00e9"},"content":{"rendered":"<p>Cette s\u00e9rie de fragments d\u2019enveloppes de mati\u00e8res organiques en gr\u00e8s et porcelaine d\u00e9ploie une vari\u00e9t\u00e9 de formes, dont les analogies et les continuit\u00e9s \u00e9voque la porosit\u00e9 entre les r\u00e8gnes du vivant, et nos ancestralit\u00e9s li\u00e9es<\/p>\n<p>Porcelaine et gr\u00e8s, cuisson haute temp\u00e9rature<\/p>\n<p><code id=\"envira_shortcode_1581\"><div  id=\"jtg-1806\" class=\"modula modula-gallery modula-columns\" data-config=\"{&quot;tabletHeight&quot;:0,&quot;mobileHeight&quot;:0,&quot;desktopHeight&quot;:0,&quot;enableTwitter&quot;:false,&quot;enableWhatsapp&quot;:false,&quot;enableFacebook&quot;:false,&quot;enablePinterest&quot;:false,&quot;enableLinkedin&quot;:false,&quot;enableEmail&quot;:false,&quot;randomFactor&quot;:0,&quot;type&quot;:&quot;grid&quot;,&quot;columns&quot;:12,&quot;gutter&quot;:10,&quot;mobileGutter&quot;:10,&quot;tabletGutter&quot;:10,&quot;desktopGutter&quot;:10,&quot;enableResponsive&quot;:&quot;0&quot;,&quot;tabletColumns&quot;:&quot;2&quot;,&quot;mobileColumns&quot;:&quot;1&quot;,&quot;lazyLoad&quot;:0,&quot;lightboxOpts&quot;:{&quot;animated&quot;:true,&quot;Thumbs&quot;:{&quot;type&quot;:&quot;modern&quot;,&quot;showOnStart&quot;:false},&quot;Toolbar&quot;:{&quot;display&quot;:{&quot;right&quot;:[&quot;close&quot;]},&quot;enabled&quot;:true},&quot;Carousel&quot;:{&quot;Panzoom&quot;:{&quot;touch&quot;:true},&quot;infinite&quot;:false},&quot;keyboard&quot;:{&quot;Escape&quot;:&quot;close&quot;,&quot;Delete&quot;:&quot;close&quot;,&quot;Backspace&quot;:&quot;close&quot;,&quot;PageUp&quot;:false,&quot;PageDown&quot;:false,&quot;ArrowUp&quot;:false,&quot;ArrowDown&quot;:false,&quot;ArrowRight&quot;:false,&quot;ArrowLeft&quot;:false},&quot;touch&quot;:false,&quot;backdropClick&quot;:false,&quot;l10n&quot;:{&quot;CLOSE&quot;:&quot;Close&quot;,&quot;NEXT&quot;:&quot;Next&quot;,&quot;PREV&quot;:&quot;Previous&quot;,&quot;Error&quot;:&quot;The requested content cannot be loaded. Please try again later.&quot;,&quot;PLAY_START&quot;:&quot;Start slideshow&quot;,&quot;PLAY_STOP&quot;:&quot;Pause slideshow&quot;,&quot;FULL_SCREEN&quot;:&quot;Full screen&quot;,&quot;THUMBS&quot;:&quot;Thumbnails&quot;,&quot;DOWNLOAD&quot;:&quot;Download&quot;,&quot;SHARE&quot;:&quot;Share&quot;,&quot;ZOOM&quot;:&quot;Zoom&quot;,&quot;EMAIL&quot;:&quot;Here is the link to the image : %%image_link%% and this is the link to the gallery : %%gallery_link%%&quot;,&quot;MODAL&quot;:&quot;You can close this modal content with the ESC key&quot;,&quot;ERROR&quot;:&quot;Something Went Wrong, Please Try Again Later&quot;,&quot;IMAGE_ERROR&quot;:&quot;Image Not Found&quot;,&quot;ELEMENT_NOT_FOUND&quot;:&quot;HTML Element Not Found&quot;,&quot;AJAX_NOT_FOUND&quot;:&quot;Error Loading AJAX : Not Found&quot;,&quot;AJAX_FORBIDDEN&quot;:&quot;Error Loading AJAX : Forbidden&quot;,&quot;IFRAME_ERROR&quot;:&quot;Error Loading Page&quot;,&quot;TOGGLE_ZOOM&quot;:&quot;Toggle zoom level&quot;,&quot;TOGGLE_THUMBS&quot;:&quot;Toggle thumbnails&quot;,&quot;TOGGLE_SLIDESHOW&quot;:&quot;Toggle slideshow&quot;,&quot;TOGGLE_FULLSCREEN&quot;:&quot;Toggle full-screen mode&quot;},&quot;Images&quot;:{&quot;Panzoom&quot;:{&quot;maxScale&quot;:2}},&quot;mainClass&quot;:&quot;modula-fancybox-container modula-lightbox-jtg-1806&quot;,&quot;Html&quot;:{&quot;videoAutoplay&quot;:0,&quot;videoTpl&quot;:&quot;&lt;video class=\\&quot;fancybox__html5video\\&quot; controls muted playsinline controlsList controlsList=\\&quot;nodownload\\&quot; poster=\\&quot;{{poster}}\\&quot; src=\\&quot;{{src}}\\&quot; type=\\&quot;{{format}}\\&quot; &gt;  Sorry, your browser doesn&#039;t support embedded videos, &lt;a href=\\&quot;{{src}}\\&quot;&gt; download &lt;\\\/a&gt; and watch with your favorite video player! &lt;\\\/video&gt;&quot;}},&quot;inView&quot;:false,&quot;email_subject&quot;:&quot;Check out this awesome image !!&quot;,&quot;email_message&quot;:&quot;Here is the link to the image : %%image_link%% and this is the link to the gallery : %%gallery_link%%&quot;,&quot;grid_type&quot;:&quot;2&quot;,&quot;rowHeight&quot;:0,&quot;lastRow&quot;:&quot;&quot;,&quot;lightbox&quot;:&quot;fancybox&quot;}\">\n\n\t<div class=\"modula-grid-sizer\"> <\/div>\n\t<div  class=\"modula-items grid-gallery\">\n\t\t<div class=\"modula-item effect-pufrobo\" >\n\t<div class=\"modula-item-overlay\"><\/div>\n\n\t<div class=\"modula-item-content\">\n\n\t\t<a data-image-id=\"1732\" role=\"button\" tabindex=\"0\" rel=\"jtg-1806\" data-caption=\"\" aria-label=\"Open image in lightbox\" class=\"tile-inner modula-item-link\"><\/a><img loading=\"lazy\" decoding=\"async\" class=\"pic wp-image-1732\"  data-valign=\"middle\" data-halign=\"center\" alt=\". .\" data-full=\"https:\/\/www.anne-dasilva.com\/wp-content\/uploads\/311527069_3361582030755273_2229305898029848071_n.jpg\" title=\"po\u00e9tique de la parent\u00e9 et des itin\u00e9raires li\u00e9s\" crop=\"\" width=\"1365\" height=\"2048\" src=\"https:\/\/www.anne-dasilva.com\/wp-content\/uploads\/311527069_3361582030755273_2229305898029848071_n.jpg\" data-src=\"https:\/\/www.anne-dasilva.com\/wp-content\/uploads\/311527069_3361582030755273_2229305898029848071_n.jpg\" data-caption=\"\" srcset=\"https:\/\/www.anne-dasilva.com\/wp-content\/uploads\/311527069_3361582030755273_2229305898029848071_n.jpg 1365w, https:\/\/www.anne-dasilva.com\/wp-content\/uploads\/311527069_3361582030755273_2229305898029848071_n-200x300.jpg 200w, https:\/\/www.anne-dasilva.com\/wp-content\/uploads\/311527069_3361582030755273_2229305898029848071_n-700x1050.jpg 700w, https:\/\/www.anne-dasilva.com\/wp-content\/uploads\/311527069_3361582030755273_2229305898029848071_n-768x1152.jpg 768w, https:\/\/www.anne-dasilva.com\/wp-content\/uploads\/311527069_3361582030755273_2229305898029848071_n-1024x1536.jpg 1024w, https:\/\/www.anne-dasilva.com\/wp-content\/uploads\/311527069_3361582030755273_2229305898029848071_n-800x1200.jpg 800w\" sizes=\"auto, (max-width: 1365px) 100vw, 1365px\" \/>\n\t\t<div class=\"figc no-description\">\n\t\t\t<div class=\"figc-inner\">\n\t\t\t\t\t\t\t\t\t\t\t\t\t\t\t<\/div>\n\t\t<\/div>\n\n\t<\/div>\n\n<\/div><div class=\"modula-item effect-pufrobo\" >\n\t<div class=\"modula-item-overlay\"><\/div>\n\n\t<div class=\"modula-item-content\">\n\n\t\t<a data-image-id=\"1739\" role=\"button\" tabindex=\"0\" rel=\"jtg-1806\" data-caption=\"\" aria-label=\"Open image in lightbox\" class=\"tile-inner modula-item-link\"><\/a><img loading=\"lazy\" decoding=\"async\" class=\"pic wp-image-1739\"  data-valign=\"middle\" data-halign=\"center\" alt=\". .\" data-full=\"https:\/\/www.anne-dasilva.com\/wp-content\/uploads\/305770737_3322948741285269_6377905614839007961_n.jpg\" title=\"305770737_3322948741285269_6377905614839007961_n\" crop=\"\" width=\"2048\" height=\"1152\" src=\"https:\/\/www.anne-dasilva.com\/wp-content\/uploads\/305770737_3322948741285269_6377905614839007961_n.jpg\" data-src=\"https:\/\/www.anne-dasilva.com\/wp-content\/uploads\/305770737_3322948741285269_6377905614839007961_n.jpg\" data-caption=\"\" srcset=\"https:\/\/www.anne-dasilva.com\/wp-content\/uploads\/305770737_3322948741285269_6377905614839007961_n.jpg 2048w, https:\/\/www.anne-dasilva.com\/wp-content\/uploads\/305770737_3322948741285269_6377905614839007961_n-300x169.jpg 300w, https:\/\/www.anne-dasilva.com\/wp-content\/uploads\/305770737_3322948741285269_6377905614839007961_n-700x394.jpg 700w, https:\/\/www.anne-dasilva.com\/wp-content\/uploads\/305770737_3322948741285269_6377905614839007961_n-768x432.jpg 768w, https:\/\/www.anne-dasilva.com\/wp-content\/uploads\/305770737_3322948741285269_6377905614839007961_n-1536x864.jpg 1536w, https:\/\/www.anne-dasilva.com\/wp-content\/uploads\/305770737_3322948741285269_6377905614839007961_n-800x450.jpg 800w\" sizes=\"auto, (max-width: 2048px) 100vw, 2048px\" \/>\n\t\t<div class=\"figc no-description\">\n\t\t\t<div class=\"figc-inner\">\n\t\t\t\t\t\t\t\t\t\t\t\t\t\t\t<\/div>\n\t\t<\/div>\n\n\t<\/div>\n\n<\/div><div class=\"modula-item effect-pufrobo\" >\n\t<div class=\"modula-item-overlay\"><\/div>\n\n\t<div class=\"modula-item-content\">\n\n\t\t<a data-image-id=\"1566\" role=\"button\" tabindex=\"0\" rel=\"jtg-1806\" data-caption=\"\" aria-label=\"Open image in lightbox\" class=\"tile-inner modula-item-link\"><\/a><img loading=\"lazy\" decoding=\"async\" class=\"pic wp-image-1566\"  data-valign=\"middle\" data-halign=\"center\" alt=\"\" data-full=\"https:\/\/www.anne-dasilva.com\/wp-content\/uploads\/poetique.jpg\" title=\"po\u00e9tique\" crop=\"\" width=\"1800\" height=\"1354\" src=\"https:\/\/www.anne-dasilva.com\/wp-content\/uploads\/poetique.jpg\" data-src=\"https:\/\/www.anne-dasilva.com\/wp-content\/uploads\/poetique.jpg\" data-caption=\"\" srcset=\"https:\/\/www.anne-dasilva.com\/wp-content\/uploads\/poetique.jpg 1800w, https:\/\/www.anne-dasilva.com\/wp-content\/uploads\/poetique-300x226.jpg 300w, https:\/\/www.anne-dasilva.com\/wp-content\/uploads\/poetique-700x527.jpg 700w, https:\/\/www.anne-dasilva.com\/wp-content\/uploads\/poetique-768x578.jpg 768w, https:\/\/www.anne-dasilva.com\/wp-content\/uploads\/poetique-1536x1155.jpg 1536w, https:\/\/www.anne-dasilva.com\/wp-content\/uploads\/poetique-800x602.jpg 800w, https:\/\/www.anne-dasilva.com\/wp-content\/uploads\/poetique-80x60.jpg 80w\" sizes=\"auto, (max-width: 1800px) 100vw, 1800px\" \/>\n\t\t<div class=\"figc no-description\">\n\t\t\t<div class=\"figc-inner\">\n\t\t\t\t\t\t\t\t\t\t\t\t\t\t\t<\/div>\n\t\t<\/div>\n\n\t<\/div>\n\n<\/div><div class=\"modula-item effect-pufrobo\" >\n\t<div class=\"modula-item-overlay\"><\/div>\n\n\t<div class=\"modula-item-content\">\n\n\t\t<a data-image-id=\"1778\" role=\"button\" tabindex=\"0\" rel=\"jtg-1806\" data-caption=\"\" aria-label=\"Open image in lightbox\" class=\"tile-inner modula-item-link\"><\/a><img loading=\"lazy\" decoding=\"async\" class=\"pic wp-image-1778\"  data-valign=\"middle\" data-halign=\"center\" alt=\". .\" data-full=\"https:\/\/www.anne-dasilva.com\/wp-content\/uploads\/197372693_2974084412838372_7082237538407354468_n.jpg\" title=\"197372693_2974084412838372_7082237538407354468_n\" crop=\"\" width=\"1926\" height=\"1234\" src=\"https:\/\/www.anne-dasilva.com\/wp-content\/uploads\/197372693_2974084412838372_7082237538407354468_n.jpg\" data-src=\"https:\/\/www.anne-dasilva.com\/wp-content\/uploads\/197372693_2974084412838372_7082237538407354468_n.jpg\" data-caption=\"\" srcset=\"https:\/\/www.anne-dasilva.com\/wp-content\/uploads\/197372693_2974084412838372_7082237538407354468_n.jpg 1926w, https:\/\/www.anne-dasilva.com\/wp-content\/uploads\/197372693_2974084412838372_7082237538407354468_n-300x192.jpg 300w, https:\/\/www.anne-dasilva.com\/wp-content\/uploads\/197372693_2974084412838372_7082237538407354468_n-700x448.jpg 700w, https:\/\/www.anne-dasilva.com\/wp-content\/uploads\/197372693_2974084412838372_7082237538407354468_n-768x492.jpg 768w, https:\/\/www.anne-dasilva.com\/wp-content\/uploads\/197372693_2974084412838372_7082237538407354468_n-1536x984.jpg 1536w, https:\/\/www.anne-dasilva.com\/wp-content\/uploads\/197372693_2974084412838372_7082237538407354468_n-800x513.jpg 800w\" sizes=\"auto, (max-width: 1926px) 100vw, 1926px\" \/>\n\t\t<div class=\"figc no-description\">\n\t\t\t<div class=\"figc-inner\">\n\t\t\t\t\t\t\t\t\t\t\t\t\t\t\t<\/div>\n\t\t<\/div>\n\n\t<\/div>\n\n<\/div><div class=\"modula-item effect-pufrobo\" >\n\t<div class=\"modula-item-overlay\"><\/div>\n\n\t<div class=\"modula-item-content\">\n\n\t\t<a data-image-id=\"1584\" role=\"button\" tabindex=\"0\" rel=\"jtg-1806\" data-caption=\"\" aria-label=\"Open image in lightbox\" class=\"tile-inner modula-item-link\"><\/a><img loading=\"lazy\" decoding=\"async\" class=\"pic wp-image-1584\"  data-valign=\"middle\" data-halign=\"center\" alt=\"\" data-full=\"https:\/\/www.anne-dasilva.com\/wp-content\/uploads\/20210422_115546pho.jpg\" title=\"20210422_115546pho\" crop=\"\" width=\"2560\" height=\"1440\" src=\"https:\/\/www.anne-dasilva.com\/wp-content\/uploads\/20210422_115546pho.jpg\" data-src=\"https:\/\/www.anne-dasilva.com\/wp-content\/uploads\/20210422_115546pho.jpg\" data-caption=\"\" srcset=\"https:\/\/www.anne-dasilva.com\/wp-content\/uploads\/20210422_115546pho-scaled.jpg 2560w, https:\/\/www.anne-dasilva.com\/wp-content\/uploads\/20210422_115546pho-300x169.jpg 300w, https:\/\/www.anne-dasilva.com\/wp-content\/uploads\/20210422_115546pho-700x394.jpg 700w, https:\/\/www.anne-dasilva.com\/wp-content\/uploads\/20210422_115546pho-768x432.jpg 768w, https:\/\/www.anne-dasilva.com\/wp-content\/uploads\/20210422_115546pho-1536x864.jpg 1536w, https:\/\/www.anne-dasilva.com\/wp-content\/uploads\/20210422_115546pho-2048x1152.jpg 2048w, https:\/\/www.anne-dasilva.com\/wp-content\/uploads\/20210422_115546pho-800x450.jpg 800w\" sizes=\"auto, (max-width: 2560px) 100vw, 2560px\" \/>\n\t\t<div class=\"figc no-description\">\n\t\t\t<div class=\"figc-inner\">\n\t\t\t\t\t\t\t\t\t\t\t\t\t\t\t<\/div>\n\t\t<\/div>\n\n\t<\/div>\n\n<\/div><div class=\"modula-item effect-pufrobo\" >\n\t<div class=\"modula-item-overlay\"><\/div>\n\n\t<div class=\"modula-item-content\">\n\n\t\t<a data-image-id=\"1568\" role=\"button\" tabindex=\"0\" rel=\"jtg-1806\" data-caption=\"\" aria-label=\"Open image in lightbox\" class=\"tile-inner modula-item-link\"><\/a><img loading=\"lazy\" decoding=\"async\" class=\"pic wp-image-1568\"  data-valign=\"middle\" data-halign=\"center\" alt=\"\" data-full=\"https:\/\/www.anne-dasilva.com\/wp-content\/uploads\/poetique3.jpg\" title=\"po\u00e9tique3\" crop=\"\" width=\"2256\" height=\"1438\" src=\"https:\/\/www.anne-dasilva.com\/wp-content\/uploads\/poetique3.jpg\" data-src=\"https:\/\/www.anne-dasilva.com\/wp-content\/uploads\/poetique3.jpg\" data-caption=\"\" srcset=\"https:\/\/www.anne-dasilva.com\/wp-content\/uploads\/poetique3.jpg 2256w, https:\/\/www.anne-dasilva.com\/wp-content\/uploads\/poetique3-300x191.jpg 300w, https:\/\/www.anne-dasilva.com\/wp-content\/uploads\/poetique3-700x446.jpg 700w, https:\/\/www.anne-dasilva.com\/wp-content\/uploads\/poetique3-768x490.jpg 768w, https:\/\/www.anne-dasilva.com\/wp-content\/uploads\/poetique3-1536x979.jpg 1536w, https:\/\/www.anne-dasilva.com\/wp-content\/uploads\/poetique3-2048x1305.jpg 2048w, https:\/\/www.anne-dasilva.com\/wp-content\/uploads\/poetique3-800x510.jpg 800w\" sizes=\"auto, (max-width: 2256px) 100vw, 2256px\" \/>\n\t\t<div class=\"figc no-description\">\n\t\t\t<div class=\"figc-inner\">\n\t\t\t\t\t\t\t\t\t\t\t\t\t\t\t<\/div>\n\t\t<\/div>\n\n\t<\/div>\n\n<\/div>\t\t\n\t<\/div>\n\n\t\n\t\n\t<script type=\"application\/ld+json\">\n\t{\n\t\t\"@context\": \"http:\/\/schema.org\",\n\t\t\"@type\"   : \"ImageGallery\",\n\t\t\"id\"      : \"https:\/\/www.anne-dasilva.com\/?page_id=1603\/\",\n\t\t\"url\"     : \"https:\/\/www.anne-dasilva.com\/?page_id=1603\/\"\n\t}\n\n\t<\/script>\n\n\t\n<\/div>\n<\/code><\/p>\n","protected":false},"excerpt":{"rendered":"<p>Cette s\u00e9rie de fragments d\u2019enveloppes de mati\u00e8res organiques en gr\u00e8s et porcelaine d\u00e9ploie une vari\u00e9t\u00e9 de formes, dont les analogies et les continuit\u00e9s \u00e9voque la porosit\u00e9 entre les r\u00e8gnes du vivant, et nos ancestralit\u00e9s li\u00e9es Porcelaine et gr\u00e8s, cuisson haute temp\u00e9rature<\/p>\n","protected":false},"author":1,"featured_media":0,"parent":0,"menu_order":0,"comment_status":"closed","ping_status":"closed","template":"","meta":{"footnotes":""},"class_list":["post-1603","page","type-page","status-publish","hentry"],"_links":{"self":[{"href":"https:\/\/www.anne-dasilva.com\/index.php?rest_route=\/wp\/v2\/pages\/1603","targetHints":{"allow":["GET"]}}],"collection":[{"href":"https:\/\/www.anne-dasilva.com\/index.php?rest_route=\/wp\/v2\/pages"}],"about":[{"href":"https:\/\/www.anne-dasilva.com\/index.php?rest_route=\/wp\/v2\/types\/page"}],"author":[{"embeddable":true,"href":"https:\/\/www.anne-dasilva.com\/index.php?rest_route=\/wp\/v2\/users\/1"}],"replies":[{"embeddable":true,"href":"https:\/\/www.anne-dasilva.com\/index.php?rest_route=%2Fwp%2Fv2%2Fcomments&post=1603"}],"version-history":[{"count":2,"href":"https:\/\/www.anne-dasilva.com\/index.php?rest_route=\/wp\/v2\/pages\/1603\/revisions"}],"predecessor-version":[{"id":1605,"href":"https:\/\/www.anne-dasilva.com\/index.php?rest_route=\/wp\/v2\/pages\/1603\/revisions\/1605"}],"wp:attachment":[{"href":"https:\/\/www.anne-dasilva.com\/index.php?rest_route=%2Fwp%2Fv2%2Fmedia&parent=1603"}],"curies":[{"name":"wp","href":"https:\/\/api.w.org\/{rel}","templated":true}]}}