{"id":1598,"date":"2021-09-07T13:53:48","date_gmt":"2021-09-07T12:53:48","guid":{"rendered":"https:\/\/www.anne-dasilva.com\/?page_id=1598"},"modified":"2021-09-07T14:01:01","modified_gmt":"2021-09-07T13:01:01","slug":"curiosites","status":"publish","type":"page","link":"https:\/\/www.anne-dasilva.com\/?page_id=1598","title":{"rendered":"Curiosit\u00e9s"},"content":{"rendered":"<p><b>\u00ab\u00a0<\/b><b>Curiosit\u00e9s\u00a0\u00bb<\/b> s\u00e9ries de sculptures en mati\u00e8res animales\u00a0: os, ar\u00eates, cire, corne, cheveux, boyaux, coquillages, \u00e9cailles, peaux de poissons, piquants d\u2019h\u00e9risson, plumes, crin \u2026.<\/p>\n<p><code id=\"envira_shortcode_1580\"><div  id=\"jtg-1805\" class=\"modula modula-gallery modula-columns\" data-config=\"{&quot;tabletHeight&quot;:0,&quot;mobileHeight&quot;:0,&quot;desktopHeight&quot;:0,&quot;enableTwitter&quot;:false,&quot;enableWhatsapp&quot;:false,&quot;enableFacebook&quot;:false,&quot;enablePinterest&quot;:false,&quot;enableLinkedin&quot;:false,&quot;enableEmail&quot;:false,&quot;randomFactor&quot;:0,&quot;type&quot;:&quot;grid&quot;,&quot;columns&quot;:12,&quot;gutter&quot;:10,&quot;mobileGutter&quot;:10,&quot;tabletGutter&quot;:10,&quot;desktopGutter&quot;:10,&quot;enableResponsive&quot;:&quot;0&quot;,&quot;tabletColumns&quot;:&quot;2&quot;,&quot;mobileColumns&quot;:&quot;1&quot;,&quot;lazyLoad&quot;:0,&quot;lightboxOpts&quot;:{&quot;animated&quot;:true,&quot;Thumbs&quot;:{&quot;type&quot;:&quot;modern&quot;,&quot;showOnStart&quot;:false},&quot;Toolbar&quot;:{&quot;display&quot;:{&quot;right&quot;:[&quot;close&quot;]},&quot;enabled&quot;:true},&quot;Carousel&quot;:{&quot;Panzoom&quot;:{&quot;touch&quot;:true},&quot;infinite&quot;:false},&quot;keyboard&quot;:{&quot;Escape&quot;:&quot;close&quot;,&quot;Delete&quot;:&quot;close&quot;,&quot;Backspace&quot;:&quot;close&quot;,&quot;PageUp&quot;:false,&quot;PageDown&quot;:false,&quot;ArrowUp&quot;:false,&quot;ArrowDown&quot;:false,&quot;ArrowRight&quot;:false,&quot;ArrowLeft&quot;:false},&quot;touch&quot;:false,&quot;backdropClick&quot;:false,&quot;l10n&quot;:{&quot;CLOSE&quot;:&quot;Close&quot;,&quot;NEXT&quot;:&quot;Next&quot;,&quot;PREV&quot;:&quot;Previous&quot;,&quot;Error&quot;:&quot;The requested content cannot be loaded. Please try again later.&quot;,&quot;PLAY_START&quot;:&quot;Start slideshow&quot;,&quot;PLAY_STOP&quot;:&quot;Pause slideshow&quot;,&quot;FULL_SCREEN&quot;:&quot;Full screen&quot;,&quot;THUMBS&quot;:&quot;Thumbnails&quot;,&quot;DOWNLOAD&quot;:&quot;Download&quot;,&quot;SHARE&quot;:&quot;Share&quot;,&quot;ZOOM&quot;:&quot;Zoom&quot;,&quot;EMAIL&quot;:&quot;Here is the link to the image : %%image_link%% and this is the link to the gallery : %%gallery_link%%&quot;,&quot;MODAL&quot;:&quot;You can close this modal content with the ESC key&quot;,&quot;ERROR&quot;:&quot;Something Went Wrong, Please Try Again Later&quot;,&quot;IMAGE_ERROR&quot;:&quot;Image Not Found&quot;,&quot;ELEMENT_NOT_FOUND&quot;:&quot;HTML Element Not Found&quot;,&quot;AJAX_NOT_FOUND&quot;:&quot;Error Loading AJAX : Not Found&quot;,&quot;AJAX_FORBIDDEN&quot;:&quot;Error Loading AJAX : Forbidden&quot;,&quot;IFRAME_ERROR&quot;:&quot;Error Loading Page&quot;,&quot;TOGGLE_ZOOM&quot;:&quot;Toggle zoom level&quot;,&quot;TOGGLE_THUMBS&quot;:&quot;Toggle thumbnails&quot;,&quot;TOGGLE_SLIDESHOW&quot;:&quot;Toggle slideshow&quot;,&quot;TOGGLE_FULLSCREEN&quot;:&quot;Toggle full-screen mode&quot;},&quot;Images&quot;:{&quot;Panzoom&quot;:{&quot;maxScale&quot;:2}},&quot;mainClass&quot;:&quot;modula-fancybox-container modula-lightbox-jtg-1805&quot;,&quot;Html&quot;:{&quot;videoAutoplay&quot;:0,&quot;videoTpl&quot;:&quot;&lt;video class=\\&quot;fancybox__html5video\\&quot; controls muted playsinline controlsList controlsList=\\&quot;nodownload\\&quot; poster=\\&quot;{{poster}}\\&quot; src=\\&quot;{{src}}\\&quot; type=\\&quot;{{format}}\\&quot; &gt;  Sorry, your browser doesn&#039;t support embedded videos, &lt;a href=\\&quot;{{src}}\\&quot;&gt; download &lt;\\\/a&gt; and watch with your favorite video player! &lt;\\\/video&gt;&quot;}},&quot;inView&quot;:false,&quot;email_subject&quot;:&quot;Check out this awesome image !!&quot;,&quot;email_message&quot;:&quot;Here is the link to the image : %%image_link%% and this is the link to the gallery : %%gallery_link%%&quot;,&quot;grid_type&quot;:&quot;2&quot;,&quot;rowHeight&quot;:0,&quot;lastRow&quot;:&quot;&quot;,&quot;lightbox&quot;:&quot;fancybox&quot;}\">\n\n\t<div class=\"modula-grid-sizer\"> <\/div>\n\t<div  class=\"modula-items grid-gallery\">\n\t\t<div class=\"modula-item effect-pufrobo\" >\n\t<div class=\"modula-item-overlay\"><\/div>\n\n\t<div class=\"modula-item-content\">\n\n\t\t<a data-image-id=\"1550\" role=\"button\" tabindex=\"0\" rel=\"jtg-1805\" data-caption=\"\" aria-label=\"Open image in lightbox\" class=\"tile-inner modula-item-link\"><\/a><img loading=\"lazy\" decoding=\"async\" class=\"pic wp-image-1550\"  data-valign=\"middle\" data-halign=\"center\" alt=\"\" data-full=\"https:\/\/www.anne-dasilva.com\/wp-content\/uploads\/expo3.jpg\" title=\"expo3\" crop=\"\" width=\"1680\" height=\"1504\" src=\"https:\/\/www.anne-dasilva.com\/wp-content\/uploads\/expo3.jpg\" data-src=\"https:\/\/www.anne-dasilva.com\/wp-content\/uploads\/expo3.jpg\" data-caption=\"\" srcset=\"https:\/\/www.anne-dasilva.com\/wp-content\/uploads\/expo3.jpg 1680w, https:\/\/www.anne-dasilva.com\/wp-content\/uploads\/expo3-300x269.jpg 300w, https:\/\/www.anne-dasilva.com\/wp-content\/uploads\/expo3-700x627.jpg 700w, https:\/\/www.anne-dasilva.com\/wp-content\/uploads\/expo3-768x688.jpg 768w, https:\/\/www.anne-dasilva.com\/wp-content\/uploads\/expo3-1536x1375.jpg 1536w, https:\/\/www.anne-dasilva.com\/wp-content\/uploads\/expo3-800x716.jpg 800w\" sizes=\"auto, (max-width: 1680px) 100vw, 1680px\" \/>\n\t\t<div class=\"figc no-description\">\n\t\t\t<div class=\"figc-inner\">\n\t\t\t\t\t\t\t\t\t\t\t\t\t\t\t<\/div>\n\t\t<\/div>\n\n\t<\/div>\n\n<\/div><div class=\"modula-item effect-pufrobo\" >\n\t<div class=\"modula-item-overlay\"><\/div>\n\n\t<div class=\"modula-item-content\">\n\n\t\t<a data-image-id=\"1773\" role=\"button\" tabindex=\"0\" rel=\"jtg-1805\" data-caption=\"\" aria-label=\"Open image in lightbox\" class=\"tile-inner modula-item-link\"><\/a><img loading=\"lazy\" decoding=\"async\" class=\"pic wp-image-1773\"  data-valign=\"middle\" data-halign=\"center\" alt=\". .\" data-full=\"https:\/\/www.anne-dasilva.com\/wp-content\/uploads\/243507777_3058979111015568_7144101421030293786_n.jpg\" title=\"243507777_3058979111015568_7144101421030293786_n\" crop=\"\" width=\"1570\" height=\"1044\" src=\"https:\/\/www.anne-dasilva.com\/wp-content\/uploads\/243507777_3058979111015568_7144101421030293786_n.jpg\" data-src=\"https:\/\/www.anne-dasilva.com\/wp-content\/uploads\/243507777_3058979111015568_7144101421030293786_n.jpg\" data-caption=\"\" srcset=\"https:\/\/www.anne-dasilva.com\/wp-content\/uploads\/243507777_3058979111015568_7144101421030293786_n.jpg 1570w, https:\/\/www.anne-dasilva.com\/wp-content\/uploads\/243507777_3058979111015568_7144101421030293786_n-300x199.jpg 300w, https:\/\/www.anne-dasilva.com\/wp-content\/uploads\/243507777_3058979111015568_7144101421030293786_n-700x465.jpg 700w, https:\/\/www.anne-dasilva.com\/wp-content\/uploads\/243507777_3058979111015568_7144101421030293786_n-768x511.jpg 768w, https:\/\/www.anne-dasilva.com\/wp-content\/uploads\/243507777_3058979111015568_7144101421030293786_n-1536x1021.jpg 1536w, https:\/\/www.anne-dasilva.com\/wp-content\/uploads\/243507777_3058979111015568_7144101421030293786_n-800x532.jpg 800w\" sizes=\"auto, (max-width: 1570px) 100vw, 1570px\" \/>\n\t\t<div class=\"figc no-description\">\n\t\t\t<div class=\"figc-inner\">\n\t\t\t\t\t\t\t\t\t\t\t\t\t\t\t<\/div>\n\t\t<\/div>\n\n\t<\/div>\n\n<\/div><div class=\"modula-item effect-pufrobo\" >\n\t<div class=\"modula-item-overlay\"><\/div>\n\n\t<div class=\"modula-item-content\">\n\n\t\t<a data-image-id=\"1546\" role=\"button\" tabindex=\"0\" rel=\"jtg-1805\" data-caption=\"\" aria-label=\"Open image in lightbox\" class=\"tile-inner modula-item-link\"><\/a><img loading=\"lazy\" decoding=\"async\" class=\"pic wp-image-1546\"  data-valign=\"middle\" data-halign=\"center\" alt=\"\" data-full=\"https:\/\/www.anne-dasilva.com\/wp-content\/uploads\/ecailles.jpg\" title=\"\u00e9cailles\" crop=\"\" width=\"1504\" height=\"2136\" src=\"https:\/\/www.anne-dasilva.com\/wp-content\/uploads\/ecailles.jpg\" data-src=\"https:\/\/www.anne-dasilva.com\/wp-content\/uploads\/ecailles.jpg\" data-caption=\"\" srcset=\"https:\/\/www.anne-dasilva.com\/wp-content\/uploads\/ecailles.jpg 1504w, https:\/\/www.anne-dasilva.com\/wp-content\/uploads\/ecailles-211x300.jpg 211w, https:\/\/www.anne-dasilva.com\/wp-content\/uploads\/ecailles-700x994.jpg 700w, https:\/\/www.anne-dasilva.com\/wp-content\/uploads\/ecailles-768x1091.jpg 768w, https:\/\/www.anne-dasilva.com\/wp-content\/uploads\/ecailles-1082x1536.jpg 1082w, https:\/\/www.anne-dasilva.com\/wp-content\/uploads\/ecailles-1442x2048.jpg 1442w, https:\/\/www.anne-dasilva.com\/wp-content\/uploads\/ecailles-800x1136.jpg 800w\" sizes=\"auto, (max-width: 1504px) 100vw, 1504px\" \/>\n\t\t<div class=\"figc no-description\">\n\t\t\t<div class=\"figc-inner\">\n\t\t\t\t\t\t\t\t\t\t\t\t\t\t\t<\/div>\n\t\t<\/div>\n\n\t<\/div>\n\n<\/div><div class=\"modula-item effect-pufrobo\" >\n\t<div class=\"modula-item-overlay\"><\/div>\n\n\t<div class=\"modula-item-content\">\n\n\t\t<a data-image-id=\"1547\" role=\"button\" tabindex=\"0\" rel=\"jtg-1805\" data-caption=\"\" aria-label=\"Open image in lightbox\" class=\"tile-inner modula-item-link\"><\/a><img loading=\"lazy\" decoding=\"async\" class=\"pic wp-image-1547\"  data-valign=\"middle\" data-halign=\"center\" alt=\"\" data-full=\"https:\/\/www.anne-dasilva.com\/wp-content\/uploads\/ecailles2.jpg\" title=\"\u00e9cailles2\" crop=\"\" width=\"1408\" height=\"2256\" src=\"https:\/\/www.anne-dasilva.com\/wp-content\/uploads\/ecailles2.jpg\" data-src=\"https:\/\/www.anne-dasilva.com\/wp-content\/uploads\/ecailles2.jpg\" data-caption=\"\" srcset=\"https:\/\/www.anne-dasilva.com\/wp-content\/uploads\/ecailles2.jpg 1408w, https:\/\/www.anne-dasilva.com\/wp-content\/uploads\/ecailles2-187x300.jpg 187w, https:\/\/www.anne-dasilva.com\/wp-content\/uploads\/ecailles2-700x1122.jpg 700w, https:\/\/www.anne-dasilva.com\/wp-content\/uploads\/ecailles2-768x1231.jpg 768w, https:\/\/www.anne-dasilva.com\/wp-content\/uploads\/ecailles2-959x1536.jpg 959w, https:\/\/www.anne-dasilva.com\/wp-content\/uploads\/ecailles2-1278x2048.jpg 1278w, https:\/\/www.anne-dasilva.com\/wp-content\/uploads\/ecailles2-800x1282.jpg 800w\" sizes=\"auto, (max-width: 1408px) 100vw, 1408px\" \/>\n\t\t<div class=\"figc no-description\">\n\t\t\t<div class=\"figc-inner\">\n\t\t\t\t\t\t\t\t\t\t\t\t\t\t\t<\/div>\n\t\t<\/div>\n\n\t<\/div>\n\n<\/div><div class=\"modula-item effect-pufrobo\" >\n\t<div class=\"modula-item-overlay\"><\/div>\n\n\t<div class=\"modula-item-content\">\n\n\t\t<a data-image-id=\"1545\" role=\"button\" tabindex=\"0\" rel=\"jtg-1805\" data-caption=\"\" aria-label=\"Open image in lightbox\" class=\"tile-inner modula-item-link\"><\/a><img loading=\"lazy\" decoding=\"async\" class=\"pic wp-image-1545\"  data-valign=\"middle\" data-halign=\"center\" alt=\"\" data-full=\"https:\/\/www.anne-dasilva.com\/wp-content\/uploads\/corne.jpg\" title=\"corne\" crop=\"\" width=\"2256\" height=\"1504\" src=\"https:\/\/www.anne-dasilva.com\/wp-content\/uploads\/corne.jpg\" data-src=\"https:\/\/www.anne-dasilva.com\/wp-content\/uploads\/corne.jpg\" data-caption=\"\" srcset=\"https:\/\/www.anne-dasilva.com\/wp-content\/uploads\/corne.jpg 2256w, https:\/\/www.anne-dasilva.com\/wp-content\/uploads\/corne-300x200.jpg 300w, https:\/\/www.anne-dasilva.com\/wp-content\/uploads\/corne-700x467.jpg 700w, https:\/\/www.anne-dasilva.com\/wp-content\/uploads\/corne-768x512.jpg 768w, https:\/\/www.anne-dasilva.com\/wp-content\/uploads\/corne-1536x1024.jpg 1536w, https:\/\/www.anne-dasilva.com\/wp-content\/uploads\/corne-2048x1365.jpg 2048w, https:\/\/www.anne-dasilva.com\/wp-content\/uploads\/corne-800x533.jpg 800w\" sizes=\"auto, (max-width: 2256px) 100vw, 2256px\" \/>\n\t\t<div class=\"figc no-description\">\n\t\t\t<div class=\"figc-inner\">\n\t\t\t\t\t\t\t\t\t\t\t\t\t\t\t<\/div>\n\t\t<\/div>\n\n\t<\/div>\n\n<\/div><div class=\"modula-item effect-pufrobo\" >\n\t<div class=\"modula-item-overlay\"><\/div>\n\n\t<div class=\"modula-item-content\">\n\n\t\t<a data-image-id=\"1543\" role=\"button\" tabindex=\"0\" rel=\"jtg-1805\" data-caption=\"\" aria-label=\"Open image in lightbox\" class=\"tile-inner modula-item-link\"><\/a><img loading=\"lazy\" decoding=\"async\" class=\"pic wp-image-1543\"  data-valign=\"middle\" data-halign=\"center\" alt=\"\" data-full=\"https:\/\/www.anne-dasilva.com\/wp-content\/uploads\/coquille-pic.jpg\" title=\"coquille pic\" crop=\"\" width=\"1992\" height=\"1246\" src=\"https:\/\/www.anne-dasilva.com\/wp-content\/uploads\/coquille-pic.jpg\" data-src=\"https:\/\/www.anne-dasilva.com\/wp-content\/uploads\/coquille-pic.jpg\" data-caption=\"\" srcset=\"https:\/\/www.anne-dasilva.com\/wp-content\/uploads\/coquille-pic.jpg 1992w, https:\/\/www.anne-dasilva.com\/wp-content\/uploads\/coquille-pic-300x188.jpg 300w, https:\/\/www.anne-dasilva.com\/wp-content\/uploads\/coquille-pic-700x438.jpg 700w, https:\/\/www.anne-dasilva.com\/wp-content\/uploads\/coquille-pic-768x480.jpg 768w, https:\/\/www.anne-dasilva.com\/wp-content\/uploads\/coquille-pic-1536x961.jpg 1536w, https:\/\/www.anne-dasilva.com\/wp-content\/uploads\/coquille-pic-800x500.jpg 800w, https:\/\/www.anne-dasilva.com\/wp-content\/uploads\/coquille-pic-482x300.jpg 482w\" sizes=\"auto, (max-width: 1992px) 100vw, 1992px\" \/>\n\t\t<div class=\"figc no-description\">\n\t\t\t<div class=\"figc-inner\">\n\t\t\t\t\t\t\t\t\t\t\t\t\t\t\t<\/div>\n\t\t<\/div>\n\n\t<\/div>\n\n<\/div><div class=\"modula-item effect-pufrobo\" >\n\t<div class=\"modula-item-overlay\"><\/div>\n\n\t<div class=\"modula-item-content\">\n\n\t\t<a data-image-id=\"1544\" role=\"button\" tabindex=\"0\" rel=\"jtg-1805\" data-caption=\"\" aria-label=\"Open image in lightbox\" class=\"tile-inner modula-item-link\"><\/a><img loading=\"lazy\" decoding=\"async\" class=\"pic wp-image-1544\"  data-valign=\"middle\" data-halign=\"center\" alt=\"\" data-full=\"https:\/\/www.anne-dasilva.com\/wp-content\/uploads\/corne-cheveux.jpg\" title=\"corne cheveux\" crop=\"\" width=\"2220\" height=\"1504\" src=\"https:\/\/www.anne-dasilva.com\/wp-content\/uploads\/corne-cheveux.jpg\" data-src=\"https:\/\/www.anne-dasilva.com\/wp-content\/uploads\/corne-cheveux.jpg\" data-caption=\"\" srcset=\"https:\/\/www.anne-dasilva.com\/wp-content\/uploads\/corne-cheveux.jpg 2220w, https:\/\/www.anne-dasilva.com\/wp-content\/uploads\/corne-cheveux-300x203.jpg 300w, https:\/\/www.anne-dasilva.com\/wp-content\/uploads\/corne-cheveux-700x474.jpg 700w, https:\/\/www.anne-dasilva.com\/wp-content\/uploads\/corne-cheveux-768x520.jpg 768w, https:\/\/www.anne-dasilva.com\/wp-content\/uploads\/corne-cheveux-1536x1041.jpg 1536w, https:\/\/www.anne-dasilva.com\/wp-content\/uploads\/corne-cheveux-2048x1387.jpg 2048w, https:\/\/www.anne-dasilva.com\/wp-content\/uploads\/corne-cheveux-800x542.jpg 800w\" sizes=\"auto, (max-width: 2220px) 100vw, 2220px\" \/>\n\t\t<div class=\"figc no-description\">\n\t\t\t<div class=\"figc-inner\">\n\t\t\t\t\t\t\t\t\t\t\t\t\t\t\t<\/div>\n\t\t<\/div>\n\n\t<\/div>\n\n<\/div><div class=\"modula-item effect-pufrobo\" >\n\t<div class=\"modula-item-overlay\"><\/div>\n\n\t<div class=\"modula-item-content\">\n\n\t\t<a data-image-id=\"1564\" role=\"button\" tabindex=\"0\" rel=\"jtg-1805\" data-caption=\"\" aria-label=\"Open image in lightbox\" class=\"tile-inner modula-item-link\"><\/a><img loading=\"lazy\" decoding=\"async\" class=\"pic wp-image-1564\"  data-valign=\"middle\" data-halign=\"center\" alt=\"\" data-full=\"https:\/\/www.anne-dasilva.com\/wp-content\/uploads\/os-squelette.jpg\" title=\"os squelette\" crop=\"\" width=\"2256\" height=\"1504\" src=\"https:\/\/www.anne-dasilva.com\/wp-content\/uploads\/os-squelette.jpg\" data-src=\"https:\/\/www.anne-dasilva.com\/wp-content\/uploads\/os-squelette.jpg\" data-caption=\"\" srcset=\"https:\/\/www.anne-dasilva.com\/wp-content\/uploads\/os-squelette.jpg 2256w, https:\/\/www.anne-dasilva.com\/wp-content\/uploads\/os-squelette-300x200.jpg 300w, https:\/\/www.anne-dasilva.com\/wp-content\/uploads\/os-squelette-700x467.jpg 700w, https:\/\/www.anne-dasilva.com\/wp-content\/uploads\/os-squelette-768x512.jpg 768w, https:\/\/www.anne-dasilva.com\/wp-content\/uploads\/os-squelette-1536x1024.jpg 1536w, https:\/\/www.anne-dasilva.com\/wp-content\/uploads\/os-squelette-2048x1365.jpg 2048w, https:\/\/www.anne-dasilva.com\/wp-content\/uploads\/os-squelette-800x533.jpg 800w\" sizes=\"auto, (max-width: 2256px) 100vw, 2256px\" \/>\n\t\t<div class=\"figc no-description\">\n\t\t\t<div class=\"figc-inner\">\n\t\t\t\t\t\t\t\t\t\t\t\t\t\t\t<\/div>\n\t\t<\/div>\n\n\t<\/div>\n\n<\/div><div class=\"modula-item effect-pufrobo\" >\n\t<div class=\"modula-item-overlay\"><\/div>\n\n\t<div class=\"modula-item-content\">\n\n\t\t<a data-image-id=\"1573\" role=\"button\" tabindex=\"0\" rel=\"jtg-1805\" data-caption=\"\" aria-label=\"Open image in lightbox\" class=\"tile-inner modula-item-link\"><\/a><img loading=\"lazy\" decoding=\"async\" class=\"pic wp-image-1573\"  data-valign=\"middle\" data-halign=\"center\" alt=\"\" data-full=\"https:\/\/www.anne-dasilva.com\/wp-content\/uploads\/vers.jpg\" title=\"vers\" crop=\"\" width=\"1504\" height=\"2256\" src=\"https:\/\/www.anne-dasilva.com\/wp-content\/uploads\/vers.jpg\" data-src=\"https:\/\/www.anne-dasilva.com\/wp-content\/uploads\/vers.jpg\" data-caption=\"\" srcset=\"https:\/\/www.anne-dasilva.com\/wp-content\/uploads\/vers.jpg 1504w, https:\/\/www.anne-dasilva.com\/wp-content\/uploads\/vers-200x300.jpg 200w, https:\/\/www.anne-dasilva.com\/wp-content\/uploads\/vers-700x1050.jpg 700w, https:\/\/www.anne-dasilva.com\/wp-content\/uploads\/vers-768x1152.jpg 768w, https:\/\/www.anne-dasilva.com\/wp-content\/uploads\/vers-1024x1536.jpg 1024w, https:\/\/www.anne-dasilva.com\/wp-content\/uploads\/vers-1365x2048.jpg 1365w, https:\/\/www.anne-dasilva.com\/wp-content\/uploads\/vers-800x1200.jpg 800w\" sizes=\"auto, (max-width: 1504px) 100vw, 1504px\" \/>\n\t\t<div class=\"figc no-description\">\n\t\t\t<div class=\"figc-inner\">\n\t\t\t\t\t\t\t\t\t\t\t\t\t\t\t<\/div>\n\t\t<\/div>\n\n\t<\/div>\n\n<\/div>\t\t\n\t<\/div>\n\n\t\n\t\n\t<script type=\"application\/ld+json\">\n\t{\n\t\t\"@context\": \"https:\/\/schema.org\",\n\t\t\"@type\"   : \"ImageGallery\",\n\t\t\"id\"      : \"https:\/\/www.anne-dasilva.com\/?page_id=1598\/#modula-gallery-1805\",\n\t\t\"url\"     : \"https:\/\/www.anne-dasilva.com\/?page_id=1598\/\"\n\t}\n\n\t<\/script>\n\n\t\n<\/div>\n<\/code><\/p>\n<p>Cette s\u00e9rie, a \u00e9t\u00e9 r\u00e9alis\u00e9e lors d&rsquo;une r\u00e9sidence port\u00e9e par La Belle \u00e9toile Vals Le Chastel.<\/p>\n<p>Con\u00e7ue pour l&rsquo;exposition \u00ab\u00a0Histoires naturelles ?\u00a0\u00bb du mus\u00e9e d\u2019Histoire naturelle Thomas Philadelphe \u00e0 Gaillac, cette installation joue sur le trouble qui aur\u00e9ole certaines pi\u00e8ces des collections de mus\u00e9um qui se situent \u00e0 la fronti\u00e8re entre objets ethnographiques, arch\u00e9ologique et organismes issus du monde vivant. Le geste du collectionneur s\u2019\u00e9mancipe parfois de la rigueur de l\u2019\u00e9tude scientifique pour s\u2019attacher aux trouvailles insolites qu\u2019ils font lors de leurs voyages et explorations.<\/p>\n","protected":false},"excerpt":{"rendered":"<p>\u00ab\u00a0Curiosit\u00e9s\u00a0\u00bb s\u00e9ries de sculptures en mati\u00e8res animales\u00a0: os, ar\u00eates, cire, corne, cheveux, boyaux, coquillages, \u00e9cailles, peaux de poissons, piquants d\u2019h\u00e9risson, plumes, crin \u2026. Cette s\u00e9rie, a \u00e9t\u00e9 r\u00e9alis\u00e9e lors d&rsquo;une r\u00e9sidence port\u00e9e par La Belle \u00e9toile Vals Le Chastel. Con\u00e7ue pour l&rsquo;exposition \u00ab\u00a0Histoires naturelles ?\u00a0\u00bb du mus\u00e9e d\u2019Histoire naturelle Thomas Philadelphe \u00e0 Gaillac, cette installation&#8230;<\/p>\n","protected":false},"author":1,"featured_media":0,"parent":1316,"menu_order":0,"comment_status":"closed","ping_status":"closed","template":"","meta":{"footnotes":""},"class_list":["post-1598","page","type-page","status-publish","hentry"],"_links":{"self":[{"href":"https:\/\/www.anne-dasilva.com\/index.php?rest_route=\/wp\/v2\/pages\/1598","targetHints":{"allow":["GET"]}}],"collection":[{"href":"https:\/\/www.anne-dasilva.com\/index.php?rest_route=\/wp\/v2\/pages"}],"about":[{"href":"https:\/\/www.anne-dasilva.com\/index.php?rest_route=\/wp\/v2\/types\/page"}],"author":[{"embeddable":true,"href":"https:\/\/www.anne-dasilva.com\/index.php?rest_route=\/wp\/v2\/users\/1"}],"replies":[{"embeddable":true,"href":"https:\/\/www.anne-dasilva.com\/index.php?rest_route=%2Fwp%2Fv2%2Fcomments&post=1598"}],"version-history":[{"count":2,"href":"https:\/\/www.anne-dasilva.com\/index.php?rest_route=\/wp\/v2\/pages\/1598\/revisions"}],"predecessor-version":[{"id":1600,"href":"https:\/\/www.anne-dasilva.com\/index.php?rest_route=\/wp\/v2\/pages\/1598\/revisions\/1600"}],"up":[{"embeddable":true,"href":"https:\/\/www.anne-dasilva.com\/index.php?rest_route=\/wp\/v2\/pages\/1316"}],"wp:attachment":[{"href":"https:\/\/www.anne-dasilva.com\/index.php?rest_route=%2Fwp%2Fv2%2Fmedia&parent=1598"}],"curies":[{"name":"wp","href":"https:\/\/api.w.org\/{rel}","templated":true}]}}