{"id":1500,"date":"2020-04-05T19:44:28","date_gmt":"2020-04-05T18:44:28","guid":{"rendered":"http:\/\/www.anne-dasilva.com\/?page_id=1500"},"modified":"2022-02-21T16:25:35","modified_gmt":"2022-02-21T15:25:35","slug":"c-v","status":"publish","type":"page","link":"https:\/\/www.anne-dasilva.com\/?page_id=1500","title":{"rendered":"Curriculum vitae"},"content":{"rendered":"<p>Anne Da Silva<br \/>\nKerlano 29590 Rosno\u00ebn<br \/>\n29\/04\/1981<br \/>\nVit et travaille dans le Finist\u00e8re<\/p>\n<p><strong>Formation <\/strong><\/p>\n<ul>\n<li><strong>2016-2017<\/strong> Post de d\u00eeplome de l\u2019ENSA de Bourges. Centre d\u2019Etude pour le Partenariat et l\u2019Intervention Artistique (Mention tr\u00e8s bien) &#8211; 270 heures de formation<\/li>\n<li><strong>2016<\/strong> 140h de formation PAO avec Anaximandre (Maitrise d\u2019Illustrator-Photoshop-In Design)<\/li>\n<li><strong>2008<\/strong> CAP de Charpente-Maisons \u00e0 ossature bois<\/li>\n<li><strong>2006<\/strong> Master 2 d\u2019Arts-Plastiques \u00e0 l\u2019universit\u00e9 de Rennes 2 (Mention tr\u00e8s bien)<\/li>\n<li><strong>2005-2006<\/strong> 3\u00e8me ann\u00e9e, en double cursus, \u00e0 l\u2019Ecole Sup\u00e9rieure d\u2019Arts de Brest<\/li>\n<li><strong>2000-2001<\/strong> Service Volontaire Europ\u00e9en \u00e0 Ljubljana, Slov\u00e9nie. Coordination de projets et accueil des artistes dans la friche artistique et culturelle de Metelkova Mesto avec l\u2019association Kud Mreza<\/li>\n<\/ul>\n<p><strong>Stages<\/strong><\/p>\n<ul>\n<li><strong>2017<\/strong> janvier Dans le cadre de la formation Centre d\u2019Etude au Partenariat et \u00e0 l\u2019Intervention Artistique, Stage au p\u00f4le socio-th\u00e9rapeutique et culturelle de l\u2019h\u00f4pital de B\u00e9gard, autour des questions des interventions artistiques en milieu sanitaire<\/li>\n<li><strong>2014-2015<\/strong> Cours de dessin hebdomadaire au GenouVrill\u00e9<\/li>\n<li><strong>2009-2010<\/strong> Cours de gravure et d\u2019estampe \u00e0 l\u2019atelier de gravure de Chamali\u00e8re<\/li>\n<li><strong>2007-2008<\/strong> Cours d\u2019aquarelle \u00e0 l\u2019atelier Nicole Guillien<\/li>\n<li><strong>2003<\/strong> Atelier de dessin par Yvan Alagb\u00e9 \u00e0 l\u2019institut Fran\u00e7ais de Ljubljana<\/li>\n<li><strong>2002-2003<\/strong> Cours particulier de dessin d\u2019observation dans l\u2019atelier de Goran Medjugorac \u00e0 Metelkova Mesto, Ljubljana<\/li>\n<\/ul>\n<p><strong>Exp\u00e9rience professionnelle<\/strong><\/p>\n<ul>\n<li><strong>2020-2021 <\/strong>R\u00e9sidence curatoriale pour la Foumi-e, structure culturelle en art contemporain, Bretagne<\/li>\n<li><strong>2018-2022 <\/strong>Cours hebdomadaire et stages r\u00e9guliers d&rsquo;arts-plastiques \u00e0 l&rsquo;Atelier du Ch\u00eane, enfants et adultes<\/li>\n<li><strong>2016-2019<\/strong> Charg\u00e9e de d\u00e9veloppement et coordinatrice de projet pour L\u2019Enhardie, association ressource pour la pratique des arts et l\u2019intervention artistique<\/li>\n<li><strong>2006-2019 <\/strong>Plasticienne intervenante ( Projets EAC, classes artistiques, r\u00e9sidences en milieu sp\u00e9cifique, interventions ponctuelles, formations \u00e0 la pratique artistique&#8230;)<\/li>\n<li><strong>2009-2011<\/strong> Charpenti\u00e8re en auto-entreprise et salariat<\/li>\n<\/ul>\n<p><strong>Exp\u00e9riences p\u00e9dagogiques d\u00e9taill\u00e9es<\/strong><\/p>\n<p>Classe \u00e0 Projet Artistique et Culturel:<\/p>\n<ul>\n<li><strong>2010 De janvier \u00e0 mai<\/strong>\u00a0 Interventions artistiques r\u00e9guli\u00e8re sur le R\u00e9seau Rural d\u2019Enseignement de la montagne bourbonnaise (03). Classe \u00e0 PAC autour de la notion de \u00ab\u00a0 Territoire\u00a0 \u00bb avec 10 \u00e9coles primaires<\/li>\n<li><strong>Avril 2017 et 2018<\/strong> Classe \u00e0 PAC autour du th\u00e8me \u00ab Voyage sensible, la valise du regard\u00bb avec les quatre classes de 6\u00e8me du Coll\u00e8ge St Tr\u00e9meur \u00e0 Carhaix. Projets en milieux scolaire dans le cadre du Parcours d\u2019Education Artistique et Culturel.<\/li>\n<li><strong>2018-2019<\/strong> Dispositif \u00abDE VISU\u00bb, DRAC et R\u00e9gion Normandie, expositions et interventions dans les \u00e9tablissements Normands du secondaire et du sup\u00e9rieur<\/li>\n<li><strong>2019<\/strong> Exposition et cycle d\u2019interventions au pr\u00e8s des terminales option arts et l\u2019Institution Sainte Marie \u00e0 Riom (63)<\/li>\n<\/ul>\n<p>Dispositif \u00abaides aux projets d\u2019\u00e9coles\u00bb de la ville de Brest<\/p>\n<ul>\n<li><strong>2011-2019<\/strong> Intervenante sur le dispositif d\u2019interventions artistiques sur temps scolaire de la ville de Brest \u00e0 destination de ces \u00e9coles primaire et maternelle. Cycle de 12h d\u2019interventions par classe (entre 6 et 8 classes par an) autour des axes \u00abMati\u00e8res trouv\u00e9es, mati\u00e8res glan\u00e9es ou l\u2019Art des petits riens\u00bb, \u00abLes faiseurs de couleurs\u00bb et \u00abArts et natures\u00bb<\/li>\n<\/ul>\n<p>Classes artistiques immerg\u00e9es<\/p>\n<ul>\n<li><strong>2013-2014<\/strong> Plasticienne intervenante salari\u00e9e pour le Centre d\u2019Eveil aux Arts-Plastiques de Cornouaille. Classe artistique en immersion, s\u00e9jour de d\u00e9couverte (3 \u00e0 5 jours) avec des scolaires du cycle 1 et 2<\/li>\n<li><strong>2014-2016<\/strong> Plasticienne intervenante ponctuelle pour le Centre d\u2019Eveil aux Arts-Plastiques de Cornouaille.<\/li>\n<\/ul>\n<p>R\u00e9sidence de cr\u00e9ation avec actions p\u00e9dagogiques<\/p>\n<ul>\n<li><strong>Formation 2018<\/strong> En marge de la r\u00e9sidence au local de la Pointe, pr\u00e9sentation publique d\u2019oeuvres et de la d\u00e9marche artistique au pr\u00e8s des cours public des Beaux-Arts et des Licences Arts de l\u2019universit\u00e9 de Brest<\/li>\n<li><strong>2017<\/strong> Cr\u00e9ation In-Situ et Participative \u00e0 Callac. Coordination La Fourmi-e et L\u2019Enhardie<\/li>\n<li><strong>2015<\/strong> Avec la compagnie du R\u00eavoir au centre culturel des Mazades \u00e0 Toulouse, exposition, r\u00e9sidence de cr\u00e9ation et atelier participatif de sculpture de mot.<\/li>\n<li><strong>2015<\/strong> En marge de la r\u00e9sidence pour \u00abChamp d\u2019expression\u00bb cycle d\u2019interventions avec l\u2019\u00e9cole primaire de Serbanne autour de mon installation\u00a0 \u00abMani\u00e8re v\u00e9g\u00e9tale de faire des mondes\u00bb. Travail de sculpture et approche de la teinture v\u00e9g\u00e9tale.<\/li>\n<\/ul>\n","protected":false},"excerpt":{"rendered":"<p>Anne Da Silva Kerlano 29590 Rosno\u00ebn 29\/04\/1981 Vit et travaille dans le Finist\u00e8re Formation 2016-2017 Post de d\u00eeplome de l\u2019ENSA de Bourges. Centre d\u2019Etude pour le Partenariat et l\u2019Intervention Artistique (Mention tr\u00e8s bien) &#8211; 270 heures de formation 2016 140h de formation PAO avec Anaximandre (Maitrise d\u2019Illustrator-Photoshop-In Design) 2008 CAP de Charpente-Maisons \u00e0 ossature bois&#8230;<\/p>\n","protected":false},"author":1,"featured_media":0,"parent":0,"menu_order":0,"comment_status":"closed","ping_status":"closed","template":"","meta":{"footnotes":""},"class_list":["post-1500","page","type-page","status-publish","hentry"],"_links":{"self":[{"href":"https:\/\/www.anne-dasilva.com\/index.php?rest_route=\/wp\/v2\/pages\/1500","targetHints":{"allow":["GET"]}}],"collection":[{"href":"https:\/\/www.anne-dasilva.com\/index.php?rest_route=\/wp\/v2\/pages"}],"about":[{"href":"https:\/\/www.anne-dasilva.com\/index.php?rest_route=\/wp\/v2\/types\/page"}],"author":[{"embeddable":true,"href":"https:\/\/www.anne-dasilva.com\/index.php?rest_route=\/wp\/v2\/users\/1"}],"replies":[{"embeddable":true,"href":"https:\/\/www.anne-dasilva.com\/index.php?rest_route=%2Fwp%2Fv2%2Fcomments&post=1500"}],"version-history":[{"count":11,"href":"https:\/\/www.anne-dasilva.com\/index.php?rest_route=\/wp\/v2\/pages\/1500\/revisions"}],"predecessor-version":[{"id":1640,"href":"https:\/\/www.anne-dasilva.com\/index.php?rest_route=\/wp\/v2\/pages\/1500\/revisions\/1640"}],"wp:attachment":[{"href":"https:\/\/www.anne-dasilva.com\/index.php?rest_route=%2Fwp%2Fv2%2Fmedia&parent=1500"}],"curies":[{"name":"wp","href":"https:\/\/api.w.org\/{rel}","templated":true}]}}