{"id":1480,"date":"2020-04-04T19:28:19","date_gmt":"2020-04-04T18:28:19","guid":{"rendered":"http:\/\/www.anne-dasilva.com\/?page_id=1480"},"modified":"2020-04-04T19:30:17","modified_gmt":"2020-04-04T18:30:17","slug":"la-vie-silencieuse-de-la-matiere","status":"publish","type":"page","link":"https:\/\/www.anne-dasilva.com\/?page_id=1480","title":{"rendered":"La vie silencieuse de la mati\u00e8re"},"content":{"rendered":"<p><span class=\"fontstyle0\"><img loading=\"lazy\" decoding=\"async\" class=\"aligncenter size-large wp-image-1414\" src=\"http:\/\/annedasiua.cluster017.ovh.net\/wp-content\/uploads\/IMG_1927-700x381.jpg\" alt=\"\" width=\"700\" height=\"381\" srcset=\"https:\/\/www.anne-dasilva.com\/wp-content\/uploads\/IMG_1927-700x381.jpg 700w, https:\/\/www.anne-dasilva.com\/wp-content\/uploads\/IMG_1927-300x163.jpg 300w, https:\/\/www.anne-dasilva.com\/wp-content\/uploads\/IMG_1927-768x418.jpg 768w, https:\/\/www.anne-dasilva.com\/wp-content\/uploads\/IMG_1927-1536x836.jpg 1536w, https:\/\/www.anne-dasilva.com\/wp-content\/uploads\/IMG_1927-2048x1114.jpg 2048w, https:\/\/www.anne-dasilva.com\/wp-content\/uploads\/IMG_1927-800x435.jpg 800w\" sizes=\"auto, (max-width: 700px) 100vw, 700px\" \/><\/span><\/p>\n<div  id=\"jtg-1803\" class=\"modula modula-gallery modula-columns\" data-config=\"{&quot;tabletHeight&quot;:0,&quot;mobileHeight&quot;:0,&quot;desktopHeight&quot;:0,&quot;enableTwitter&quot;:false,&quot;enableWhatsapp&quot;:false,&quot;enableFacebook&quot;:false,&quot;enablePinterest&quot;:false,&quot;enableLinkedin&quot;:false,&quot;enableEmail&quot;:false,&quot;randomFactor&quot;:0,&quot;type&quot;:&quot;grid&quot;,&quot;columns&quot;:12,&quot;gutter&quot;:10,&quot;mobileGutter&quot;:10,&quot;tabletGutter&quot;:10,&quot;desktopGutter&quot;:10,&quot;enableResponsive&quot;:&quot;0&quot;,&quot;tabletColumns&quot;:&quot;2&quot;,&quot;mobileColumns&quot;:&quot;1&quot;,&quot;lazyLoad&quot;:0,&quot;lightboxOpts&quot;:{&quot;animated&quot;:true,&quot;Thumbs&quot;:{&quot;type&quot;:&quot;modern&quot;,&quot;showOnStart&quot;:false},&quot;Toolbar&quot;:{&quot;display&quot;:{&quot;right&quot;:[&quot;close&quot;]},&quot;enabled&quot;:true},&quot;Carousel&quot;:{&quot;Panzoom&quot;:{&quot;touch&quot;:true},&quot;infinite&quot;:false},&quot;keyboard&quot;:{&quot;Escape&quot;:&quot;close&quot;,&quot;Delete&quot;:&quot;close&quot;,&quot;Backspace&quot;:&quot;close&quot;,&quot;PageUp&quot;:false,&quot;PageDown&quot;:false,&quot;ArrowUp&quot;:false,&quot;ArrowDown&quot;:false,&quot;ArrowRight&quot;:false,&quot;ArrowLeft&quot;:false},&quot;touch&quot;:false,&quot;backdropClick&quot;:false,&quot;l10n&quot;:{&quot;CLOSE&quot;:&quot;Close&quot;,&quot;NEXT&quot;:&quot;Next&quot;,&quot;PREV&quot;:&quot;Previous&quot;,&quot;Error&quot;:&quot;The requested content cannot be loaded. Please try again later.&quot;,&quot;PLAY_START&quot;:&quot;Start slideshow&quot;,&quot;PLAY_STOP&quot;:&quot;Pause slideshow&quot;,&quot;FULL_SCREEN&quot;:&quot;Full screen&quot;,&quot;THUMBS&quot;:&quot;Thumbnails&quot;,&quot;DOWNLOAD&quot;:&quot;Download&quot;,&quot;SHARE&quot;:&quot;Share&quot;,&quot;ZOOM&quot;:&quot;Zoom&quot;,&quot;EMAIL&quot;:&quot;Here is the link to the image : %%image_link%% and this is the link to the gallery : %%gallery_link%%&quot;,&quot;MODAL&quot;:&quot;You can close this modal content with the ESC key&quot;,&quot;ERROR&quot;:&quot;Something Went Wrong, Please Try Again Later&quot;,&quot;IMAGE_ERROR&quot;:&quot;Image Not Found&quot;,&quot;ELEMENT_NOT_FOUND&quot;:&quot;HTML Element Not Found&quot;,&quot;AJAX_NOT_FOUND&quot;:&quot;Error Loading AJAX : Not Found&quot;,&quot;AJAX_FORBIDDEN&quot;:&quot;Error Loading AJAX : Forbidden&quot;,&quot;IFRAME_ERROR&quot;:&quot;Error Loading Page&quot;,&quot;TOGGLE_ZOOM&quot;:&quot;Toggle zoom level&quot;,&quot;TOGGLE_THUMBS&quot;:&quot;Toggle thumbnails&quot;,&quot;TOGGLE_SLIDESHOW&quot;:&quot;Toggle slideshow&quot;,&quot;TOGGLE_FULLSCREEN&quot;:&quot;Toggle full-screen mode&quot;},&quot;Images&quot;:{&quot;Panzoom&quot;:{&quot;maxScale&quot;:2}},&quot;mainClass&quot;:&quot;modula-fancybox-container modula-lightbox-jtg-1803&quot;,&quot;Html&quot;:{&quot;videoAutoplay&quot;:0,&quot;videoTpl&quot;:&quot;&lt;video class=\\&quot;fancybox__html5video\\&quot; controls muted playsinline controlsList controlsList=\\&quot;nodownload\\&quot; poster=\\&quot;{{poster}}\\&quot; src=\\&quot;{{src}}\\&quot; type=\\&quot;{{format}}\\&quot; &gt;  Sorry, your browser doesn&#039;t support embedded videos, &lt;a href=\\&quot;{{src}}\\&quot;&gt; download &lt;\\\/a&gt; and watch with your favorite video player! &lt;\\\/video&gt;&quot;}},&quot;inView&quot;:false,&quot;email_subject&quot;:&quot;Check out this awesome image !!&quot;,&quot;email_message&quot;:&quot;Here is the link to the image : %%image_link%% and this is the link to the gallery : %%gallery_link%%&quot;,&quot;grid_type&quot;:&quot;2&quot;,&quot;rowHeight&quot;:0,&quot;lastRow&quot;:&quot;&quot;,&quot;lightbox&quot;:&quot;fancybox&quot;}\">\n\n\t<div class=\"modula-grid-sizer\"> <\/div>\n\t<div  class=\"modula-items grid-gallery\">\n\t\t<div class=\"modula-item effect-pufrobo\" >\n\t<div class=\"modula-item-overlay\"><\/div>\n\n\t<div class=\"modula-item-content\">\n\n\t\t<a data-image-id=\"1558\" role=\"button\" tabindex=\"0\" rel=\"jtg-1803\" data-caption=\"\" aria-label=\"Open image in lightbox\" class=\"tile-inner modula-item-link\"><\/a><img loading=\"lazy\" decoding=\"async\" class=\"pic wp-image-1558\"  data-valign=\"middle\" data-halign=\"center\" alt=\"\" data-full=\"https:\/\/www.anne-dasilva.com\/wp-content\/uploads\/matieres4.jpg\" title=\"mati\u00e8res4\" crop=\"\" width=\"2256\" height=\"755\" src=\"https:\/\/www.anne-dasilva.com\/wp-content\/uploads\/matieres4.jpg\" data-src=\"https:\/\/www.anne-dasilva.com\/wp-content\/uploads\/matieres4.jpg\" data-caption=\"\" srcset=\"https:\/\/www.anne-dasilva.com\/wp-content\/uploads\/matieres4.jpg 2256w, https:\/\/www.anne-dasilva.com\/wp-content\/uploads\/matieres4-300x100.jpg 300w, https:\/\/www.anne-dasilva.com\/wp-content\/uploads\/matieres4-700x234.jpg 700w, https:\/\/www.anne-dasilva.com\/wp-content\/uploads\/matieres4-768x257.jpg 768w, https:\/\/www.anne-dasilva.com\/wp-content\/uploads\/matieres4-1536x514.jpg 1536w, https:\/\/www.anne-dasilva.com\/wp-content\/uploads\/matieres4-2048x685.jpg 2048w, https:\/\/www.anne-dasilva.com\/wp-content\/uploads\/matieres4-800x268.jpg 800w\" sizes=\"auto, (max-width: 2256px) 100vw, 2256px\" \/>\n\t\t<div class=\"figc no-description\">\n\t\t\t<div class=\"figc-inner\">\n\t\t\t\t\t\t\t\t\t\t\t\t\t\t\t<\/div>\n\t\t<\/div>\n\n\t<\/div>\n\n<\/div><div class=\"modula-item effect-pufrobo\" >\n\t<div class=\"modula-item-overlay\"><\/div>\n\n\t<div class=\"modula-item-content\">\n\n\t\t<a data-image-id=\"1541\" role=\"button\" tabindex=\"0\" rel=\"jtg-1803\" data-caption=\"\" aria-label=\"Open image in lightbox\" class=\"tile-inner modula-item-link\"><\/a><img loading=\"lazy\" decoding=\"async\" class=\"pic wp-image-1541\"  data-valign=\"middle\" data-halign=\"center\" alt=\"\" data-full=\"https:\/\/www.anne-dasilva.com\/wp-content\/uploads\/cercles11.jpg\" title=\"cercles11\" crop=\"\" width=\"2256\" height=\"1504\" src=\"https:\/\/www.anne-dasilva.com\/wp-content\/uploads\/cercles11.jpg\" data-src=\"https:\/\/www.anne-dasilva.com\/wp-content\/uploads\/cercles11.jpg\" data-caption=\"\" srcset=\"https:\/\/www.anne-dasilva.com\/wp-content\/uploads\/cercles11.jpg 2256w, https:\/\/www.anne-dasilva.com\/wp-content\/uploads\/cercles11-300x200.jpg 300w, https:\/\/www.anne-dasilva.com\/wp-content\/uploads\/cercles11-700x467.jpg 700w, https:\/\/www.anne-dasilva.com\/wp-content\/uploads\/cercles11-768x512.jpg 768w, https:\/\/www.anne-dasilva.com\/wp-content\/uploads\/cercles11-1536x1024.jpg 1536w, https:\/\/www.anne-dasilva.com\/wp-content\/uploads\/cercles11-2048x1365.jpg 2048w, https:\/\/www.anne-dasilva.com\/wp-content\/uploads\/cercles11-800x533.jpg 800w\" sizes=\"auto, (max-width: 2256px) 100vw, 2256px\" \/>\n\t\t<div class=\"figc no-description\">\n\t\t\t<div class=\"figc-inner\">\n\t\t\t\t\t\t\t\t\t\t\t\t\t\t\t<\/div>\n\t\t<\/div>\n\n\t<\/div>\n\n<\/div><div class=\"modula-item effect-pufrobo\" >\n\t<div class=\"modula-item-overlay\"><\/div>\n\n\t<div class=\"modula-item-content\">\n\n\t\t<a data-image-id=\"1560\" role=\"button\" tabindex=\"0\" rel=\"jtg-1803\" data-caption=\"\" aria-label=\"Open image in lightbox\" class=\"tile-inner modula-item-link\"><\/a><img loading=\"lazy\" decoding=\"async\" class=\"pic wp-image-1560\"  data-valign=\"middle\" data-halign=\"center\" alt=\"\" data-full=\"https:\/\/www.anne-dasilva.com\/wp-content\/uploads\/matieres6.jpg\" title=\"mati\u00e8res6\" crop=\"\" width=\"2256\" height=\"1192\" src=\"https:\/\/www.anne-dasilva.com\/wp-content\/uploads\/matieres6.jpg\" data-src=\"https:\/\/www.anne-dasilva.com\/wp-content\/uploads\/matieres6.jpg\" data-caption=\"\" srcset=\"https:\/\/www.anne-dasilva.com\/wp-content\/uploads\/matieres6.jpg 2256w, https:\/\/www.anne-dasilva.com\/wp-content\/uploads\/matieres6-300x159.jpg 300w, https:\/\/www.anne-dasilva.com\/wp-content\/uploads\/matieres6-700x370.jpg 700w, https:\/\/www.anne-dasilva.com\/wp-content\/uploads\/matieres6-768x406.jpg 768w, https:\/\/www.anne-dasilva.com\/wp-content\/uploads\/matieres6-1536x812.jpg 1536w, https:\/\/www.anne-dasilva.com\/wp-content\/uploads\/matieres6-2048x1082.jpg 2048w, https:\/\/www.anne-dasilva.com\/wp-content\/uploads\/matieres6-800x423.jpg 800w\" sizes=\"auto, (max-width: 2256px) 100vw, 2256px\" \/>\n\t\t<div class=\"figc no-description\">\n\t\t\t<div class=\"figc-inner\">\n\t\t\t\t\t\t\t\t\t\t\t\t\t\t\t<\/div>\n\t\t<\/div>\n\n\t<\/div>\n\n<\/div><div class=\"modula-item effect-pufrobo\" >\n\t<div class=\"modula-item-overlay\"><\/div>\n\n\t<div class=\"modula-item-content\">\n\n\t\t<a data-image-id=\"1555\" role=\"button\" tabindex=\"0\" rel=\"jtg-1803\" data-caption=\"\" aria-label=\"Open image in lightbox\" class=\"tile-inner modula-item-link\"><\/a><img loading=\"lazy\" decoding=\"async\" class=\"pic wp-image-1555\"  data-valign=\"middle\" data-halign=\"center\" alt=\"\" data-full=\"https:\/\/www.anne-dasilva.com\/wp-content\/uploads\/matieres-2.jpg\" title=\"mati\u00e8res 2\" crop=\"\" width=\"2256\" height=\"1504\" src=\"https:\/\/www.anne-dasilva.com\/wp-content\/uploads\/matieres-2.jpg\" data-src=\"https:\/\/www.anne-dasilva.com\/wp-content\/uploads\/matieres-2.jpg\" data-caption=\"\" srcset=\"https:\/\/www.anne-dasilva.com\/wp-content\/uploads\/matieres-2.jpg 2256w, https:\/\/www.anne-dasilva.com\/wp-content\/uploads\/matieres-2-300x200.jpg 300w, https:\/\/www.anne-dasilva.com\/wp-content\/uploads\/matieres-2-700x467.jpg 700w, https:\/\/www.anne-dasilva.com\/wp-content\/uploads\/matieres-2-768x512.jpg 768w, https:\/\/www.anne-dasilva.com\/wp-content\/uploads\/matieres-2-1536x1024.jpg 1536w, https:\/\/www.anne-dasilva.com\/wp-content\/uploads\/matieres-2-2048x1365.jpg 2048w, https:\/\/www.anne-dasilva.com\/wp-content\/uploads\/matieres-2-800x533.jpg 800w\" sizes=\"auto, (max-width: 2256px) 100vw, 2256px\" \/>\n\t\t<div class=\"figc no-description\">\n\t\t\t<div class=\"figc-inner\">\n\t\t\t\t\t\t\t\t\t\t\t\t\t\t\t<\/div>\n\t\t<\/div>\n\n\t<\/div>\n\n<\/div><div class=\"modula-item effect-pufrobo\" >\n\t<div class=\"modula-item-overlay\"><\/div>\n\n\t<div class=\"modula-item-content\">\n\n\t\t<a data-image-id=\"1413\" role=\"button\" tabindex=\"0\" rel=\"jtg-1803\" data-caption=\"\" aria-label=\"Open image in lightbox\" class=\"tile-inner modula-item-link\"><\/a><img loading=\"lazy\" decoding=\"async\" class=\"pic wp-image-1413\"  data-valign=\"middle\" data-halign=\"center\" alt=\"\" data-full=\"https:\/\/www.anne-dasilva.com\/wp-content\/uploads\/IMG_1926.jpg\" title=\"IMG_1926\" crop=\"\" width=\"1920\" height=\"2560\" src=\"https:\/\/www.anne-dasilva.com\/wp-content\/uploads\/IMG_1926.jpg\" data-src=\"https:\/\/www.anne-dasilva.com\/wp-content\/uploads\/IMG_1926.jpg\" data-caption=\"\" srcset=\"https:\/\/www.anne-dasilva.com\/wp-content\/uploads\/IMG_1926-scaled.jpg 1920w, https:\/\/www.anne-dasilva.com\/wp-content\/uploads\/IMG_1926-225x300.jpg 225w, https:\/\/www.anne-dasilva.com\/wp-content\/uploads\/IMG_1926-700x933.jpg 700w, https:\/\/www.anne-dasilva.com\/wp-content\/uploads\/IMG_1926-768x1024.jpg 768w, https:\/\/www.anne-dasilva.com\/wp-content\/uploads\/IMG_1926-1152x1536.jpg 1152w, https:\/\/www.anne-dasilva.com\/wp-content\/uploads\/IMG_1926-1536x2048.jpg 1536w, https:\/\/www.anne-dasilva.com\/wp-content\/uploads\/IMG_1926-800x1067.jpg 800w\" sizes=\"auto, (max-width: 1920px) 100vw, 1920px\" \/>\n\t\t<div class=\"figc no-description\">\n\t\t\t<div class=\"figc-inner\">\n\t\t\t\t\t\t\t\t\t\t\t\t\t\t\t<\/div>\n\t\t<\/div>\n\n\t<\/div>\n\n<\/div><div class=\"modula-item effect-pufrobo\" >\n\t<div class=\"modula-item-overlay\"><\/div>\n\n\t<div class=\"modula-item-content\">\n\n\t\t<a data-image-id=\"1412\" role=\"button\" tabindex=\"0\" rel=\"jtg-1803\" data-caption=\"\" aria-label=\"Open image in lightbox\" class=\"tile-inner modula-item-link\"><\/a><img loading=\"lazy\" decoding=\"async\" class=\"pic wp-image-1412\"  data-valign=\"middle\" data-halign=\"center\" alt=\"\" data-full=\"https:\/\/www.anne-dasilva.com\/wp-content\/uploads\/IMG_1922.jpg\" title=\"IMG_1922\" crop=\"\" width=\"1920\" height=\"2560\" src=\"https:\/\/www.anne-dasilva.com\/wp-content\/uploads\/IMG_1922.jpg\" data-src=\"https:\/\/www.anne-dasilva.com\/wp-content\/uploads\/IMG_1922.jpg\" data-caption=\"\" srcset=\"https:\/\/www.anne-dasilva.com\/wp-content\/uploads\/IMG_1922-scaled.jpg 1920w, https:\/\/www.anne-dasilva.com\/wp-content\/uploads\/IMG_1922-225x300.jpg 225w, https:\/\/www.anne-dasilva.com\/wp-content\/uploads\/IMG_1922-700x933.jpg 700w, https:\/\/www.anne-dasilva.com\/wp-content\/uploads\/IMG_1922-768x1024.jpg 768w, https:\/\/www.anne-dasilva.com\/wp-content\/uploads\/IMG_1922-1152x1536.jpg 1152w, https:\/\/www.anne-dasilva.com\/wp-content\/uploads\/IMG_1922-1536x2048.jpg 1536w, https:\/\/www.anne-dasilva.com\/wp-content\/uploads\/IMG_1922-800x1067.jpg 800w\" sizes=\"auto, (max-width: 1920px) 100vw, 1920px\" \/>\n\t\t<div class=\"figc no-description\">\n\t\t\t<div class=\"figc-inner\">\n\t\t\t\t\t\t\t\t\t\t\t\t\t\t\t<\/div>\n\t\t<\/div>\n\n\t<\/div>\n\n<\/div><div class=\"modula-item effect-pufrobo\" >\n\t<div class=\"modula-item-overlay\"><\/div>\n\n\t<div class=\"modula-item-content\">\n\n\t\t<a data-image-id=\"1416\" role=\"button\" tabindex=\"0\" rel=\"jtg-1803\" data-caption=\"\" aria-label=\"Open image in lightbox\" class=\"tile-inner modula-item-link\"><\/a><img loading=\"lazy\" decoding=\"async\" class=\"pic wp-image-1416\"  data-valign=\"middle\" data-halign=\"center\" alt=\"\" data-full=\"https:\/\/www.anne-dasilva.com\/wp-content\/uploads\/IMG_1935.jpg\" title=\"IMG_1935\" crop=\"\" width=\"588\" height=\"783\" src=\"https:\/\/www.anne-dasilva.com\/wp-content\/uploads\/IMG_1935.jpg\" data-src=\"https:\/\/www.anne-dasilva.com\/wp-content\/uploads\/IMG_1935.jpg\" data-caption=\"\" srcset=\"https:\/\/www.anne-dasilva.com\/wp-content\/uploads\/IMG_1935.jpg 588w, https:\/\/www.anne-dasilva.com\/wp-content\/uploads\/IMG_1935-225x300.jpg 225w\" sizes=\"auto, (max-width: 588px) 100vw, 588px\" \/>\n\t\t<div class=\"figc no-description\">\n\t\t\t<div class=\"figc-inner\">\n\t\t\t\t\t\t\t\t\t\t\t\t\t\t\t<\/div>\n\t\t<\/div>\n\n\t<\/div>\n\n<\/div>\t\t\n\t<\/div>\n\n\t\n\t\n\t<script type=\"application\/ld+json\">\n\t{\n\t\t\"@context\": \"https:\/\/schema.org\",\n\t\t\"@type\"   : \"ImageGallery\",\n\t\t\"id\"      : \"https:\/\/www.anne-dasilva.com\/?page_id=1480\/#modula-gallery-1803\",\n\t\t\"url\"     : \"https:\/\/www.anne-dasilva.com\/?page_id=1480\/\"\n\t}\n\n\t<\/script>\n\n\t\n<\/div>\n\n<p><span class=\"fontstyle0\">Cette in<\/span><span class=\"fontstyle0\">stallation pr\u00e9sent\u00e9e en 2019 \u00e0 la Maison de la Fontai<\/span><span class=\"fontstyle0\">ne \u00e0 Brest propose, \u00e0 la fronti\u00e8re entre l\u2019herbier et le cabinet de curiosit\u00e9, une collection de mati\u00e8res organiques \u00e9pingl\u00e9es au mur.<br \/>\nSur une vingtaine de m\u00e8tres des fragments de v\u00e9g\u00e9taux, et de mati\u00e8res animales trouv\u00e9s dans les jardins, les talus, les plages, les coins de rues, d\u00e9ploient leurs silhouettes sinueuses et d\u00e9licates.<br \/>\nIci il n\u2019est pas question de sp\u00e9cimens rares ou exotiques, mais de ces \u00abmauvaises herbes\u00bb, \u00abbouloches\u00bb, et \u00abplantes des foss\u00e9s\u00bb.<br \/>\nLa po\u00e9sie est tapie dans cette vie silencieuse qui pousse aux encoignures.<\/span><\/p>\n","protected":false},"excerpt":{"rendered":"<p>Cette installation pr\u00e9sent\u00e9e en 2019 \u00e0 la Maison de la Fontaine \u00e0 Brest propose, \u00e0 la fronti\u00e8re entre l\u2019herbier et le cabinet de curiosit\u00e9, une collection de mati\u00e8res organiques \u00e9pingl\u00e9es au mur. Sur une vingtaine de m\u00e8tres des fragments de v\u00e9g\u00e9taux, et de mati\u00e8res animales trouv\u00e9s dans les jardins, les talus, les plages, les coins&#8230;<\/p>\n","protected":false},"author":1,"featured_media":0,"parent":0,"menu_order":0,"comment_status":"closed","ping_status":"closed","template":"","meta":{"footnotes":""},"class_list":["post-1480","page","type-page","status-publish","hentry"],"_links":{"self":[{"href":"https:\/\/www.anne-dasilva.com\/index.php?rest_route=\/wp\/v2\/pages\/1480","targetHints":{"allow":["GET"]}}],"collection":[{"href":"https:\/\/www.anne-dasilva.com\/index.php?rest_route=\/wp\/v2\/pages"}],"about":[{"href":"https:\/\/www.anne-dasilva.com\/index.php?rest_route=\/wp\/v2\/types\/page"}],"author":[{"embeddable":true,"href":"https:\/\/www.anne-dasilva.com\/index.php?rest_route=\/wp\/v2\/users\/1"}],"replies":[{"embeddable":true,"href":"https:\/\/www.anne-dasilva.com\/index.php?rest_route=%2Fwp%2Fv2%2Fcomments&post=1480"}],"version-history":[{"count":2,"href":"https:\/\/www.anne-dasilva.com\/index.php?rest_route=\/wp\/v2\/pages\/1480\/revisions"}],"predecessor-version":[{"id":1483,"href":"https:\/\/www.anne-dasilva.com\/index.php?rest_route=\/wp\/v2\/pages\/1480\/revisions\/1483"}],"wp:attachment":[{"href":"https:\/\/www.anne-dasilva.com\/index.php?rest_route=%2Fwp%2Fv2%2Fmedia&parent=1480"}],"curies":[{"name":"wp","href":"https:\/\/api.w.org\/{rel}","templated":true}]}}