{"id":1257,"date":"2019-07-10T07:47:09","date_gmt":"2019-07-10T06:47:09","guid":{"rendered":"http:\/\/www.anne-dasilva.com\/?page_id=1257"},"modified":"2020-04-03T16:10:47","modified_gmt":"2020-04-03T15:10:47","slug":"veille-pelagie","status":"publish","type":"page","link":"https:\/\/www.anne-dasilva.com\/?page_id=1257","title":{"rendered":"P\u00e9lagie"},"content":{"rendered":"<p>P<span class=\"fontstyle0\">\u00e9lagie <\/span><span class=\"fontstyle2\">3m10 x 1m80 x 1m80 , <\/span><span class=\"fontstyle3\">sculpture en peaux de poissons cousues.<br \/>\nIssue de longs mois de tannage et couture, P\u00e9lagie est une cr\u00e9ature de la haute mer et des profondeurs. Revisitant les mythes des poissons anthropophages, le visiteur est invit\u00e9 \u00e0 s\u2019installer dans l\u2019antre de l\u2019animal. Un chant \u00e9nigmatique accompagne ce voyage sous marin.<br \/>\nInstallation pour Les Arts \u00e0 la Pointe \u00e0 Audierne de sculptures en peaux de poisson et de sculptures en arr\u00eates de poissons et porcelaine.<br \/>\nUne collaboration avec les artistes sonore L\u00e9o et Jonathan Merlin a abouti \u00e0 la diffusion d\u2019une cr\u00e9ation sonore \u00e0 l\u2019int\u00e9rieur de la grande sculpture.<\/span><\/p>\n<div  id=\"jtg-1801\" class=\"modula modula-gallery modula-columns\" data-config=\"{&quot;tabletHeight&quot;:0,&quot;mobileHeight&quot;:0,&quot;desktopHeight&quot;:0,&quot;enableTwitter&quot;:false,&quot;enableWhatsapp&quot;:false,&quot;enableFacebook&quot;:false,&quot;enablePinterest&quot;:false,&quot;enableLinkedin&quot;:false,&quot;enableEmail&quot;:false,&quot;randomFactor&quot;:0,&quot;type&quot;:&quot;grid&quot;,&quot;columns&quot;:12,&quot;gutter&quot;:10,&quot;mobileGutter&quot;:10,&quot;tabletGutter&quot;:10,&quot;desktopGutter&quot;:10,&quot;enableResponsive&quot;:&quot;0&quot;,&quot;tabletColumns&quot;:&quot;2&quot;,&quot;mobileColumns&quot;:&quot;1&quot;,&quot;lazyLoad&quot;:0,&quot;lightboxOpts&quot;:{&quot;animated&quot;:true,&quot;Thumbs&quot;:{&quot;type&quot;:&quot;modern&quot;,&quot;showOnStart&quot;:false},&quot;Toolbar&quot;:{&quot;display&quot;:{&quot;right&quot;:[&quot;close&quot;]},&quot;enabled&quot;:true},&quot;Carousel&quot;:{&quot;Panzoom&quot;:{&quot;touch&quot;:true},&quot;infinite&quot;:false},&quot;keyboard&quot;:{&quot;Escape&quot;:&quot;close&quot;,&quot;Delete&quot;:&quot;close&quot;,&quot;Backspace&quot;:&quot;close&quot;,&quot;PageUp&quot;:false,&quot;PageDown&quot;:false,&quot;ArrowUp&quot;:false,&quot;ArrowDown&quot;:false,&quot;ArrowRight&quot;:false,&quot;ArrowLeft&quot;:false},&quot;touch&quot;:false,&quot;backdropClick&quot;:false,&quot;l10n&quot;:{&quot;CLOSE&quot;:&quot;Close&quot;,&quot;NEXT&quot;:&quot;Next&quot;,&quot;PREV&quot;:&quot;Previous&quot;,&quot;Error&quot;:&quot;The requested content cannot be loaded. Please try again later.&quot;,&quot;PLAY_START&quot;:&quot;Start slideshow&quot;,&quot;PLAY_STOP&quot;:&quot;Pause slideshow&quot;,&quot;FULL_SCREEN&quot;:&quot;Full screen&quot;,&quot;THUMBS&quot;:&quot;Thumbnails&quot;,&quot;DOWNLOAD&quot;:&quot;Download&quot;,&quot;SHARE&quot;:&quot;Share&quot;,&quot;ZOOM&quot;:&quot;Zoom&quot;,&quot;EMAIL&quot;:&quot;Here is the link to the image : %%image_link%% and this is the link to the gallery : %%gallery_link%%&quot;,&quot;MODAL&quot;:&quot;You can close this modal content with the ESC key&quot;,&quot;ERROR&quot;:&quot;Something Went Wrong, Please Try Again Later&quot;,&quot;IMAGE_ERROR&quot;:&quot;Image Not Found&quot;,&quot;ELEMENT_NOT_FOUND&quot;:&quot;HTML Element Not Found&quot;,&quot;AJAX_NOT_FOUND&quot;:&quot;Error Loading AJAX : Not Found&quot;,&quot;AJAX_FORBIDDEN&quot;:&quot;Error Loading AJAX : Forbidden&quot;,&quot;IFRAME_ERROR&quot;:&quot;Error Loading Page&quot;,&quot;TOGGLE_ZOOM&quot;:&quot;Toggle zoom level&quot;,&quot;TOGGLE_THUMBS&quot;:&quot;Toggle thumbnails&quot;,&quot;TOGGLE_SLIDESHOW&quot;:&quot;Toggle slideshow&quot;,&quot;TOGGLE_FULLSCREEN&quot;:&quot;Toggle full-screen mode&quot;},&quot;Images&quot;:{&quot;Panzoom&quot;:{&quot;maxScale&quot;:2}},&quot;mainClass&quot;:&quot;modula-fancybox-container modula-lightbox-jtg-1801&quot;,&quot;Html&quot;:{&quot;videoAutoplay&quot;:0,&quot;videoTpl&quot;:&quot;&lt;video class=\\&quot;fancybox__html5video\\&quot; controls muted playsinline controlsList controlsList=\\&quot;nodownload\\&quot; poster=\\&quot;{{poster}}\\&quot; src=\\&quot;{{src}}\\&quot; type=\\&quot;{{format}}\\&quot; &gt;  Sorry, your browser doesn&#039;t support embedded videos, &lt;a href=\\&quot;{{src}}\\&quot;&gt; download &lt;\\\/a&gt; and watch with your favorite video player! &lt;\\\/video&gt;&quot;}},&quot;inView&quot;:false,&quot;email_subject&quot;:&quot;Check out this awesome image !!&quot;,&quot;email_message&quot;:&quot;Here is the link to the image : %%image_link%% and this is the link to the gallery : %%gallery_link%%&quot;,&quot;grid_type&quot;:&quot;2&quot;,&quot;rowHeight&quot;:0,&quot;lastRow&quot;:&quot;&quot;,&quot;lightbox&quot;:&quot;fancybox&quot;}\">\n\n\t<div class=\"modula-grid-sizer\"> <\/div>\n\t<div  class=\"modula-items grid-gallery\">\n\t\t<div class=\"modula-item effect-pufrobo\" >\n\t<div class=\"modula-item-overlay\"><\/div>\n\n\t<div class=\"modula-item-content\">\n\n\t\t<a data-image-id=\"1731\" role=\"button\" tabindex=\"0\" rel=\"jtg-1801\" data-caption=\"\" aria-label=\"Open image in lightbox\" class=\"tile-inner modula-item-link\"><\/a><img loading=\"lazy\" decoding=\"async\" class=\"pic wp-image-1731\"  data-valign=\"middle\" data-halign=\"center\" alt=\". .\" data-full=\"https:\/\/www.anne-dasilva.com\/wp-content\/uploads\/311665113_3361578464088963_7497954651264054824_n.jpg\" title=\"sculpture peaux de poissons\" crop=\"\" width=\"2048\" height=\"1426\" src=\"https:\/\/www.anne-dasilva.com\/wp-content\/uploads\/311665113_3361578464088963_7497954651264054824_n.jpg\" data-src=\"https:\/\/www.anne-dasilva.com\/wp-content\/uploads\/311665113_3361578464088963_7497954651264054824_n.jpg\" data-caption=\"\" srcset=\"https:\/\/www.anne-dasilva.com\/wp-content\/uploads\/311665113_3361578464088963_7497954651264054824_n.jpg 2048w, https:\/\/www.anne-dasilva.com\/wp-content\/uploads\/311665113_3361578464088963_7497954651264054824_n-300x209.jpg 300w, https:\/\/www.anne-dasilva.com\/wp-content\/uploads\/311665113_3361578464088963_7497954651264054824_n-700x487.jpg 700w, https:\/\/www.anne-dasilva.com\/wp-content\/uploads\/311665113_3361578464088963_7497954651264054824_n-768x535.jpg 768w, https:\/\/www.anne-dasilva.com\/wp-content\/uploads\/311665113_3361578464088963_7497954651264054824_n-1536x1070.jpg 1536w, https:\/\/www.anne-dasilva.com\/wp-content\/uploads\/311665113_3361578464088963_7497954651264054824_n-800x557.jpg 800w\" sizes=\"auto, (max-width: 2048px) 100vw, 2048px\" \/>\n\t\t<div class=\"figc no-description\">\n\t\t\t<div class=\"figc-inner\">\n\t\t\t\t\t\t\t\t\t\t\t\t\t\t\t<\/div>\n\t\t<\/div>\n\n\t<\/div>\n\n<\/div><div class=\"modula-item effect-pufrobo\" >\n\t<div class=\"modula-item-overlay\"><\/div>\n\n\t<div class=\"modula-item-content\">\n\n\t\t<a data-image-id=\"1394\" role=\"button\" tabindex=\"0\" rel=\"jtg-1801\" data-caption=\"\" aria-label=\"Open image in lightbox\" class=\"tile-inner modula-item-link\"><\/a><img loading=\"lazy\" decoding=\"async\" class=\"pic wp-image-1394\"  data-valign=\"middle\" data-halign=\"center\" alt=\"\" data-full=\"https:\/\/www.anne-dasilva.com\/wp-content\/uploads\/Pelagie-1.jpg\" title=\"Pelagie\" crop=\"\" width=\"1200\" height=\"1722\" src=\"https:\/\/www.anne-dasilva.com\/wp-content\/uploads\/Pelagie-1.jpg\" data-src=\"https:\/\/www.anne-dasilva.com\/wp-content\/uploads\/Pelagie-1.jpg\" data-caption=\"\" srcset=\"https:\/\/www.anne-dasilva.com\/wp-content\/uploads\/Pelagie-1.jpg 1200w, https:\/\/www.anne-dasilva.com\/wp-content\/uploads\/Pelagie-1-209x300.jpg 209w, https:\/\/www.anne-dasilva.com\/wp-content\/uploads\/Pelagie-1-700x1005.jpg 700w, https:\/\/www.anne-dasilva.com\/wp-content\/uploads\/Pelagie-1-768x1102.jpg 768w, https:\/\/www.anne-dasilva.com\/wp-content\/uploads\/Pelagie-1-1070x1536.jpg 1070w, https:\/\/www.anne-dasilva.com\/wp-content\/uploads\/Pelagie-1-800x1148.jpg 800w\" sizes=\"auto, (max-width: 1200px) 100vw, 1200px\" \/>\n\t\t<div class=\"figc no-description\">\n\t\t\t<div class=\"figc-inner\">\n\t\t\t\t\t\t\t\t\t\t\t\t\t\t\t<\/div>\n\t\t<\/div>\n\n\t<\/div>\n\n<\/div><div class=\"modula-item effect-pufrobo\" >\n\t<div class=\"modula-item-overlay\"><\/div>\n\n\t<div class=\"modula-item-content\">\n\n\t\t<a data-image-id=\"1730\" role=\"button\" tabindex=\"0\" rel=\"jtg-1801\" data-caption=\"\" aria-label=\"Open image in lightbox\" class=\"tile-inner modula-item-link\"><\/a><img loading=\"lazy\" decoding=\"async\" class=\"pic wp-image-1730\"  data-valign=\"middle\" data-halign=\"center\" alt=\". .\" data-full=\"https:\/\/www.anne-dasilva.com\/wp-content\/uploads\/311413344_3361578380755638_3846850782544215246_n.jpg\" title=\"311413344_3361578380755638_3846850782544215246_n\" crop=\"\" width=\"1332\" height=\"1423\" src=\"https:\/\/www.anne-dasilva.com\/wp-content\/uploads\/311413344_3361578380755638_3846850782544215246_n.jpg\" data-src=\"https:\/\/www.anne-dasilva.com\/wp-content\/uploads\/311413344_3361578380755638_3846850782544215246_n.jpg\" data-caption=\"\" srcset=\"https:\/\/www.anne-dasilva.com\/wp-content\/uploads\/311413344_3361578380755638_3846850782544215246_n.jpg 1332w, https:\/\/www.anne-dasilva.com\/wp-content\/uploads\/311413344_3361578380755638_3846850782544215246_n-281x300.jpg 281w, https:\/\/www.anne-dasilva.com\/wp-content\/uploads\/311413344_3361578380755638_3846850782544215246_n-700x748.jpg 700w, https:\/\/www.anne-dasilva.com\/wp-content\/uploads\/311413344_3361578380755638_3846850782544215246_n-768x820.jpg 768w, https:\/\/www.anne-dasilva.com\/wp-content\/uploads\/311413344_3361578380755638_3846850782544215246_n-800x855.jpg 800w\" sizes=\"auto, (max-width: 1332px) 100vw, 1332px\" \/>\n\t\t<div class=\"figc no-description\">\n\t\t\t<div class=\"figc-inner\">\n\t\t\t\t\t\t\t\t\t\t\t\t\t\t\t<\/div>\n\t\t<\/div>\n\n\t<\/div>\n\n<\/div><div class=\"modula-item effect-pufrobo\" >\n\t<div class=\"modula-item-overlay\"><\/div>\n\n\t<div class=\"modula-item-content\">\n\n\t\t<a data-image-id=\"1387\" role=\"button\" tabindex=\"0\" rel=\"jtg-1801\" data-caption=\"\" aria-label=\"Open image in lightbox\" class=\"tile-inner modula-item-link\"><\/a><img loading=\"lazy\" decoding=\"async\" class=\"pic wp-image-1387\"  data-valign=\"middle\" data-halign=\"center\" alt=\"\" data-full=\"https:\/\/www.anne-dasilva.com\/wp-content\/uploads\/installation.jpg\" title=\"installation\" crop=\"\" width=\"2328\" height=\"1200\" src=\"https:\/\/www.anne-dasilva.com\/wp-content\/uploads\/installation.jpg\" data-src=\"https:\/\/www.anne-dasilva.com\/wp-content\/uploads\/installation.jpg\" data-caption=\"\" srcset=\"https:\/\/www.anne-dasilva.com\/wp-content\/uploads\/installation.jpg 2328w, https:\/\/www.anne-dasilva.com\/wp-content\/uploads\/installation-300x155.jpg 300w, https:\/\/www.anne-dasilva.com\/wp-content\/uploads\/installation-700x361.jpg 700w, https:\/\/www.anne-dasilva.com\/wp-content\/uploads\/installation-768x396.jpg 768w, https:\/\/www.anne-dasilva.com\/wp-content\/uploads\/installation-1536x792.jpg 1536w, https:\/\/www.anne-dasilva.com\/wp-content\/uploads\/installation-2048x1056.jpg 2048w, https:\/\/www.anne-dasilva.com\/wp-content\/uploads\/installation-800x412.jpg 800w\" sizes=\"auto, (max-width: 2328px) 100vw, 2328px\" \/>\n\t\t<div class=\"figc no-description\">\n\t\t\t<div class=\"figc-inner\">\n\t\t\t\t\t\t\t\t\t\t\t\t\t\t\t<\/div>\n\t\t<\/div>\n\n\t<\/div>\n\n<\/div><div class=\"modula-item effect-pufrobo\" >\n\t<div class=\"modula-item-overlay\"><\/div>\n\n\t<div class=\"modula-item-content\">\n\n\t\t<a data-image-id=\"1255\" role=\"button\" tabindex=\"0\" rel=\"jtg-1801\" data-caption=\"\" aria-label=\"Open image in lightbox\" class=\"tile-inner modula-item-link\"><\/a><img loading=\"lazy\" decoding=\"async\" class=\"pic wp-image-1255\"  data-valign=\"middle\" data-halign=\"center\" alt=\"\" data-full=\"https:\/\/www.anne-dasilva.com\/wp-content\/uploads\/IMG_8201-1.jpg\" title=\"IMG_8201\" crop=\"\" width=\"3456\" height=\"5184\" src=\"https:\/\/www.anne-dasilva.com\/wp-content\/uploads\/IMG_8201-1.jpg\" data-src=\"https:\/\/www.anne-dasilva.com\/wp-content\/uploads\/IMG_8201-1.jpg\" data-caption=\"\" srcset=\"https:\/\/www.anne-dasilva.com\/wp-content\/uploads\/IMG_8201-1.jpg 3456w, https:\/\/www.anne-dasilva.com\/wp-content\/uploads\/IMG_8201-1-200x300.jpg 200w, https:\/\/www.anne-dasilva.com\/wp-content\/uploads\/IMG_8201-1-768x1152.jpg 768w, https:\/\/www.anne-dasilva.com\/wp-content\/uploads\/IMG_8201-1-700x1050.jpg 700w, https:\/\/www.anne-dasilva.com\/wp-content\/uploads\/IMG_8201-1-800x1200.jpg 800w\" sizes=\"auto, (max-width: 3456px) 100vw, 3456px\" \/>\n\t\t<div class=\"figc no-description\">\n\t\t\t<div class=\"figc-inner\">\n\t\t\t\t\t\t\t\t\t\t\t\t\t\t\t<\/div>\n\t\t<\/div>\n\n\t<\/div>\n\n<\/div><div class=\"modula-item effect-pufrobo\" >\n\t<div class=\"modula-item-overlay\"><\/div>\n\n\t<div class=\"modula-item-content\">\n\n\t\t<a data-image-id=\"1254\" role=\"button\" tabindex=\"0\" rel=\"jtg-1801\" data-caption=\"\" aria-label=\"Open image in lightbox\" class=\"tile-inner modula-item-link\"><\/a><img loading=\"lazy\" decoding=\"async\" class=\"pic wp-image-1254\"  data-valign=\"middle\" data-halign=\"center\" alt=\"\" data-full=\"https:\/\/www.anne-dasilva.com\/wp-content\/uploads\/IMG_8194-1.jpg\" title=\"IMG_8194\" crop=\"\" width=\"5184\" height=\"3456\" src=\"https:\/\/www.anne-dasilva.com\/wp-content\/uploads\/IMG_8194-1.jpg\" data-src=\"https:\/\/www.anne-dasilva.com\/wp-content\/uploads\/IMG_8194-1.jpg\" data-caption=\"\" srcset=\"https:\/\/www.anne-dasilva.com\/wp-content\/uploads\/IMG_8194-1.jpg 5184w, https:\/\/www.anne-dasilva.com\/wp-content\/uploads\/IMG_8194-1-300x200.jpg 300w, https:\/\/www.anne-dasilva.com\/wp-content\/uploads\/IMG_8194-1-768x512.jpg 768w, https:\/\/www.anne-dasilva.com\/wp-content\/uploads\/IMG_8194-1-700x467.jpg 700w, https:\/\/www.anne-dasilva.com\/wp-content\/uploads\/IMG_8194-1-800x533.jpg 800w\" sizes=\"auto, (max-width: 5184px) 100vw, 5184px\" \/>\n\t\t<div class=\"figc no-description\">\n\t\t\t<div class=\"figc-inner\">\n\t\t\t\t\t\t\t\t\t\t\t\t\t\t\t<\/div>\n\t\t<\/div>\n\n\t<\/div>\n\n<\/div><div class=\"modula-item effect-pufrobo\" >\n\t<div class=\"modula-item-overlay\"><\/div>\n\n\t<div class=\"modula-item-content\">\n\n\t\t<a data-image-id=\"1253\" role=\"button\" tabindex=\"0\" rel=\"jtg-1801\" data-caption=\"\" aria-label=\"Open image in lightbox\" class=\"tile-inner modula-item-link\"><\/a><img loading=\"lazy\" decoding=\"async\" class=\"pic wp-image-1253\"  data-valign=\"middle\" data-halign=\"center\" alt=\"\" data-full=\"https:\/\/www.anne-dasilva.com\/wp-content\/uploads\/IMG_8187-1.jpg\" title=\"IMG_8187\" crop=\"\" width=\"5184\" height=\"3456\" src=\"https:\/\/www.anne-dasilva.com\/wp-content\/uploads\/IMG_8187-1.jpg\" data-src=\"https:\/\/www.anne-dasilva.com\/wp-content\/uploads\/IMG_8187-1.jpg\" data-caption=\"\" srcset=\"https:\/\/www.anne-dasilva.com\/wp-content\/uploads\/IMG_8187-1.jpg 5184w, https:\/\/www.anne-dasilva.com\/wp-content\/uploads\/IMG_8187-1-300x200.jpg 300w, https:\/\/www.anne-dasilva.com\/wp-content\/uploads\/IMG_8187-1-768x512.jpg 768w, https:\/\/www.anne-dasilva.com\/wp-content\/uploads\/IMG_8187-1-700x467.jpg 700w, https:\/\/www.anne-dasilva.com\/wp-content\/uploads\/IMG_8187-1-800x533.jpg 800w\" sizes=\"auto, (max-width: 5184px) 100vw, 5184px\" \/>\n\t\t<div class=\"figc no-description\">\n\t\t\t<div class=\"figc-inner\">\n\t\t\t\t\t\t\t\t\t\t\t\t\t\t\t<\/div>\n\t\t<\/div>\n\n\t<\/div>\n\n<\/div><div class=\"modula-item effect-pufrobo\" >\n\t<div class=\"modula-item-overlay\"><\/div>\n\n\t<div class=\"modula-item-content\">\n\n\t\t<a data-image-id=\"1735\" role=\"button\" tabindex=\"0\" rel=\"jtg-1801\" data-caption=\"\" aria-label=\"Open image in lightbox\" class=\"tile-inner modula-item-link\"><\/a><img loading=\"lazy\" decoding=\"async\" class=\"pic wp-image-1735\"  data-valign=\"middle\" data-halign=\"center\" alt=\". .\" data-full=\"https:\/\/www.anne-dasilva.com\/wp-content\/uploads\/305817460_3322941907952619_3690914444827010968_n.jpg\" title=\"305817460_3322941907952619_3690914444827010968_n\" crop=\"\" width=\"1485\" height=\"1504\" src=\"https:\/\/www.anne-dasilva.com\/wp-content\/uploads\/305817460_3322941907952619_3690914444827010968_n.jpg\" data-src=\"https:\/\/www.anne-dasilva.com\/wp-content\/uploads\/305817460_3322941907952619_3690914444827010968_n.jpg\" data-caption=\"\" srcset=\"https:\/\/www.anne-dasilva.com\/wp-content\/uploads\/305817460_3322941907952619_3690914444827010968_n.jpg 1485w, https:\/\/www.anne-dasilva.com\/wp-content\/uploads\/305817460_3322941907952619_3690914444827010968_n-296x300.jpg 296w, https:\/\/www.anne-dasilva.com\/wp-content\/uploads\/305817460_3322941907952619_3690914444827010968_n-700x709.jpg 700w, https:\/\/www.anne-dasilva.com\/wp-content\/uploads\/305817460_3322941907952619_3690914444827010968_n-768x778.jpg 768w, https:\/\/www.anne-dasilva.com\/wp-content\/uploads\/305817460_3322941907952619_3690914444827010968_n-800x810.jpg 800w\" sizes=\"auto, (max-width: 1485px) 100vw, 1485px\" \/>\n\t\t<div class=\"figc no-description\">\n\t\t\t<div class=\"figc-inner\">\n\t\t\t\t\t\t\t\t\t\t\t\t\t\t\t<\/div>\n\t\t<\/div>\n\n\t<\/div>\n\n<\/div><div class=\"modula-item effect-pufrobo\" >\n\t<div class=\"modula-item-overlay\"><\/div>\n\n\t<div class=\"modula-item-content\">\n\n\t\t<a data-image-id=\"1733\" role=\"button\" tabindex=\"0\" rel=\"jtg-1801\" data-caption=\"\" aria-label=\"Open image in lightbox\" class=\"tile-inner modula-item-link\"><\/a><img loading=\"lazy\" decoding=\"async\" class=\"pic wp-image-1733\"  data-valign=\"middle\" data-halign=\"center\" alt=\". .\" data-full=\"https:\/\/www.anne-dasilva.com\/wp-content\/uploads\/311703533_3361581090755367_1407522665503885632_n.jpg\" title=\"311703533_3361581090755367_1407522665503885632_n\" crop=\"\" width=\"1365\" height=\"2048\" src=\"https:\/\/www.anne-dasilva.com\/wp-content\/uploads\/311703533_3361581090755367_1407522665503885632_n.jpg\" data-src=\"https:\/\/www.anne-dasilva.com\/wp-content\/uploads\/311703533_3361581090755367_1407522665503885632_n.jpg\" data-caption=\"\" srcset=\"https:\/\/www.anne-dasilva.com\/wp-content\/uploads\/311703533_3361581090755367_1407522665503885632_n.jpg 1365w, https:\/\/www.anne-dasilva.com\/wp-content\/uploads\/311703533_3361581090755367_1407522665503885632_n-200x300.jpg 200w, https:\/\/www.anne-dasilva.com\/wp-content\/uploads\/311703533_3361581090755367_1407522665503885632_n-700x1050.jpg 700w, https:\/\/www.anne-dasilva.com\/wp-content\/uploads\/311703533_3361581090755367_1407522665503885632_n-768x1152.jpg 768w, https:\/\/www.anne-dasilva.com\/wp-content\/uploads\/311703533_3361581090755367_1407522665503885632_n-1024x1536.jpg 1024w, https:\/\/www.anne-dasilva.com\/wp-content\/uploads\/311703533_3361581090755367_1407522665503885632_n-800x1200.jpg 800w\" sizes=\"auto, (max-width: 1365px) 100vw, 1365px\" \/>\n\t\t<div class=\"figc no-description\">\n\t\t\t<div class=\"figc-inner\">\n\t\t\t\t\t\t\t\t\t\t\t\t\t\t\t<\/div>\n\t\t<\/div>\n\n\t<\/div>\n\n<\/div>\t\t\n\t<\/div>\n\n\t\n\t\n\t<script type=\"application\/ld+json\">\n\t{\n\t\t\"@context\": \"https:\/\/schema.org\",\n\t\t\"@type\"   : \"ImageGallery\",\n\t\t\"id\"      : \"https:\/\/www.anne-dasilva.com\/?page_id=1257\/#modula-gallery-1801\",\n\t\t\"url\"     : \"https:\/\/www.anne-dasilva.com\/?page_id=1257\/\"\n\t}\n\n\t<\/script>\n\n\t\n<\/div>\n\n<p><span class=\"fontstyle3\">\u00a0<\/span><\/p>\n","protected":false},"excerpt":{"rendered":"<p>P\u00e9lagie 3m10 x 1m80 x 1m80 , sculpture en peaux de poissons cousues. Issue de longs mois de tannage et couture, P\u00e9lagie est une cr\u00e9ature de la haute mer et des profondeurs. Revisitant les mythes des poissons anthropophages, le visiteur est invit\u00e9 \u00e0 s\u2019installer dans l\u2019antre de l\u2019animal. Un chant \u00e9nigmatique accompagne ce voyage sous&#8230;<\/p>\n","protected":false},"author":1,"featured_media":0,"parent":1088,"menu_order":0,"comment_status":"closed","ping_status":"closed","template":"","meta":{"footnotes":""},"class_list":["post-1257","page","type-page","status-publish","hentry"],"_links":{"self":[{"href":"https:\/\/www.anne-dasilva.com\/index.php?rest_route=\/wp\/v2\/pages\/1257","targetHints":{"allow":["GET"]}}],"collection":[{"href":"https:\/\/www.anne-dasilva.com\/index.php?rest_route=\/wp\/v2\/pages"}],"about":[{"href":"https:\/\/www.anne-dasilva.com\/index.php?rest_route=\/wp\/v2\/types\/page"}],"author":[{"embeddable":true,"href":"https:\/\/www.anne-dasilva.com\/index.php?rest_route=\/wp\/v2\/users\/1"}],"replies":[{"embeddable":true,"href":"https:\/\/www.anne-dasilva.com\/index.php?rest_route=%2Fwp%2Fv2%2Fcomments&post=1257"}],"version-history":[{"count":5,"href":"https:\/\/www.anne-dasilva.com\/index.php?rest_route=\/wp\/v2\/pages\/1257\/revisions"}],"predecessor-version":[{"id":1453,"href":"https:\/\/www.anne-dasilva.com\/index.php?rest_route=\/wp\/v2\/pages\/1257\/revisions\/1453"}],"up":[{"embeddable":true,"href":"https:\/\/www.anne-dasilva.com\/index.php?rest_route=\/wp\/v2\/pages\/1088"}],"wp:attachment":[{"href":"https:\/\/www.anne-dasilva.com\/index.php?rest_route=%2Fwp%2Fv2%2Fmedia&parent=1257"}],"curies":[{"name":"wp","href":"https:\/\/api.w.org\/{rel}","templated":true}]}}