{"id":1101,"date":"2018-11-15T10:50:48","date_gmt":"2018-11-15T09:50:48","guid":{"rendered":"http:\/\/www.anne-dasilva.com\/?page_id=1101"},"modified":"2022-02-21T15:44:09","modified_gmt":"2022-02-21T14:44:09","slug":"veille-journal-de-travail","status":"publish","type":"page","link":"https:\/\/www.anne-dasilva.com\/?page_id=1101","title":{"rendered":"\u00ab\u00a0Veille\u00a0\u00bb"},"content":{"rendered":"<p><a href=\"https:\/\/www.anne-dasilva.com\/wp-content\/uploads\/journal-de-travail-2020-sans-images.pdf\">journal de travail 2020 sans images<\/a><\/p>\n<p><span class=\"fontstyle4\">Veille <\/span><span class=\"fontstyle2\">est un travail de sculptures et d\u2019installation empreint des territoires maritimes r\u00e9els ou imaginaires. Une pens\u00e9e particuli\u00e8rement s\u2019y invite, forte et obsessionnelle: celle de l\u2019attente \u00e0 terre de ceux qui sont partis en mer. \u00c0 cette image de celui qui reste s\u2019arrime celle du vide, d\u2019un espace ouvert, infini et immat\u00e9riel. L\u2019absence, l\u2019attente pour horizon qu\u2019il s\u2019agit de domestiquer.<br \/>\nC\u2019est depuis cette place l\u00e0, de celui qui veille, que je me tiens pour construire ce travail. La place de celui qui, immobile, les pieds \u00e0 terre, va, par la pens\u00e9e, \u00e0 la rencontre de ceux qui manquent.<br \/>\nCe texte, compagnon de route, est mon journal de travail.<\/span><\/p>\n<p>Texte imprim\u00e9 \u00e0 350 exemplaires<\/p>\n<p>&nbsp;<\/p>\n","protected":false},"excerpt":{"rendered":"<p>journal de travail 2020 sans images Veille est un travail de sculptures et d\u2019installation empreint des territoires maritimes r\u00e9els ou imaginaires. Une pens\u00e9e particuli\u00e8rement s\u2019y invite, forte et obsessionnelle: celle de l\u2019attente \u00e0 terre de ceux qui sont partis en mer. \u00c0 cette image de celui qui reste s\u2019arrime celle du vide, d\u2019un espace ouvert,&#8230;<\/p>\n","protected":false},"author":1,"featured_media":0,"parent":0,"menu_order":2,"comment_status":"closed","ping_status":"closed","template":"","meta":{"footnotes":""},"class_list":["post-1101","page","type-page","status-publish","hentry"],"_links":{"self":[{"href":"https:\/\/www.anne-dasilva.com\/index.php?rest_route=\/wp\/v2\/pages\/1101","targetHints":{"allow":["GET"]}}],"collection":[{"href":"https:\/\/www.anne-dasilva.com\/index.php?rest_route=\/wp\/v2\/pages"}],"about":[{"href":"https:\/\/www.anne-dasilva.com\/index.php?rest_route=\/wp\/v2\/types\/page"}],"author":[{"embeddable":true,"href":"https:\/\/www.anne-dasilva.com\/index.php?rest_route=\/wp\/v2\/users\/1"}],"replies":[{"embeddable":true,"href":"https:\/\/www.anne-dasilva.com\/index.php?rest_route=%2Fwp%2Fv2%2Fcomments&post=1101"}],"version-history":[{"count":11,"href":"https:\/\/www.anne-dasilva.com\/index.php?rest_route=\/wp\/v2\/pages\/1101\/revisions"}],"predecessor-version":[{"id":1629,"href":"https:\/\/www.anne-dasilva.com\/index.php?rest_route=\/wp\/v2\/pages\/1101\/revisions\/1629"}],"wp:attachment":[{"href":"https:\/\/www.anne-dasilva.com\/index.php?rest_route=%2Fwp%2Fv2%2Fmedia&parent=1101"}],"curies":[{"name":"wp","href":"https:\/\/api.w.org\/{rel}","templated":true}]}}