{"id":1088,"date":"2018-05-15T13:24:03","date_gmt":"2018-05-15T12:24:03","guid":{"rendered":"http:\/\/www.anne-dasilva.com\/?page_id=1088"},"modified":"2022-11-04T14:21:20","modified_gmt":"2022-11-04T13:21:20","slug":"veille","status":"publish","type":"page","link":"https:\/\/www.anne-dasilva.com\/?page_id=1088","title":{"rendered":"Recherches"},"content":{"rendered":"<div  id=\"jtg-1798\" class=\"modula modula-gallery modula-columns\" data-config=\"{&quot;tabletHeight&quot;:0,&quot;mobileHeight&quot;:0,&quot;desktopHeight&quot;:0,&quot;enableTwitter&quot;:false,&quot;enableWhatsapp&quot;:false,&quot;enableFacebook&quot;:false,&quot;enablePinterest&quot;:false,&quot;enableLinkedin&quot;:false,&quot;enableEmail&quot;:false,&quot;randomFactor&quot;:0,&quot;type&quot;:&quot;grid&quot;,&quot;columns&quot;:12,&quot;gutter&quot;:10,&quot;mobileGutter&quot;:10,&quot;tabletGutter&quot;:10,&quot;desktopGutter&quot;:10,&quot;enableResponsive&quot;:&quot;0&quot;,&quot;tabletColumns&quot;:&quot;2&quot;,&quot;mobileColumns&quot;:&quot;1&quot;,&quot;lazyLoad&quot;:0,&quot;lightboxOpts&quot;:{&quot;animated&quot;:true,&quot;Thumbs&quot;:{&quot;type&quot;:&quot;modern&quot;,&quot;showOnStart&quot;:false},&quot;Toolbar&quot;:{&quot;display&quot;:{&quot;right&quot;:[&quot;close&quot;]},&quot;enabled&quot;:true},&quot;Carousel&quot;:{&quot;Panzoom&quot;:{&quot;touch&quot;:true},&quot;infinite&quot;:false},&quot;keyboard&quot;:{&quot;Escape&quot;:&quot;close&quot;,&quot;Delete&quot;:&quot;close&quot;,&quot;Backspace&quot;:&quot;close&quot;,&quot;PageUp&quot;:false,&quot;PageDown&quot;:false,&quot;ArrowUp&quot;:false,&quot;ArrowDown&quot;:false,&quot;ArrowRight&quot;:false,&quot;ArrowLeft&quot;:false},&quot;touch&quot;:false,&quot;backdropClick&quot;:false,&quot;l10n&quot;:{&quot;CLOSE&quot;:&quot;Close&quot;,&quot;NEXT&quot;:&quot;Next&quot;,&quot;PREV&quot;:&quot;Previous&quot;,&quot;Error&quot;:&quot;The requested content cannot be loaded. Please try again later.&quot;,&quot;PLAY_START&quot;:&quot;Start slideshow&quot;,&quot;PLAY_STOP&quot;:&quot;Pause slideshow&quot;,&quot;FULL_SCREEN&quot;:&quot;Full screen&quot;,&quot;THUMBS&quot;:&quot;Thumbnails&quot;,&quot;DOWNLOAD&quot;:&quot;Download&quot;,&quot;SHARE&quot;:&quot;Share&quot;,&quot;ZOOM&quot;:&quot;Zoom&quot;,&quot;EMAIL&quot;:&quot;Here is the link to the image : %%image_link%% and this is the link to the gallery : %%gallery_link%%&quot;,&quot;MODAL&quot;:&quot;You can close this modal content with the ESC key&quot;,&quot;ERROR&quot;:&quot;Something Went Wrong, Please Try Again Later&quot;,&quot;IMAGE_ERROR&quot;:&quot;Image Not Found&quot;,&quot;ELEMENT_NOT_FOUND&quot;:&quot;HTML Element Not Found&quot;,&quot;AJAX_NOT_FOUND&quot;:&quot;Error Loading AJAX : Not Found&quot;,&quot;AJAX_FORBIDDEN&quot;:&quot;Error Loading AJAX : Forbidden&quot;,&quot;IFRAME_ERROR&quot;:&quot;Error Loading Page&quot;,&quot;TOGGLE_ZOOM&quot;:&quot;Toggle zoom level&quot;,&quot;TOGGLE_THUMBS&quot;:&quot;Toggle thumbnails&quot;,&quot;TOGGLE_SLIDESHOW&quot;:&quot;Toggle slideshow&quot;,&quot;TOGGLE_FULLSCREEN&quot;:&quot;Toggle full-screen mode&quot;},&quot;Images&quot;:{&quot;Panzoom&quot;:{&quot;maxScale&quot;:2}},&quot;mainClass&quot;:&quot;modula-fancybox-container modula-lightbox-jtg-1798&quot;,&quot;Html&quot;:{&quot;videoAutoplay&quot;:0,&quot;videoTpl&quot;:&quot;&lt;video class=\\&quot;fancybox__html5video\\&quot; controls muted playsinline controlsList controlsList=\\&quot;nodownload\\&quot; poster=\\&quot;{{poster}}\\&quot; src=\\&quot;{{src}}\\&quot; type=\\&quot;{{format}}\\&quot; &gt;  Sorry, your browser doesn&#039;t support embedded videos, &lt;a href=\\&quot;{{src}}\\&quot;&gt; download &lt;\\\/a&gt; and watch with your favorite video player! &lt;\\\/video&gt;&quot;}},&quot;inView&quot;:false,&quot;email_subject&quot;:&quot;Check out this awesome image !!&quot;,&quot;email_message&quot;:&quot;Here is the link to the image : %%image_link%% and this is the link to the gallery : %%gallery_link%%&quot;,&quot;grid_type&quot;:&quot;2&quot;,&quot;rowHeight&quot;:0,&quot;lastRow&quot;:&quot;&quot;,&quot;lightbox&quot;:&quot;fancybox&quot;}\">\n\n\t<div class=\"modula-grid-sizer\"> <\/div>\n\t<div  class=\"modula-items grid-gallery\">\n\t\t<div class=\"modula-item effect-pufrobo\" >\n\t<div class=\"modula-item-overlay\"><\/div>\n\n\t<div class=\"modula-item-content\">\n\n\t\t<a data-image-id=\"1091\" role=\"button\" tabindex=\"0\" rel=\"jtg-1798\" data-caption=\"\" aria-label=\"Open image in lightbox\" class=\"tile-inner modula-item-link\"><\/a><img loading=\"lazy\" decoding=\"async\" class=\"pic wp-image-1091\"  data-valign=\"middle\" data-halign=\"center\" alt=\"\" data-full=\"https:\/\/www.anne-dasilva.com\/wp-content\/uploads\/IMG_1632-1-1.jpg\" title=\"IMG_1632 (1)\" crop=\"\" width=\"3264\" height=\"2448\" src=\"https:\/\/www.anne-dasilva.com\/wp-content\/uploads\/IMG_1632-1-1.jpg\" data-src=\"https:\/\/www.anne-dasilva.com\/wp-content\/uploads\/IMG_1632-1-1.jpg\" data-caption=\"\" srcset=\"https:\/\/www.anne-dasilva.com\/wp-content\/uploads\/IMG_1632-1-1.jpg 3264w, https:\/\/www.anne-dasilva.com\/wp-content\/uploads\/IMG_1632-1-1-300x225.jpg 300w, https:\/\/www.anne-dasilva.com\/wp-content\/uploads\/IMG_1632-1-1-768x576.jpg 768w, https:\/\/www.anne-dasilva.com\/wp-content\/uploads\/IMG_1632-1-1-700x525.jpg 700w, https:\/\/www.anne-dasilva.com\/wp-content\/uploads\/IMG_1632-1-1-800x600.jpg 800w, https:\/\/www.anne-dasilva.com\/wp-content\/uploads\/IMG_1632-1-1-80x60.jpg 80w\" sizes=\"auto, (max-width: 3264px) 100vw, 3264px\" \/>\n\t\t<div class=\"figc no-description\">\n\t\t\t<div class=\"figc-inner\">\n\t\t\t\t\t\t\t\t\t\t\t\t\t\t\t<\/div>\n\t\t<\/div>\n\n\t<\/div>\n\n<\/div><div class=\"modula-item effect-pufrobo\" >\n\t<div class=\"modula-item-overlay\"><\/div>\n\n\t<div class=\"modula-item-content\">\n\n\t\t<a data-image-id=\"1097\" role=\"button\" tabindex=\"0\" rel=\"jtg-1798\" data-caption=\"\" aria-label=\"Open image in lightbox\" class=\"tile-inner modula-item-link\"><\/a><img loading=\"lazy\" decoding=\"async\" class=\"pic wp-image-1097\"  data-valign=\"middle\" data-halign=\"center\" alt=\"\" data-full=\"https:\/\/www.anne-dasilva.com\/wp-content\/uploads\/IMG_20180424_180332525-1.jpg\" title=\"IMG_20180424_180332525\" crop=\"\" width=\"1840\" height=\"3264\" src=\"https:\/\/www.anne-dasilva.com\/wp-content\/uploads\/IMG_20180424_180332525-1.jpg\" data-src=\"https:\/\/www.anne-dasilva.com\/wp-content\/uploads\/IMG_20180424_180332525-1.jpg\" data-caption=\"\" srcset=\"https:\/\/www.anne-dasilva.com\/wp-content\/uploads\/IMG_20180424_180332525-1.jpg 1840w, https:\/\/www.anne-dasilva.com\/wp-content\/uploads\/IMG_20180424_180332525-1-169x300.jpg 169w, https:\/\/www.anne-dasilva.com\/wp-content\/uploads\/IMG_20180424_180332525-1-768x1362.jpg 768w, https:\/\/www.anne-dasilva.com\/wp-content\/uploads\/IMG_20180424_180332525-1-700x1242.jpg 700w, https:\/\/www.anne-dasilva.com\/wp-content\/uploads\/IMG_20180424_180332525-1-800x1419.jpg 800w\" sizes=\"auto, (max-width: 1840px) 100vw, 1840px\" \/>\n\t\t<div class=\"figc no-description\">\n\t\t\t<div class=\"figc-inner\">\n\t\t\t\t\t\t\t\t\t\t\t\t\t\t\t<\/div>\n\t\t<\/div>\n\n\t<\/div>\n\n<\/div><div class=\"modula-item effect-pufrobo\" >\n\t<div class=\"modula-item-overlay\"><\/div>\n\n\t<div class=\"modula-item-content\">\n\n\t\t<a data-image-id=\"1105\" role=\"button\" tabindex=\"0\" rel=\"jtg-1798\" data-caption=\"\" aria-label=\"Open image in lightbox\" class=\"tile-inner modula-item-link\"><\/a><img loading=\"lazy\" decoding=\"async\" class=\"pic wp-image-1105\"  data-valign=\"middle\" data-halign=\"center\" alt=\"\" data-full=\"https:\/\/www.anne-dasilva.com\/wp-content\/uploads\/veille-marie.jpg\" title=\"veille marie\" crop=\"\" width=\"2868\" height=\"2448\" src=\"https:\/\/www.anne-dasilva.com\/wp-content\/uploads\/veille-marie.jpg\" data-src=\"https:\/\/www.anne-dasilva.com\/wp-content\/uploads\/veille-marie.jpg\" data-caption=\"\" srcset=\"https:\/\/www.anne-dasilva.com\/wp-content\/uploads\/veille-marie.jpg 2868w, https:\/\/www.anne-dasilva.com\/wp-content\/uploads\/veille-marie-300x256.jpg 300w, https:\/\/www.anne-dasilva.com\/wp-content\/uploads\/veille-marie-768x656.jpg 768w, https:\/\/www.anne-dasilva.com\/wp-content\/uploads\/veille-marie-700x597.jpg 700w, https:\/\/www.anne-dasilva.com\/wp-content\/uploads\/veille-marie-800x683.jpg 800w\" sizes=\"auto, (max-width: 2868px) 100vw, 2868px\" \/>\n\t\t<div class=\"figc no-description\">\n\t\t\t<div class=\"figc-inner\">\n\t\t\t\t\t\t\t\t\t\t\t\t\t\t\t<\/div>\n\t\t<\/div>\n\n\t<\/div>\n\n<\/div><div class=\"modula-item effect-pufrobo\" >\n\t<div class=\"modula-item-overlay\"><\/div>\n\n\t<div class=\"modula-item-content\">\n\n\t\t<a data-image-id=\"1151\" role=\"button\" tabindex=\"0\" rel=\"jtg-1798\" data-caption=\"\" aria-label=\"Open image in lightbox\" class=\"tile-inner modula-item-link\"><\/a><img loading=\"lazy\" decoding=\"async\" class=\"pic wp-image-1151\"  data-valign=\"middle\" data-halign=\"center\" alt=\"\" data-full=\"https:\/\/www.anne-dasilva.com\/wp-content\/uploads\/20181006_155826.jpg\" title=\"20181006_155826\" crop=\"\" width=\"3024\" height=\"4032\" src=\"https:\/\/www.anne-dasilva.com\/wp-content\/uploads\/20181006_155826.jpg\" data-src=\"https:\/\/www.anne-dasilva.com\/wp-content\/uploads\/20181006_155826.jpg\" data-caption=\"\" srcset=\"https:\/\/www.anne-dasilva.com\/wp-content\/uploads\/20181006_155826.jpg 3024w, https:\/\/www.anne-dasilva.com\/wp-content\/uploads\/20181006_155826-225x300.jpg 225w, https:\/\/www.anne-dasilva.com\/wp-content\/uploads\/20181006_155826-768x1024.jpg 768w, https:\/\/www.anne-dasilva.com\/wp-content\/uploads\/20181006_155826-700x933.jpg 700w, https:\/\/www.anne-dasilva.com\/wp-content\/uploads\/20181006_155826-800x1067.jpg 800w\" sizes=\"auto, (max-width: 3024px) 100vw, 3024px\" \/>\n\t\t<div class=\"figc no-description\">\n\t\t\t<div class=\"figc-inner\">\n\t\t\t\t\t\t\t\t\t\t\t\t\t\t\t<\/div>\n\t\t<\/div>\n\n\t<\/div>\n\n<\/div><div class=\"modula-item effect-pufrobo\" >\n\t<div class=\"modula-item-overlay\"><\/div>\n\n\t<div class=\"modula-item-content\">\n\n\t\t<a data-image-id=\"1287\" role=\"button\" tabindex=\"0\" rel=\"jtg-1798\" data-caption=\"sculptures de peaux de poissons, \u00eele wrac&#039;h\" aria-label=\"Open image in lightbox\" class=\"tile-inner modula-item-link\"><\/a><img loading=\"lazy\" decoding=\"async\" class=\"pic wp-image-1287\"  data-valign=\"middle\" data-halign=\"center\" alt=\"\" data-full=\"https:\/\/www.anne-dasilva.com\/wp-content\/uploads\/sculpture-peaux-de-poissons-les-soeurs-2.jpg\" title=\"sculpture peaux de poissons les soeurs\" crop=\"\" width=\"1600\" height=\"1200\" src=\"https:\/\/www.anne-dasilva.com\/wp-content\/uploads\/sculpture-peaux-de-poissons-les-soeurs-2.jpg\" data-src=\"https:\/\/www.anne-dasilva.com\/wp-content\/uploads\/sculpture-peaux-de-poissons-les-soeurs-2.jpg\" data-caption=\"sculptures de peaux de poissons, \u00eele wrac&#039;h\" srcset=\"https:\/\/www.anne-dasilva.com\/wp-content\/uploads\/sculpture-peaux-de-poissons-les-soeurs-2.jpg 1600w, https:\/\/www.anne-dasilva.com\/wp-content\/uploads\/sculpture-peaux-de-poissons-les-soeurs-2-300x225.jpg 300w, https:\/\/www.anne-dasilva.com\/wp-content\/uploads\/sculpture-peaux-de-poissons-les-soeurs-2-700x525.jpg 700w, https:\/\/www.anne-dasilva.com\/wp-content\/uploads\/sculpture-peaux-de-poissons-les-soeurs-2-768x576.jpg 768w, https:\/\/www.anne-dasilva.com\/wp-content\/uploads\/sculpture-peaux-de-poissons-les-soeurs-2-1536x1152.jpg 1536w\" sizes=\"auto, (max-width: 1600px) 100vw, 1600px\" \/>\n\t\t<div class=\"figc\">\n\t\t\t<div class=\"figc-inner\">\n\t\t\t\t\t\t\t\t\t\t\t\t\t\t\t<\/div>\n\t\t<\/div>\n\n\t<\/div>\n\n<\/div><div class=\"modula-item effect-pufrobo\" >\n\t<div class=\"modula-item-overlay\"><\/div>\n\n\t<div class=\"modula-item-content\">\n\n\t\t<a data-image-id=\"1427\" role=\"button\" tabindex=\"0\" rel=\"jtg-1798\" data-caption=\"\" aria-label=\"Open image in lightbox\" class=\"tile-inner modula-item-link\"><\/a><img loading=\"lazy\" decoding=\"async\" class=\"pic wp-image-1427\"  data-valign=\"middle\" data-halign=\"center\" alt=\"\" data-full=\"https:\/\/www.anne-dasilva.com\/wp-content\/uploads\/300-cmjn.jpg\" title=\"300 cmjn\" crop=\"\" width=\"720\" height=\"960\" src=\"https:\/\/www.anne-dasilva.com\/wp-content\/uploads\/300-cmjn.jpg\" data-src=\"https:\/\/www.anne-dasilva.com\/wp-content\/uploads\/300-cmjn.jpg\" data-caption=\"\" srcset=\"https:\/\/www.anne-dasilva.com\/wp-content\/uploads\/300-cmjn.jpg 720w, https:\/\/www.anne-dasilva.com\/wp-content\/uploads\/300-cmjn-225x300.jpg 225w, https:\/\/www.anne-dasilva.com\/wp-content\/uploads\/300-cmjn-700x933.jpg 700w\" sizes=\"auto, (max-width: 720px) 100vw, 720px\" \/>\n\t\t<div class=\"figc no-description\">\n\t\t\t<div class=\"figc-inner\">\n\t\t\t\t\t\t\t\t\t\t\t\t\t\t\t<\/div>\n\t\t<\/div>\n\n\t<\/div>\n\n<\/div><div class=\"modula-item effect-pufrobo\" >\n\t<div class=\"modula-item-overlay\"><\/div>\n\n\t<div class=\"modula-item-content\">\n\n\t\t<a data-image-id=\"1225\" role=\"button\" tabindex=\"0\" rel=\"jtg-1798\" data-caption=\"\" aria-label=\"Open image in lightbox\" class=\"tile-inner modula-item-link\"><\/a><img loading=\"lazy\" decoding=\"async\" class=\"pic wp-image-1225\"  data-valign=\"middle\" data-halign=\"center\" alt=\"\" data-full=\"https:\/\/www.anne-dasilva.com\/wp-content\/uploads\/arr\u00eates-1.jpg\" title=\"arr\u00eates\" crop=\"\" width=\"2448\" height=\"3264\" src=\"https:\/\/www.anne-dasilva.com\/wp-content\/uploads\/arr\u00eates-1.jpg\" data-src=\"https:\/\/www.anne-dasilva.com\/wp-content\/uploads\/arr\u00eates-1.jpg\" data-caption=\"\" srcset=\"https:\/\/www.anne-dasilva.com\/wp-content\/uploads\/arr\u00eates-1.jpg 2448w, https:\/\/www.anne-dasilva.com\/wp-content\/uploads\/arr\u00eates-1-225x300.jpg 225w, https:\/\/www.anne-dasilva.com\/wp-content\/uploads\/arr\u00eates-1-768x1024.jpg 768w, https:\/\/www.anne-dasilva.com\/wp-content\/uploads\/arr\u00eates-1-700x933.jpg 700w, https:\/\/www.anne-dasilva.com\/wp-content\/uploads\/arr\u00eates-1-800x1067.jpg 800w\" sizes=\"auto, (max-width: 2448px) 100vw, 2448px\" \/>\n\t\t<div class=\"figc no-description\">\n\t\t\t<div class=\"figc-inner\">\n\t\t\t\t\t\t\t\t\t\t\t\t\t\t\t<\/div>\n\t\t<\/div>\n\n\t<\/div>\n\n<\/div><div class=\"modula-item effect-pufrobo\" >\n\t<div class=\"modula-item-overlay\"><\/div>\n\n\t<div class=\"modula-item-content\">\n\n\t\t<a data-image-id=\"1335\" role=\"button\" tabindex=\"0\" rel=\"jtg-1798\" data-caption=\"ar\u00eates, \u00e9cailles et socles en porcelaine\" aria-label=\"Open image in lightbox\" class=\"tile-inner modula-item-link\"><\/a><img loading=\"lazy\" decoding=\"async\" class=\"pic wp-image-1335\"  data-valign=\"middle\" data-halign=\"center\" alt=\"\" data-full=\"https:\/\/www.anne-dasilva.com\/wp-content\/uploads\/ar\u00eates-.jpg\" title=\"ar\u00eates\" crop=\"\" width=\"721\" height=\"547\" src=\"https:\/\/www.anne-dasilva.com\/wp-content\/uploads\/ar\u00eates-.jpg\" data-src=\"https:\/\/www.anne-dasilva.com\/wp-content\/uploads\/ar\u00eates-.jpg\" data-caption=\"ar\u00eates, \u00e9cailles et socles en porcelaine\" srcset=\"https:\/\/www.anne-dasilva.com\/wp-content\/uploads\/ar\u00eates-.jpg 721w, https:\/\/www.anne-dasilva.com\/wp-content\/uploads\/ar\u00eates--300x228.jpg 300w, https:\/\/www.anne-dasilva.com\/wp-content\/uploads\/ar\u00eates--700x531.jpg 700w, https:\/\/www.anne-dasilva.com\/wp-content\/uploads\/ar\u00eates--80x60.jpg 80w\" sizes=\"auto, (max-width: 721px) 100vw, 721px\" \/>\n\t\t<div class=\"figc\">\n\t\t\t<div class=\"figc-inner\">\n\t\t\t\t\t\t\t\t\t\t\t\t\t\t\t<\/div>\n\t\t<\/div>\n\n\t<\/div>\n\n<\/div><div class=\"modula-item effect-pufrobo\" >\n\t<div class=\"modula-item-overlay\"><\/div>\n\n\t<div class=\"modula-item-content\">\n\n\t\t<a data-image-id=\"1150\" role=\"button\" tabindex=\"0\" rel=\"jtg-1798\" data-caption=\"\" aria-label=\"Open image in lightbox\" class=\"tile-inner modula-item-link\"><\/a><img loading=\"lazy\" decoding=\"async\" class=\"pic wp-image-1150\"  data-valign=\"middle\" data-halign=\"center\" alt=\"\" data-full=\"https:\/\/www.anne-dasilva.com\/wp-content\/uploads\/20181006_155803.jpg\" title=\"20181006_155803\" crop=\"\" width=\"3024\" height=\"4032\" src=\"https:\/\/www.anne-dasilva.com\/wp-content\/uploads\/20181006_155803.jpg\" data-src=\"https:\/\/www.anne-dasilva.com\/wp-content\/uploads\/20181006_155803.jpg\" data-caption=\"\" srcset=\"https:\/\/www.anne-dasilva.com\/wp-content\/uploads\/20181006_155803.jpg 3024w, https:\/\/www.anne-dasilva.com\/wp-content\/uploads\/20181006_155803-225x300.jpg 225w, https:\/\/www.anne-dasilva.com\/wp-content\/uploads\/20181006_155803-768x1024.jpg 768w, https:\/\/www.anne-dasilva.com\/wp-content\/uploads\/20181006_155803-700x933.jpg 700w, https:\/\/www.anne-dasilva.com\/wp-content\/uploads\/20181006_155803-800x1067.jpg 800w\" sizes=\"auto, (max-width: 3024px) 100vw, 3024px\" \/>\n\t\t<div class=\"figc no-description\">\n\t\t\t<div class=\"figc-inner\">\n\t\t\t\t\t\t\t\t\t\t\t\t\t\t\t<\/div>\n\t\t<\/div>\n\n\t<\/div>\n\n<\/div><div class=\"modula-item effect-pufrobo\" >\n\t<div class=\"modula-item-overlay\"><\/div>\n\n\t<div class=\"modula-item-content\">\n\n\t\t<a data-image-id=\"1426\" role=\"button\" tabindex=\"0\" rel=\"jtg-1798\" data-caption=\"\" aria-label=\"Open image in lightbox\" class=\"tile-inner modula-item-link\"><\/a><img loading=\"lazy\" decoding=\"async\" class=\"pic wp-image-1426\"  data-valign=\"middle\" data-halign=\"center\" alt=\"\" data-full=\"https:\/\/www.anne-dasilva.com\/wp-content\/uploads\/300-cmjn-2.jpg\" title=\"300 cmjn 2\" crop=\"\" width=\"425\" height=\"567\" src=\"https:\/\/www.anne-dasilva.com\/wp-content\/uploads\/300-cmjn-2.jpg\" data-src=\"https:\/\/www.anne-dasilva.com\/wp-content\/uploads\/300-cmjn-2.jpg\" data-caption=\"\" srcset=\"https:\/\/www.anne-dasilva.com\/wp-content\/uploads\/300-cmjn-2.jpg 425w, https:\/\/www.anne-dasilva.com\/wp-content\/uploads\/300-cmjn-2-225x300.jpg 225w\" sizes=\"auto, (max-width: 425px) 100vw, 425px\" \/>\n\t\t<div class=\"figc no-description\">\n\t\t\t<div class=\"figc-inner\">\n\t\t\t\t\t\t\t\t\t\t\t\t\t\t\t<\/div>\n\t\t<\/div>\n\n\t<\/div>\n\n<\/div>\t\t\n\t<\/div>\n\n\t\n\t\n\t<script type=\"application\/ld+json\">\n\t{\n\t\t\"@context\": \"https:\/\/schema.org\",\n\t\t\"@type\"   : \"ImageGallery\",\n\t\t\"id\"      : \"https:\/\/www.anne-dasilva.com\/?page_id=1088\/#modula-gallery-1798\",\n\t\t\"url\"     : \"https:\/\/www.anne-dasilva.com\/?page_id=1088\/\"\n\t}\n\n\t<\/script>\n\n\t\n<\/div>\n\n<p>&nbsp;<\/p>\n<p><span class=\"fontstyle0\">Depuis 2017 je suis engag\u00e9e dans un travail de cr\u00e9ation nomm\u00e9 <\/span><span class=\"fontstyle2\">Veille<\/span><span class=\"fontstyle0\">.<br \/>\nCette recherche est v\u00e9cue pour moi comme un embarquement imaginaire, au long court, sur et sous les oc\u00e9ans.<br \/>\nJe travaille les \u00abr\u00e9sidus\u00bb de la p\u00eache: peaux, \u00e9cailles et ar\u00eates de poissons de toutes sortes. Consid\u00e9r\u00e9es comme de d\u00e9chets, je transforme ces mati\u00e8res, comme si elles \u00e9taient des \u00e9toffes de choix et des mat\u00e9riaux rares. Je les r\u00e9colte, les lave, les s\u00e8che, puis les assemble. Je construis de grandes sculptures de peaux cousues, pens\u00e9es comme des mues, des lieux de m\u00e9moire et de m\u00e9ditation. Je confectionne aussi de longues colonnes d\u2019ar\u00eates, qui s\u2019\u00e9l\u00e8vent vers le ciel, sugg\u00e9rant des objets rituels, totems ou chapelets venus des fond marins. En collaboration avec Jonathan et L\u00e9o Merlin une cr\u00e9ation sonore accompagne les installations de ce travail.<br \/>\nLe projet \u00abVeille\u00bb entretient un rapport tr\u00e8s \u00e9troit avec le vivant.<br \/>\nL\u2019utilisation de restes organiques issus de la p\u00eache comme mati\u00e8re premi\u00e8re de tout le travail de recherche et de sculpture est un acte inaugural tr\u00e8s fort. Loin de consid\u00e9rer l\u2019animal comme un produit de consommation, l\u00e0 o\u00f9 la p\u00eache industrielle peut nous en donner un effroyable exemple, je travaille les mati\u00e8res animales dans une forme d\u2019hommage et de perp\u00e9tuation de la vie. La dimension m\u00e9morielle est tr\u00e8s importante dans ma d\u00e9marche. Chacune des mati\u00e8res que j\u2019utilise est le t\u00e9moin discret de toute l\u2019\u00e9volution et l\u2019adaptation d\u2019une esp\u00e8ce \u00e0 son milieu. Chaque peau a sa propre texture, des couleurs et motifs singuliers, une \u00e9paisseur pr\u00e9cise; chaque arr\u00eate, son profil, sa solidit\u00e9, chaque \u00e9caille sa r\u00e9sistance, sa souplesse.<br \/>\nLes contes, la mythologie, la litt\u00e9rature, les r\u00e9cits et documentations scientifiques accompagnent mon travail d\u2019atelier. Ils enrichissent mes d\u00e9couvertes empiriques, ouvrent les horizons et me permettent une meilleure compr\u00e9hension des univers dans lesquels je navigue. Je mesure la complexit\u00e9 des relations qui nous unissent au monde sauvage et l\u2019ambivalence permanente de liens dans laquelle se tient l\u2019homme. Entre peur et attirance, respect et domination, savoir et croyance. Nous peinons \u00e0 trouver comment faire et notre attitude de d\u00e9fense consiste alors souvent \u00e0 nous en tenir \u00e9loign\u00e9. Mon travail plastique me permet de frayer un chemin et de b\u00e2tir petit \u00e0 petit une langue qui me permette le dialogue et la relation.<\/span><\/p>\n<p>Ce projet <span class=\"fontstyle2\">Veille<\/span><span class=\"fontstyle0\">, aux multiples d\u00e9ploiements (plastique, litt\u00e9raire, sonore) tente d\u2019approfondir cette exp\u00e9rience d\u2019un lien complexe d\u2019interaction profonde avec le monde qui nous entoure. Faire cette exp\u00e9rience modifie consid\u00e9rablement, de l\u2019int\u00e9rieur, notre relation au monde naturel, b\u00e2tit en nous une \u00e9thique,<br \/>\nun besoin de relation et d\u2019appartenance, qui je l\u2019esp\u00e8re peut nous aider \u00e0 penser et \u00e0 \u00e9prouver les n\u00e9cessit\u00e9s \u00e9cologiques.<\/span><\/p>\n<p>&nbsp;<\/p>\n","protected":false},"excerpt":{"rendered":"<p>&nbsp; Depuis 2017 je suis engag\u00e9e dans un travail de cr\u00e9ation nomm\u00e9 Veille. Cette recherche est v\u00e9cue pour moi comme un embarquement imaginaire, au long court, sur et sous les oc\u00e9ans. Je travaille les \u00abr\u00e9sidus\u00bb de la p\u00eache: peaux, \u00e9cailles et ar\u00eates de poissons de toutes sortes. Consid\u00e9r\u00e9es comme de d\u00e9chets, je transforme ces mati\u00e8res,&#8230;<\/p>\n","protected":false},"author":1,"featured_media":0,"parent":0,"menu_order":0,"comment_status":"closed","ping_status":"closed","template":"","meta":{"footnotes":""},"class_list":["post-1088","page","type-page","status-publish","hentry"],"_links":{"self":[{"href":"https:\/\/www.anne-dasilva.com\/index.php?rest_route=\/wp\/v2\/pages\/1088","targetHints":{"allow":["GET"]}}],"collection":[{"href":"https:\/\/www.anne-dasilva.com\/index.php?rest_route=\/wp\/v2\/pages"}],"about":[{"href":"https:\/\/www.anne-dasilva.com\/index.php?rest_route=\/wp\/v2\/types\/page"}],"author":[{"embeddable":true,"href":"https:\/\/www.anne-dasilva.com\/index.php?rest_route=\/wp\/v2\/users\/1"}],"replies":[{"embeddable":true,"href":"https:\/\/www.anne-dasilva.com\/index.php?rest_route=%2Fwp%2Fv2%2Fcomments&post=1088"}],"version-history":[{"count":12,"href":"https:\/\/www.anne-dasilva.com\/index.php?rest_route=\/wp\/v2\/pages\/1088\/revisions"}],"predecessor-version":[{"id":1168,"href":"https:\/\/www.anne-dasilva.com\/index.php?rest_route=\/wp\/v2\/pages\/1088\/revisions\/1168"}],"wp:attachment":[{"href":"https:\/\/www.anne-dasilva.com\/index.php?rest_route=%2Fwp%2Fv2%2Fmedia&parent=1088"}],"curies":[{"name":"wp","href":"https:\/\/api.w.org\/{rel}","templated":true}]}}