{"id":1061,"date":"2018-02-12T14:03:59","date_gmt":"2018-02-12T13:03:59","guid":{"rendered":"http:\/\/www.anne-dasilva.com\/?page_id=1061"},"modified":"2022-11-05T09:24:17","modified_gmt":"2022-11-05T08:24:17","slug":"projet-ecole-barbes-croissance-excroissance","status":"publish","type":"page","link":"https:\/\/www.anne-dasilva.com\/?page_id=1061","title":{"rendered":"croissance-excroissance"},"content":{"rendered":"<p><span class=\"fontstyle0\"><code id=\"envira_shortcode_1473\"><\/code><div  id=\"jtg-1802\" class=\"modula modula-gallery modula-columns\" data-config=\"{&quot;tabletHeight&quot;:0,&quot;mobileHeight&quot;:0,&quot;desktopHeight&quot;:0,&quot;enableTwitter&quot;:false,&quot;enableWhatsapp&quot;:false,&quot;enableFacebook&quot;:false,&quot;enablePinterest&quot;:false,&quot;enableLinkedin&quot;:false,&quot;enableEmail&quot;:false,&quot;randomFactor&quot;:0,&quot;type&quot;:&quot;grid&quot;,&quot;columns&quot;:12,&quot;gutter&quot;:10,&quot;mobileGutter&quot;:10,&quot;tabletGutter&quot;:10,&quot;desktopGutter&quot;:10,&quot;enableResponsive&quot;:&quot;0&quot;,&quot;tabletColumns&quot;:&quot;2&quot;,&quot;mobileColumns&quot;:&quot;1&quot;,&quot;lazyLoad&quot;:0,&quot;lightboxOpts&quot;:{&quot;animated&quot;:true,&quot;Thumbs&quot;:{&quot;type&quot;:&quot;modern&quot;,&quot;showOnStart&quot;:false},&quot;Toolbar&quot;:{&quot;display&quot;:{&quot;right&quot;:[&quot;close&quot;]},&quot;enabled&quot;:true},&quot;Carousel&quot;:{&quot;Panzoom&quot;:{&quot;touch&quot;:true},&quot;infinite&quot;:false},&quot;keyboard&quot;:{&quot;Escape&quot;:&quot;close&quot;,&quot;Delete&quot;:&quot;close&quot;,&quot;Backspace&quot;:&quot;close&quot;,&quot;PageUp&quot;:false,&quot;PageDown&quot;:false,&quot;ArrowUp&quot;:false,&quot;ArrowDown&quot;:false,&quot;ArrowRight&quot;:false,&quot;ArrowLeft&quot;:false},&quot;touch&quot;:false,&quot;backdropClick&quot;:false,&quot;l10n&quot;:{&quot;CLOSE&quot;:&quot;Close&quot;,&quot;NEXT&quot;:&quot;Next&quot;,&quot;PREV&quot;:&quot;Previous&quot;,&quot;Error&quot;:&quot;The requested content cannot be loaded. Please try again later.&quot;,&quot;PLAY_START&quot;:&quot;Start slideshow&quot;,&quot;PLAY_STOP&quot;:&quot;Pause slideshow&quot;,&quot;FULL_SCREEN&quot;:&quot;Full screen&quot;,&quot;THUMBS&quot;:&quot;Thumbnails&quot;,&quot;DOWNLOAD&quot;:&quot;Download&quot;,&quot;SHARE&quot;:&quot;Share&quot;,&quot;ZOOM&quot;:&quot;Zoom&quot;,&quot;EMAIL&quot;:&quot;Here is the link to the image : %%image_link%% and this is the link to the gallery : %%gallery_link%%&quot;,&quot;MODAL&quot;:&quot;You can close this modal content with the ESC key&quot;,&quot;ERROR&quot;:&quot;Something Went Wrong, Please Try Again Later&quot;,&quot;IMAGE_ERROR&quot;:&quot;Image Not Found&quot;,&quot;ELEMENT_NOT_FOUND&quot;:&quot;HTML Element Not Found&quot;,&quot;AJAX_NOT_FOUND&quot;:&quot;Error Loading AJAX : Not Found&quot;,&quot;AJAX_FORBIDDEN&quot;:&quot;Error Loading AJAX : Forbidden&quot;,&quot;IFRAME_ERROR&quot;:&quot;Error Loading Page&quot;,&quot;TOGGLE_ZOOM&quot;:&quot;Toggle zoom level&quot;,&quot;TOGGLE_THUMBS&quot;:&quot;Toggle thumbnails&quot;,&quot;TOGGLE_SLIDESHOW&quot;:&quot;Toggle slideshow&quot;,&quot;TOGGLE_FULLSCREEN&quot;:&quot;Toggle full-screen mode&quot;},&quot;Images&quot;:{&quot;Panzoom&quot;:{&quot;maxScale&quot;:2}},&quot;mainClass&quot;:&quot;modula-fancybox-container modula-lightbox-jtg-1802&quot;,&quot;Html&quot;:{&quot;videoAutoplay&quot;:0,&quot;videoTpl&quot;:&quot;&lt;video class=\\&quot;fancybox__html5video\\&quot; controls muted playsinline controlsList controlsList=\\&quot;nodownload\\&quot; poster=\\&quot;{{poster}}\\&quot; src=\\&quot;{{src}}\\&quot; type=\\&quot;{{format}}\\&quot; &gt;  Sorry, your browser doesn&#039;t support embedded videos, &lt;a href=\\&quot;{{src}}\\&quot;&gt; download &lt;\\\/a&gt; and watch with your favorite video player! &lt;\\\/video&gt;&quot;}},&quot;inView&quot;:false,&quot;email_subject&quot;:&quot;Check out this awesome image !!&quot;,&quot;email_message&quot;:&quot;Here is the link to the image : %%image_link%% and this is the link to the gallery : %%gallery_link%%&quot;,&quot;grid_type&quot;:&quot;3&quot;,&quot;rowHeight&quot;:0,&quot;lastRow&quot;:&quot;&quot;,&quot;lightbox&quot;:&quot;fancybox&quot;}\">\n\n\t<div class=\"modula-grid-sizer\"> <\/div>\n\t<div  class=\"modula-items grid-gallery\">\n\t\t<div class=\"modula-item effect-pufrobo\" >\n\t<div class=\"modula-item-overlay\"><\/div>\n\n\t<div class=\"modula-item-content\">\n\n\t\t<a data-image-id=\"1475\" role=\"button\" tabindex=\"0\" rel=\"jtg-1802\" data-caption=\"\" aria-label=\"Open image in lightbox\" class=\"tile-inner modula-item-link\"><\/a><img loading=\"lazy\" decoding=\"async\" class=\"pic wp-image-1475\"  data-valign=\"middle\" data-halign=\"center\" alt=\"\" data-full=\"https:\/\/www.anne-dasilva.com\/wp-content\/uploads\/P1000470.jpg\" title=\"P1000470\" crop=\"\" width=\"300\" height=\"225\" src=\"https:\/\/www.anne-dasilva.com\/wp-content\/uploads\/P1000470-300x225.jpg\" data-src=\"https:\/\/www.anne-dasilva.com\/wp-content\/uploads\/P1000470-300x225.jpg\" data-caption=\"\" srcset=\"https:\/\/www.anne-dasilva.com\/wp-content\/uploads\/P1000470.jpg 384w, https:\/\/www.anne-dasilva.com\/wp-content\/uploads\/P1000470-300x225.jpg 300w, https:\/\/www.anne-dasilva.com\/wp-content\/uploads\/P1000470-80x60.jpg 80w\" sizes=\"auto, (max-width: 300px) 100vw, 300px\" \/>\n\t\t<div class=\"figc no-description\">\n\t\t\t<div class=\"figc-inner\">\n\t\t\t\t\t\t\t\t\t\t\t\t\t\t\t<\/div>\n\t\t<\/div>\n\n\t<\/div>\n\n<\/div><div class=\"modula-item effect-pufrobo\" >\n\t<div class=\"modula-item-overlay\"><\/div>\n\n\t<div class=\"modula-item-content\">\n\n\t\t<a data-image-id=\"1070\" role=\"button\" tabindex=\"0\" rel=\"jtg-1802\" data-caption=\"\" aria-label=\"Open image in lightbox\" class=\"tile-inner modula-item-link\"><\/a><img loading=\"lazy\" decoding=\"async\" class=\"pic wp-image-1070\"  data-valign=\"middle\" data-halign=\"center\" alt=\"\" data-full=\"https:\/\/www.anne-dasilva.com\/wp-content\/uploads\/v2.jpg\" title=\"v2\" crop=\"\" width=\"300\" height=\"225\" src=\"https:\/\/www.anne-dasilva.com\/wp-content\/uploads\/v2-300x225.jpg\" data-src=\"https:\/\/www.anne-dasilva.com\/wp-content\/uploads\/v2-300x225.jpg\" data-caption=\"\" srcset=\"https:\/\/www.anne-dasilva.com\/wp-content\/uploads\/v2.jpg 1600w, https:\/\/www.anne-dasilva.com\/wp-content\/uploads\/v2-300x225.jpg 300w, https:\/\/www.anne-dasilva.com\/wp-content\/uploads\/v2-768x576.jpg 768w, https:\/\/www.anne-dasilva.com\/wp-content\/uploads\/v2-700x525.jpg 700w, https:\/\/www.anne-dasilva.com\/wp-content\/uploads\/v2-800x600.jpg 800w, https:\/\/www.anne-dasilva.com\/wp-content\/uploads\/v2-80x60.jpg 80w\" sizes=\"auto, (max-width: 300px) 100vw, 300px\" \/>\n\t\t<div class=\"figc no-description\">\n\t\t\t<div class=\"figc-inner\">\n\t\t\t\t\t\t\t\t\t\t\t\t\t\t\t<\/div>\n\t\t<\/div>\n\n\t<\/div>\n\n<\/div><div class=\"modula-item effect-pufrobo\" >\n\t<div class=\"modula-item-overlay\"><\/div>\n\n\t<div class=\"modula-item-content\">\n\n\t\t<a data-image-id=\"1048\" role=\"button\" tabindex=\"0\" rel=\"jtg-1802\" data-caption=\"\" aria-label=\"Open image in lightbox\" class=\"tile-inner modula-item-link\"><\/a><img loading=\"lazy\" decoding=\"async\" class=\"pic wp-image-1048\"  data-valign=\"middle\" data-halign=\"center\" alt=\"\" data-full=\"https:\/\/www.anne-dasilva.com\/wp-content\/uploads\/P1000494.jpg\" title=\"P1000494\" crop=\"\" width=\"300\" height=\"225\" src=\"https:\/\/www.anne-dasilva.com\/wp-content\/uploads\/P1000494-300x225.jpg\" data-src=\"https:\/\/www.anne-dasilva.com\/wp-content\/uploads\/P1000494-300x225.jpg\" data-caption=\"\" srcset=\"https:\/\/www.anne-dasilva.com\/wp-content\/uploads\/P1000494.jpg 4000w, https:\/\/www.anne-dasilva.com\/wp-content\/uploads\/P1000494-300x225.jpg 300w, https:\/\/www.anne-dasilva.com\/wp-content\/uploads\/P1000494-768x576.jpg 768w, https:\/\/www.anne-dasilva.com\/wp-content\/uploads\/P1000494-700x525.jpg 700w, https:\/\/www.anne-dasilva.com\/wp-content\/uploads\/P1000494-800x600.jpg 800w, https:\/\/www.anne-dasilva.com\/wp-content\/uploads\/P1000494-80x60.jpg 80w\" sizes=\"auto, (max-width: 300px) 100vw, 300px\" \/>\n\t\t<div class=\"figc no-description\">\n\t\t\t<div class=\"figc-inner\">\n\t\t\t\t\t\t\t\t\t\t\t\t\t\t\t<\/div>\n\t\t<\/div>\n\n\t<\/div>\n\n<\/div><div class=\"modula-item effect-pufrobo\" >\n\t<div class=\"modula-item-overlay\"><\/div>\n\n\t<div class=\"modula-item-content\">\n\n\t\t<a data-image-id=\"1054\" role=\"button\" tabindex=\"0\" rel=\"jtg-1802\" data-caption=\"\" aria-label=\"Open image in lightbox\" class=\"tile-inner modula-item-link\"><\/a><img loading=\"lazy\" decoding=\"async\" class=\"pic wp-image-1054\"  data-valign=\"middle\" data-halign=\"center\" alt=\"\" data-full=\"https:\/\/www.anne-dasilva.com\/wp-content\/uploads\/P1000532.jpg\" title=\"P1000532\" crop=\"\" width=\"225\" height=\"300\" src=\"https:\/\/www.anne-dasilva.com\/wp-content\/uploads\/P1000532-225x300.jpg\" data-src=\"https:\/\/www.anne-dasilva.com\/wp-content\/uploads\/P1000532-225x300.jpg\" data-caption=\"\" srcset=\"https:\/\/www.anne-dasilva.com\/wp-content\/uploads\/P1000532.jpg 3000w, https:\/\/www.anne-dasilva.com\/wp-content\/uploads\/P1000532-225x300.jpg 225w, https:\/\/www.anne-dasilva.com\/wp-content\/uploads\/P1000532-768x1024.jpg 768w, https:\/\/www.anne-dasilva.com\/wp-content\/uploads\/P1000532-700x933.jpg 700w, https:\/\/www.anne-dasilva.com\/wp-content\/uploads\/P1000532-800x1067.jpg 800w\" sizes=\"auto, (max-width: 225px) 100vw, 225px\" \/>\n\t\t<div class=\"figc no-description\">\n\t\t\t<div class=\"figc-inner\">\n\t\t\t\t\t\t\t\t\t\t\t\t\t\t\t<\/div>\n\t\t<\/div>\n\n\t<\/div>\n\n<\/div><div class=\"modula-item effect-pufrobo\" >\n\t<div class=\"modula-item-overlay\"><\/div>\n\n\t<div class=\"modula-item-content\">\n\n\t\t<a data-image-id=\"1051\" role=\"button\" tabindex=\"0\" rel=\"jtg-1802\" data-caption=\"\" aria-label=\"Open image in lightbox\" class=\"tile-inner modula-item-link\"><\/a><img loading=\"lazy\" decoding=\"async\" class=\"pic wp-image-1051\"  data-valign=\"middle\" data-halign=\"center\" alt=\"\" data-full=\"https:\/\/www.anne-dasilva.com\/wp-content\/uploads\/P1000518.jpg\" title=\"P1000518\" crop=\"\" width=\"225\" height=\"300\" src=\"https:\/\/www.anne-dasilva.com\/wp-content\/uploads\/P1000518-225x300.jpg\" data-src=\"https:\/\/www.anne-dasilva.com\/wp-content\/uploads\/P1000518-225x300.jpg\" data-caption=\"\" srcset=\"https:\/\/www.anne-dasilva.com\/wp-content\/uploads\/P1000518.jpg 3000w, https:\/\/www.anne-dasilva.com\/wp-content\/uploads\/P1000518-225x300.jpg 225w, https:\/\/www.anne-dasilva.com\/wp-content\/uploads\/P1000518-768x1024.jpg 768w, https:\/\/www.anne-dasilva.com\/wp-content\/uploads\/P1000518-700x933.jpg 700w, https:\/\/www.anne-dasilva.com\/wp-content\/uploads\/P1000518-800x1067.jpg 800w\" sizes=\"auto, (max-width: 225px) 100vw, 225px\" \/>\n\t\t<div class=\"figc no-description\">\n\t\t\t<div class=\"figc-inner\">\n\t\t\t\t\t\t\t\t\t\t\t\t\t\t\t<\/div>\n\t\t<\/div>\n\n\t<\/div>\n\n<\/div><div class=\"modula-item effect-pufrobo\" >\n\t<div class=\"modula-item-overlay\"><\/div>\n\n\t<div class=\"modula-item-content\">\n\n\t\t<a data-image-id=\"1050\" role=\"button\" tabindex=\"0\" rel=\"jtg-1802\" data-caption=\"\" aria-label=\"Open image in lightbox\" class=\"tile-inner modula-item-link\"><\/a><img loading=\"lazy\" decoding=\"async\" class=\"pic wp-image-1050\"  data-valign=\"middle\" data-halign=\"center\" alt=\"\" data-full=\"https:\/\/www.anne-dasilva.com\/wp-content\/uploads\/P1000513.jpg\" title=\"P1000513\" crop=\"\" width=\"225\" height=\"300\" src=\"https:\/\/www.anne-dasilva.com\/wp-content\/uploads\/P1000513-225x300.jpg\" data-src=\"https:\/\/www.anne-dasilva.com\/wp-content\/uploads\/P1000513-225x300.jpg\" data-caption=\"\" srcset=\"https:\/\/www.anne-dasilva.com\/wp-content\/uploads\/P1000513.jpg 3000w, https:\/\/www.anne-dasilva.com\/wp-content\/uploads\/P1000513-225x300.jpg 225w, https:\/\/www.anne-dasilva.com\/wp-content\/uploads\/P1000513-768x1024.jpg 768w, https:\/\/www.anne-dasilva.com\/wp-content\/uploads\/P1000513-700x933.jpg 700w, https:\/\/www.anne-dasilva.com\/wp-content\/uploads\/P1000513-800x1067.jpg 800w\" sizes=\"auto, (max-width: 225px) 100vw, 225px\" \/>\n\t\t<div class=\"figc no-description\">\n\t\t\t<div class=\"figc-inner\">\n\t\t\t\t\t\t\t\t\t\t\t\t\t\t\t<\/div>\n\t\t<\/div>\n\n\t<\/div>\n\n<\/div><div class=\"modula-item effect-pufrobo\" >\n\t<div class=\"modula-item-overlay\"><\/div>\n\n\t<div class=\"modula-item-content\">\n\n\t\t<a data-image-id=\"1477\" role=\"button\" tabindex=\"0\" rel=\"jtg-1802\" data-caption=\"\" aria-label=\"Open image in lightbox\" class=\"tile-inner modula-item-link\"><\/a><img loading=\"lazy\" decoding=\"async\" class=\"pic wp-image-1477\"  data-valign=\"middle\" data-halign=\"center\" alt=\"\" data-full=\"https:\/\/www.anne-dasilva.com\/wp-content\/uploads\/P1000827-1.jpg\" title=\"P1000827\" crop=\"\" width=\"198\" height=\"132\" src=\"https:\/\/www.anne-dasilva.com\/wp-content\/uploads\/P1000827-1.jpg\" data-src=\"https:\/\/www.anne-dasilva.com\/wp-content\/uploads\/P1000827-1.jpg\" data-caption=\"\"\/>\n\t\t<div class=\"figc no-description\">\n\t\t\t<div class=\"figc-inner\">\n\t\t\t\t\t\t\t\t\t\t\t\t\t\t\t<\/div>\n\t\t<\/div>\n\n\t<\/div>\n\n<\/div><div class=\"modula-item effect-pufrobo\" >\n\t<div class=\"modula-item-overlay\"><\/div>\n\n\t<div class=\"modula-item-content\">\n\n\t\t<a data-image-id=\"1476\" role=\"button\" tabindex=\"0\" rel=\"jtg-1802\" data-caption=\"\" aria-label=\"Open image in lightbox\" class=\"tile-inner modula-item-link\"><\/a><img loading=\"lazy\" decoding=\"async\" class=\"pic wp-image-1476\"  data-valign=\"middle\" data-halign=\"center\" alt=\"\" data-full=\"https:\/\/www.anne-dasilva.com\/wp-content\/uploads\/P1000808-1.jpg\" title=\"P1000808\" crop=\"\" width=\"300\" height=\"210\" src=\"https:\/\/www.anne-dasilva.com\/wp-content\/uploads\/P1000808-1-300x210.jpg\" data-src=\"https:\/\/www.anne-dasilva.com\/wp-content\/uploads\/P1000808-1-300x210.jpg\" data-caption=\"\" srcset=\"https:\/\/www.anne-dasilva.com\/wp-content\/uploads\/P1000808-1.jpg 468w, https:\/\/www.anne-dasilva.com\/wp-content\/uploads\/P1000808-1-300x210.jpg 300w\" sizes=\"auto, (max-width: 300px) 100vw, 300px\" \/>\n\t\t<div class=\"figc no-description\">\n\t\t\t<div class=\"figc-inner\">\n\t\t\t\t\t\t\t\t\t\t\t\t\t\t\t<\/div>\n\t\t<\/div>\n\n\t<\/div>\n\n<\/div><div class=\"modula-item effect-pufrobo\" >\n\t<div class=\"modula-item-overlay\"><\/div>\n\n\t<div class=\"modula-item-content\">\n\n\t\t<a data-image-id=\"1043\" role=\"button\" tabindex=\"0\" rel=\"jtg-1802\" data-caption=\"\" aria-label=\"Open image in lightbox\" class=\"tile-inner modula-item-link\"><\/a><img loading=\"lazy\" decoding=\"async\" class=\"pic wp-image-1043\"  data-valign=\"middle\" data-halign=\"center\" alt=\"\" data-full=\"https:\/\/www.anne-dasilva.com\/wp-content\/uploads\/P1000801.jpg\" title=\"P1000801\" crop=\"\" width=\"300\" height=\"225\" src=\"https:\/\/www.anne-dasilva.com\/wp-content\/uploads\/P1000801-300x225.jpg\" data-src=\"https:\/\/www.anne-dasilva.com\/wp-content\/uploads\/P1000801-300x225.jpg\" data-caption=\"\" srcset=\"https:\/\/www.anne-dasilva.com\/wp-content\/uploads\/P1000801.jpg 2560w, https:\/\/www.anne-dasilva.com\/wp-content\/uploads\/P1000801-300x225.jpg 300w, https:\/\/www.anne-dasilva.com\/wp-content\/uploads\/P1000801-768x576.jpg 768w, https:\/\/www.anne-dasilva.com\/wp-content\/uploads\/P1000801-700x525.jpg 700w, https:\/\/www.anne-dasilva.com\/wp-content\/uploads\/P1000801-800x600.jpg 800w, https:\/\/www.anne-dasilva.com\/wp-content\/uploads\/P1000801-80x60.jpg 80w\" sizes=\"auto, (max-width: 300px) 100vw, 300px\" \/>\n\t\t<div class=\"figc no-description\">\n\t\t\t<div class=\"figc-inner\">\n\t\t\t\t\t\t\t\t\t\t\t\t\t\t\t<\/div>\n\t\t<\/div>\n\n\t<\/div>\n\n<\/div><div class=\"modula-item effect-pufrobo\" >\n\t<div class=\"modula-item-overlay\"><\/div>\n\n\t<div class=\"modula-item-content\">\n\n\t\t<a data-image-id=\"1032\" role=\"button\" tabindex=\"0\" rel=\"jtg-1802\" data-caption=\"\" aria-label=\"Open image in lightbox\" class=\"tile-inner modula-item-link\"><\/a><img loading=\"lazy\" decoding=\"async\" class=\"pic wp-image-1032\"  data-valign=\"middle\" data-halign=\"center\" alt=\"\" data-full=\"https:\/\/www.anne-dasilva.com\/wp-content\/uploads\/IMG_0689.jpg\" title=\"IMG_0689\" crop=\"\" width=\"300\" height=\"80\" src=\"https:\/\/www.anne-dasilva.com\/wp-content\/uploads\/IMG_0689-300x80.jpg\" data-src=\"https:\/\/www.anne-dasilva.com\/wp-content\/uploads\/IMG_0689-300x80.jpg\" data-caption=\"\" srcset=\"https:\/\/www.anne-dasilva.com\/wp-content\/uploads\/IMG_0689.jpg 8800w, https:\/\/www.anne-dasilva.com\/wp-content\/uploads\/IMG_0689-300x80.jpg 300w, https:\/\/www.anne-dasilva.com\/wp-content\/uploads\/IMG_0689-768x204.jpg 768w, https:\/\/www.anne-dasilva.com\/wp-content\/uploads\/IMG_0689-700x186.jpg 700w, https:\/\/www.anne-dasilva.com\/wp-content\/uploads\/IMG_0689-800x212.jpg 800w\" sizes=\"auto, (max-width: 300px) 100vw, 300px\" \/>\n\t\t<div class=\"figc no-description\">\n\t\t\t<div class=\"figc-inner\">\n\t\t\t\t\t\t\t\t\t\t\t\t\t\t\t<\/div>\n\t\t<\/div>\n\n\t<\/div>\n\n<\/div><div class=\"modula-item effect-pufrobo\" >\n\t<div class=\"modula-item-overlay\"><\/div>\n\n\t<div class=\"modula-item-content\">\n\n\t\t<a data-image-id=\"1037\" role=\"button\" tabindex=\"0\" rel=\"jtg-1802\" data-caption=\"\" aria-label=\"Open image in lightbox\" class=\"tile-inner modula-item-link\"><\/a><img loading=\"lazy\" decoding=\"async\" class=\"pic wp-image-1037\"  data-valign=\"middle\" data-halign=\"center\" alt=\"\" data-full=\"https:\/\/www.anne-dasilva.com\/wp-content\/uploads\/IMG_0750.jpg\" title=\"IMG_0750\" crop=\"\" width=\"300\" height=\"225\" src=\"https:\/\/www.anne-dasilva.com\/wp-content\/uploads\/IMG_0750-300x225.jpg\" data-src=\"https:\/\/www.anne-dasilva.com\/wp-content\/uploads\/IMG_0750-300x225.jpg\" data-caption=\"\" srcset=\"https:\/\/www.anne-dasilva.com\/wp-content\/uploads\/IMG_0750.jpg 3264w, https:\/\/www.anne-dasilva.com\/wp-content\/uploads\/IMG_0750-300x225.jpg 300w, https:\/\/www.anne-dasilva.com\/wp-content\/uploads\/IMG_0750-768x576.jpg 768w, https:\/\/www.anne-dasilva.com\/wp-content\/uploads\/IMG_0750-700x525.jpg 700w, https:\/\/www.anne-dasilva.com\/wp-content\/uploads\/IMG_0750-800x600.jpg 800w, https:\/\/www.anne-dasilva.com\/wp-content\/uploads\/IMG_0750-80x60.jpg 80w\" sizes=\"auto, (max-width: 300px) 100vw, 300px\" \/>\n\t\t<div class=\"figc no-description\">\n\t\t\t<div class=\"figc-inner\">\n\t\t\t\t\t\t\t\t\t\t\t\t\t\t\t<\/div>\n\t\t<\/div>\n\n\t<\/div>\n\n<\/div><div class=\"modula-item effect-pufrobo\" >\n\t<div class=\"modula-item-overlay\"><\/div>\n\n\t<div class=\"modula-item-content\">\n\n\t\t<a data-image-id=\"1036\" role=\"button\" tabindex=\"0\" rel=\"jtg-1802\" data-caption=\"\" aria-label=\"Open image in lightbox\" class=\"tile-inner modula-item-link\"><\/a><img loading=\"lazy\" decoding=\"async\" class=\"pic wp-image-1036\"  data-valign=\"middle\" data-halign=\"center\" alt=\"\" data-full=\"https:\/\/www.anne-dasilva.com\/wp-content\/uploads\/IMG_0713.jpg\" title=\"IMG_0713\" crop=\"\" width=\"300\" height=\"300\" src=\"https:\/\/www.anne-dasilva.com\/wp-content\/uploads\/IMG_0713-300x300.jpg\" data-src=\"https:\/\/www.anne-dasilva.com\/wp-content\/uploads\/IMG_0713-300x300.jpg\" data-caption=\"\" srcset=\"https:\/\/www.anne-dasilva.com\/wp-content\/uploads\/IMG_0713.jpg 2448w, https:\/\/www.anne-dasilva.com\/wp-content\/uploads\/IMG_0713-150x150.jpg 150w, https:\/\/www.anne-dasilva.com\/wp-content\/uploads\/IMG_0713-300x300.jpg 300w, https:\/\/www.anne-dasilva.com\/wp-content\/uploads\/IMG_0713-768x768.jpg 768w, https:\/\/www.anne-dasilva.com\/wp-content\/uploads\/IMG_0713-700x700.jpg 700w, https:\/\/www.anne-dasilva.com\/wp-content\/uploads\/IMG_0713-450x450.jpg 450w, https:\/\/www.anne-dasilva.com\/wp-content\/uploads\/IMG_0713-800x800.jpg 800w\" sizes=\"auto, (max-width: 300px) 100vw, 300px\" \/>\n\t\t<div class=\"figc no-description\">\n\t\t\t<div class=\"figc-inner\">\n\t\t\t\t\t\t\t\t\t\t\t\t\t\t\t<\/div>\n\t\t<\/div>\n\n\t<\/div>\n\n<\/div>\t\t\n\t<\/div>\n\n\t\n\t\n\t<script type=\"application\/ld+json\">\n\t{\n\t\t\"@context\": \"http:\/\/schema.org\",\n\t\t\"@type\"   : \"ImageGallery\",\n\t\t\"id\"      : \"https:\/\/www.anne-dasilva.com\/?page_id=1061\/\",\n\t\t\"url\"     : \"https:\/\/www.anne-dasilva.com\/?page_id=1061\/\"\n\t}\n\n\t<\/script>\n\n\t\n<\/div>\n<\/span><\/p>\n<p><span class=\"fontstyle0\">Ce projet r\u00e9alis\u00e9 lors d\u2019une r\u00e9sidence \u00e0 l\u2019\u00e9cole \u00e9l\u00e9mentaire Barb\u00e8s lors de la formation CEPIA \u00e0 l\u2019ENSA de Bourges \u00e0 \u00e9t\u00e9 men\u00e9 avec une classe de CE1.<br \/>\nApr\u00e8s l\u2019observation d\u2019un cabinet de curiosit\u00e9 mont\u00e9 en classe, les enfants se sont<br \/>\ninterrog\u00e9s sur les caract\u00e9ristiques communes aux diff\u00e9rents r\u00e8gnes et l\u2019interd\u00e9-<br \/>\npendances des mondes animaux, v\u00e9g\u00e9taux, min\u00e9raux.<br \/>\nA partir d\u2019un travail de couture et de sculpture il s\u2019est agit de se construire des<br \/>\nprolongements du corps en s\u2019hybridant \u00e0 des mati\u00e8res naturelles pr\u00e9l\u00e9v\u00e9es dans<br \/>\nl\u2019environnement proche.<br \/>\nDes photos en ombres chinoises ont \u00e9t\u00e9 r\u00e9alis\u00e9s par les \u00e9l\u00e8ves et ont servi de support pour des r\u00e9cits fictionnels.<br \/>\nLors de la restitution publique ils ont construit un paysage d\u2019ombres en hybridant<br \/>\nleur peluches (extensions de leur corps d\u2019enfant) aux prolongements r\u00e9alis\u00e9s.<\/span><\/p>\n","protected":false},"excerpt":{"rendered":"<p>Ce projet r\u00e9alis\u00e9 lors d\u2019une r\u00e9sidence \u00e0 l\u2019\u00e9cole \u00e9l\u00e9mentaire Barb\u00e8s lors de la formation CEPIA \u00e0 l\u2019ENSA de Bourges \u00e0 \u00e9t\u00e9 men\u00e9 avec une classe de CE1. Apr\u00e8s l\u2019observation d\u2019un cabinet de curiosit\u00e9 mont\u00e9 en classe, les enfants se sont interrog\u00e9s sur les caract\u00e9ristiques communes aux diff\u00e9rents r\u00e8gnes et l\u2019interd\u00e9- pendances des mondes animaux, v\u00e9g\u00e9taux,&#8230;<\/p>\n","protected":false},"author":1,"featured_media":0,"parent":0,"menu_order":0,"comment_status":"closed","ping_status":"closed","template":"","meta":{"footnotes":""},"class_list":["post-1061","page","type-page","status-publish","hentry"],"_links":{"self":[{"href":"https:\/\/www.anne-dasilva.com\/index.php?rest_route=\/wp\/v2\/pages\/1061","targetHints":{"allow":["GET"]}}],"collection":[{"href":"https:\/\/www.anne-dasilva.com\/index.php?rest_route=\/wp\/v2\/pages"}],"about":[{"href":"https:\/\/www.anne-dasilva.com\/index.php?rest_route=\/wp\/v2\/types\/page"}],"author":[{"embeddable":true,"href":"https:\/\/www.anne-dasilva.com\/index.php?rest_route=\/wp\/v2\/users\/1"}],"replies":[{"embeddable":true,"href":"https:\/\/www.anne-dasilva.com\/index.php?rest_route=%2Fwp%2Fv2%2Fcomments&post=1061"}],"version-history":[{"count":8,"href":"https:\/\/www.anne-dasilva.com\/index.php?rest_route=\/wp\/v2\/pages\/1061\/revisions"}],"predecessor-version":[{"id":1808,"href":"https:\/\/www.anne-dasilva.com\/index.php?rest_route=\/wp\/v2\/pages\/1061\/revisions\/1808"}],"wp:attachment":[{"href":"https:\/\/www.anne-dasilva.com\/index.php?rest_route=%2Fwp%2Fv2%2Fmedia&parent=1061"}],"curies":[{"name":"wp","href":"https:\/\/api.w.org\/{rel}","templated":true}]}}