{"id":1013,"date":"2018-02-12T13:38:08","date_gmt":"2018-02-12T12:38:08","guid":{"rendered":"http:\/\/www.anne-dasilva.com\/?page_id=1013"},"modified":"2020-04-05T19:24:09","modified_gmt":"2020-04-05T18:24:09","slug":"residence-a-la-petite-pierre-gers-avec-la-compagnie-du-revoir","status":"publish","type":"page","link":"https:\/\/www.anne-dasilva.com\/?page_id=1013","title":{"rendered":"Figures"},"content":{"rendered":"<p><span class=\"fontstyle0\">J\u2019ai \u00e9t\u00e9 invit\u00e9e en tant que plasticienne par la compagnie <\/span><em><span class=\"fontstyle2\">la part de l<\/span><span class=\"fontstyle2\">\u2019<\/span><span class=\"fontstyle2\">invisible<\/span><\/em><span class=\"fontstyle2\">, <\/span><span class=\"fontstyle2\">en <\/span><span class=\"fontstyle2\">2018, <\/span><span class=\"fontstyle0\">\u00e0 construire des sculptures pour une adaptation th\u00e9\u00e2tre, danse, musique de <\/span><em><span class=\"fontstyle2\">L<\/span><span class=\"fontstyle2\">a l\u00e9gende de Saint<\/span><span class=\"fontstyle2\">-J<\/span><span class=\"fontstyle2\">ulien l<\/span><span class=\"fontstyle2\">\u2019<\/span><span class=\"fontstyle2\">hospitalier <\/span><\/em><span class=\"fontstyle0\">de Gustave Flaubert.<br \/>\nM\u2019appuyant sur la force symbolique du texte de Flaubert j\u2019ai con\u00e7u les sculptures comme des figures arch\u00e9typales du f\u00e9minin, du masculin et du spirituel.<\/span><\/p>\n<p><span class=\"fontstyle0\">Les sculptures sont manipul\u00e9es par la com\u00e9dienne aux moments charni\u00e8res du texte\u00a0<\/span><\/p>\n<p><img loading=\"lazy\" decoding=\"async\" class=\"aligncenter size-large wp-image-992\" src=\"http:\/\/annedasiua.cluster017.ovh.net\/wp-content\/uploads\/IMG_1135-700x230.jpg\" alt=\"\" width=\"700\" height=\"230\" srcset=\"https:\/\/www.anne-dasilva.com\/wp-content\/uploads\/IMG_1135-700x230.jpg 700w, https:\/\/www.anne-dasilva.com\/wp-content\/uploads\/IMG_1135-300x99.jpg 300w, https:\/\/www.anne-dasilva.com\/wp-content\/uploads\/IMG_1135-768x253.jpg 768w, https:\/\/www.anne-dasilva.com\/wp-content\/uploads\/IMG_1135-800x263.jpg 800w\" sizes=\"auto, (max-width: 700px) 100vw, 700px\" \/><\/p>\n<p>&nbsp;<\/p>\n<div  id=\"jtg-1796\" class=\"modula modula-gallery modula-columns\" data-config=\"{&quot;tabletHeight&quot;:0,&quot;mobileHeight&quot;:0,&quot;desktopHeight&quot;:0,&quot;enableTwitter&quot;:false,&quot;enableWhatsapp&quot;:false,&quot;enableFacebook&quot;:false,&quot;enablePinterest&quot;:false,&quot;enableLinkedin&quot;:false,&quot;enableEmail&quot;:false,&quot;randomFactor&quot;:0,&quot;type&quot;:&quot;grid&quot;,&quot;columns&quot;:12,&quot;gutter&quot;:10,&quot;mobileGutter&quot;:10,&quot;tabletGutter&quot;:10,&quot;desktopGutter&quot;:10,&quot;enableResponsive&quot;:&quot;0&quot;,&quot;tabletColumns&quot;:&quot;2&quot;,&quot;mobileColumns&quot;:&quot;1&quot;,&quot;lazyLoad&quot;:0,&quot;lightboxOpts&quot;:{&quot;animated&quot;:true,&quot;Thumbs&quot;:{&quot;type&quot;:&quot;modern&quot;,&quot;showOnStart&quot;:false},&quot;Toolbar&quot;:{&quot;display&quot;:{&quot;right&quot;:[&quot;close&quot;]},&quot;enabled&quot;:true},&quot;Carousel&quot;:{&quot;Panzoom&quot;:{&quot;touch&quot;:true},&quot;infinite&quot;:false},&quot;keyboard&quot;:{&quot;Escape&quot;:&quot;close&quot;,&quot;Delete&quot;:&quot;close&quot;,&quot;Backspace&quot;:&quot;close&quot;,&quot;PageUp&quot;:false,&quot;PageDown&quot;:false,&quot;ArrowUp&quot;:false,&quot;ArrowDown&quot;:false,&quot;ArrowRight&quot;:false,&quot;ArrowLeft&quot;:false},&quot;touch&quot;:false,&quot;backdropClick&quot;:false,&quot;l10n&quot;:{&quot;CLOSE&quot;:&quot;Close&quot;,&quot;NEXT&quot;:&quot;Next&quot;,&quot;PREV&quot;:&quot;Previous&quot;,&quot;Error&quot;:&quot;The requested content cannot be loaded. Please try again later.&quot;,&quot;PLAY_START&quot;:&quot;Start slideshow&quot;,&quot;PLAY_STOP&quot;:&quot;Pause slideshow&quot;,&quot;FULL_SCREEN&quot;:&quot;Full screen&quot;,&quot;THUMBS&quot;:&quot;Thumbnails&quot;,&quot;DOWNLOAD&quot;:&quot;Download&quot;,&quot;SHARE&quot;:&quot;Share&quot;,&quot;ZOOM&quot;:&quot;Zoom&quot;,&quot;EMAIL&quot;:&quot;Here is the link to the image : %%image_link%% and this is the link to the gallery : %%gallery_link%%&quot;,&quot;MODAL&quot;:&quot;You can close this modal content with the ESC key&quot;,&quot;ERROR&quot;:&quot;Something Went Wrong, Please Try Again Later&quot;,&quot;IMAGE_ERROR&quot;:&quot;Image Not Found&quot;,&quot;ELEMENT_NOT_FOUND&quot;:&quot;HTML Element Not Found&quot;,&quot;AJAX_NOT_FOUND&quot;:&quot;Error Loading AJAX : Not Found&quot;,&quot;AJAX_FORBIDDEN&quot;:&quot;Error Loading AJAX : Forbidden&quot;,&quot;IFRAME_ERROR&quot;:&quot;Error Loading Page&quot;,&quot;TOGGLE_ZOOM&quot;:&quot;Toggle zoom level&quot;,&quot;TOGGLE_THUMBS&quot;:&quot;Toggle thumbnails&quot;,&quot;TOGGLE_SLIDESHOW&quot;:&quot;Toggle slideshow&quot;,&quot;TOGGLE_FULLSCREEN&quot;:&quot;Toggle full-screen mode&quot;},&quot;Images&quot;:{&quot;Panzoom&quot;:{&quot;maxScale&quot;:2}},&quot;mainClass&quot;:&quot;modula-fancybox-container modula-lightbox-jtg-1796&quot;,&quot;Html&quot;:{&quot;videoAutoplay&quot;:0,&quot;videoTpl&quot;:&quot;&lt;video class=\\&quot;fancybox__html5video\\&quot; controls muted playsinline controlsList controlsList=\\&quot;nodownload\\&quot; poster=\\&quot;{{poster}}\\&quot; src=\\&quot;{{src}}\\&quot; type=\\&quot;{{format}}\\&quot; &gt;  Sorry, your browser doesn&#039;t support embedded videos, &lt;a href=\\&quot;{{src}}\\&quot;&gt; download &lt;\\\/a&gt; and watch with your favorite video player! &lt;\\\/video&gt;&quot;}},&quot;inView&quot;:false,&quot;email_subject&quot;:&quot;Check out this awesome image !!&quot;,&quot;email_message&quot;:&quot;Here is the link to the image : %%image_link%% and this is the link to the gallery : %%gallery_link%%&quot;,&quot;grid_type&quot;:&quot;2&quot;,&quot;rowHeight&quot;:0,&quot;lastRow&quot;:&quot;&quot;,&quot;lightbox&quot;:&quot;fancybox&quot;}\">\n\n\t<div class=\"modula-grid-sizer\"> <\/div>\n\t<div  class=\"modula-items grid-gallery\">\n\t\t<div class=\"modula-item effect-pufrobo\" >\n\t<div class=\"modula-item-overlay\"><\/div>\n\n\t<div class=\"modula-item-content\">\n\n\t\t<a data-image-id=\"986\" role=\"button\" tabindex=\"0\" rel=\"jtg-1796\" data-caption=\"\" aria-label=\"Open image in lightbox\" class=\"tile-inner modula-item-link\"><\/a><img loading=\"lazy\" decoding=\"async\" class=\"pic wp-image-986\"  data-valign=\"middle\" data-halign=\"center\" alt=\"\" data-full=\"https:\/\/www.anne-dasilva.com\/wp-content\/uploads\/spirituel-bain-douche.jpg\" title=\"spirituel bain douche\" crop=\"\" width=\"1600\" height=\"1066\" src=\"https:\/\/www.anne-dasilva.com\/wp-content\/uploads\/spirituel-bain-douche.jpg\" data-src=\"https:\/\/www.anne-dasilva.com\/wp-content\/uploads\/spirituel-bain-douche.jpg\" data-caption=\"\" srcset=\"https:\/\/www.anne-dasilva.com\/wp-content\/uploads\/spirituel-bain-douche.jpg 1600w, https:\/\/www.anne-dasilva.com\/wp-content\/uploads\/spirituel-bain-douche-300x200.jpg 300w, https:\/\/www.anne-dasilva.com\/wp-content\/uploads\/spirituel-bain-douche-768x512.jpg 768w, https:\/\/www.anne-dasilva.com\/wp-content\/uploads\/spirituel-bain-douche-700x466.jpg 700w, https:\/\/www.anne-dasilva.com\/wp-content\/uploads\/spirituel-bain-douche-800x533.jpg 800w\" sizes=\"auto, (max-width: 1600px) 100vw, 1600px\" \/>\n\t\t<div class=\"figc no-description\">\n\t\t\t<div class=\"figc-inner\">\n\t\t\t\t\t\t\t\t\t\t\t\t\t\t\t<\/div>\n\t\t<\/div>\n\n\t<\/div>\n\n<\/div><div class=\"modula-item effect-pufrobo\" >\n\t<div class=\"modula-item-overlay\"><\/div>\n\n\t<div class=\"modula-item-content\">\n\n\t\t<a data-image-id=\"999\" role=\"button\" tabindex=\"0\" rel=\"jtg-1796\" data-caption=\"\" aria-label=\"Open image in lightbox\" class=\"tile-inner modula-item-link\"><\/a><img loading=\"lazy\" decoding=\"async\" class=\"pic wp-image-999\"  data-valign=\"middle\" data-halign=\"center\" alt=\"\" data-full=\"https:\/\/www.anne-dasilva.com\/wp-content\/uploads\/IMG_1281.jpg\" title=\"IMG_1281\" crop=\"\" width=\"2448\" height=\"3264\" src=\"https:\/\/www.anne-dasilva.com\/wp-content\/uploads\/IMG_1281.jpg\" data-src=\"https:\/\/www.anne-dasilva.com\/wp-content\/uploads\/IMG_1281.jpg\" data-caption=\"\" srcset=\"https:\/\/www.anne-dasilva.com\/wp-content\/uploads\/IMG_1281.jpg 2448w, https:\/\/www.anne-dasilva.com\/wp-content\/uploads\/IMG_1281-225x300.jpg 225w, https:\/\/www.anne-dasilva.com\/wp-content\/uploads\/IMG_1281-768x1024.jpg 768w, https:\/\/www.anne-dasilva.com\/wp-content\/uploads\/IMG_1281-700x933.jpg 700w, https:\/\/www.anne-dasilva.com\/wp-content\/uploads\/IMG_1281-800x1067.jpg 800w\" sizes=\"auto, (max-width: 2448px) 100vw, 2448px\" \/>\n\t\t<div class=\"figc no-description\">\n\t\t\t<div class=\"figc-inner\">\n\t\t\t\t\t\t\t\t\t\t\t\t\t\t\t<\/div>\n\t\t<\/div>\n\n\t<\/div>\n\n<\/div><div class=\"modula-item effect-pufrobo\" >\n\t<div class=\"modula-item-overlay\"><\/div>\n\n\t<div class=\"modula-item-content\">\n\n\t\t<a data-image-id=\"630\" role=\"button\" tabindex=\"0\" rel=\"jtg-1796\" data-caption=\"\" aria-label=\"Open image in lightbox\" class=\"tile-inner modula-item-link\"><\/a><img loading=\"lazy\" decoding=\"async\" class=\"pic wp-image-630\"  data-valign=\"middle\" data-halign=\"center\" alt=\"\" data-full=\"https:\/\/www.anne-dasilva.com\/wp-content\/uploads\/IMG_6763-e1474967306556.jpg\" title=\"sculpture du feminin. La l\u00e9gende de saint julien l&#039;hospitalier\" crop=\"\" width=\"399\" height=\"600\" src=\"https:\/\/www.anne-dasilva.com\/wp-content\/uploads\/IMG_6763-e1474967306556.jpg\" data-src=\"https:\/\/www.anne-dasilva.com\/wp-content\/uploads\/IMG_6763-e1474967306556.jpg\" data-caption=\"\"\/>\n\t\t<div class=\"figc no-description\">\n\t\t\t<div class=\"figc-inner\">\n\t\t\t\t\t\t\t\t\t\t\t\t\t\t\t<\/div>\n\t\t<\/div>\n\n\t<\/div>\n\n<\/div><div class=\"modula-item effect-pufrobo\" >\n\t<div class=\"modula-item-overlay\"><\/div>\n\n\t<div class=\"modula-item-content\">\n\n\t\t<a data-image-id=\"998\" role=\"button\" tabindex=\"0\" rel=\"jtg-1796\" data-caption=\"\" aria-label=\"Open image in lightbox\" class=\"tile-inner modula-item-link\"><\/a><img loading=\"lazy\" decoding=\"async\" class=\"pic wp-image-998\"  data-valign=\"middle\" data-halign=\"center\" alt=\"\" data-full=\"https:\/\/www.anne-dasilva.com\/wp-content\/uploads\/IMG_1267.jpg\" title=\"IMG_1267\" crop=\"\" width=\"2448\" height=\"3264\" src=\"https:\/\/www.anne-dasilva.com\/wp-content\/uploads\/IMG_1267.jpg\" data-src=\"https:\/\/www.anne-dasilva.com\/wp-content\/uploads\/IMG_1267.jpg\" data-caption=\"\" srcset=\"https:\/\/www.anne-dasilva.com\/wp-content\/uploads\/IMG_1267.jpg 2448w, https:\/\/www.anne-dasilva.com\/wp-content\/uploads\/IMG_1267-225x300.jpg 225w, https:\/\/www.anne-dasilva.com\/wp-content\/uploads\/IMG_1267-768x1024.jpg 768w, https:\/\/www.anne-dasilva.com\/wp-content\/uploads\/IMG_1267-700x933.jpg 700w, https:\/\/www.anne-dasilva.com\/wp-content\/uploads\/IMG_1267-800x1067.jpg 800w\" sizes=\"auto, (max-width: 2448px) 100vw, 2448px\" \/>\n\t\t<div class=\"figc no-description\">\n\t\t\t<div class=\"figc-inner\">\n\t\t\t\t\t\t\t\t\t\t\t\t\t\t\t<\/div>\n\t\t<\/div>\n\n\t<\/div>\n\n<\/div><div class=\"modula-item effect-pufrobo\" >\n\t<div class=\"modula-item-overlay\"><\/div>\n\n\t<div class=\"modula-item-content\">\n\n\t\t<a data-image-id=\"991\" role=\"button\" tabindex=\"0\" rel=\"jtg-1796\" data-caption=\"\" aria-label=\"Open image in lightbox\" class=\"tile-inner modula-item-link\"><\/a><img loading=\"lazy\" decoding=\"async\" class=\"pic wp-image-991\"  data-valign=\"middle\" data-halign=\"center\" alt=\"\" data-full=\"https:\/\/www.anne-dasilva.com\/wp-content\/uploads\/IMG_1117.jpg\" title=\"IMG_1117\" crop=\"\" width=\"3264\" height=\"2448\" src=\"https:\/\/www.anne-dasilva.com\/wp-content\/uploads\/IMG_1117.jpg\" data-src=\"https:\/\/www.anne-dasilva.com\/wp-content\/uploads\/IMG_1117.jpg\" data-caption=\"\" srcset=\"https:\/\/www.anne-dasilva.com\/wp-content\/uploads\/IMG_1117.jpg 3264w, https:\/\/www.anne-dasilva.com\/wp-content\/uploads\/IMG_1117-300x225.jpg 300w, https:\/\/www.anne-dasilva.com\/wp-content\/uploads\/IMG_1117-768x576.jpg 768w, https:\/\/www.anne-dasilva.com\/wp-content\/uploads\/IMG_1117-700x525.jpg 700w, https:\/\/www.anne-dasilva.com\/wp-content\/uploads\/IMG_1117-800x600.jpg 800w, https:\/\/www.anne-dasilva.com\/wp-content\/uploads\/IMG_1117-80x60.jpg 80w\" sizes=\"auto, (max-width: 3264px) 100vw, 3264px\" \/>\n\t\t<div class=\"figc no-description\">\n\t\t\t<div class=\"figc-inner\">\n\t\t\t\t\t\t\t\t\t\t\t\t\t\t\t<\/div>\n\t\t<\/div>\n\n\t<\/div>\n\n<\/div><div class=\"modula-item effect-pufrobo\" >\n\t<div class=\"modula-item-overlay\"><\/div>\n\n\t<div class=\"modula-item-content\">\n\n\t\t<a data-image-id=\"1424\" role=\"button\" tabindex=\"0\" rel=\"jtg-1796\" data-caption=\"\" aria-label=\"Open image in lightbox\" class=\"tile-inner modula-item-link\"><\/a><img loading=\"lazy\" decoding=\"async\" class=\"pic wp-image-1424\"  data-valign=\"middle\" data-halign=\"center\" alt=\"\" data-full=\"https:\/\/www.anne-dasilva.com\/wp-content\/uploads\/La-l\u00e9gende.jpg\" title=\"La-l\u00e9gende\" crop=\"\" width=\"461\" height=\"262\" src=\"https:\/\/www.anne-dasilva.com\/wp-content\/uploads\/La-l\u00e9gende.jpg\" data-src=\"https:\/\/www.anne-dasilva.com\/wp-content\/uploads\/La-l\u00e9gende.jpg\" data-caption=\"\" srcset=\"https:\/\/www.anne-dasilva.com\/wp-content\/uploads\/La-l\u00e9gende.jpg 461w, https:\/\/www.anne-dasilva.com\/wp-content\/uploads\/La-l\u00e9gende-300x170.jpg 300w\" sizes=\"auto, (max-width: 461px) 100vw, 461px\" \/>\n\t\t<div class=\"figc no-description\">\n\t\t\t<div class=\"figc-inner\">\n\t\t\t\t\t\t\t\t\t\t\t\t\t\t\t<\/div>\n\t\t<\/div>\n\n\t<\/div>\n\n<\/div>\t\t\n\t<\/div>\n\n\t\n\t\n\t<script type=\"application\/ld+json\">\n\t{\n\t\t\"@context\": \"https:\/\/schema.org\",\n\t\t\"@type\"   : \"ImageGallery\",\n\t\t\"id\"      : \"https:\/\/www.anne-dasilva.com\/?page_id=1013\/#modula-gallery-1796\",\n\t\t\"url\"     : \"https:\/\/www.anne-dasilva.com\/?page_id=1013\/\"\n\t}\n\n\t<\/script>\n\n\t\n<\/div>\n\n","protected":false},"excerpt":{"rendered":"<p>J\u2019ai \u00e9t\u00e9 invit\u00e9e en tant que plasticienne par la compagnie la part de l\u2019invisible, en 2018, \u00e0 construire des sculptures pour une adaptation th\u00e9\u00e2tre, danse, musique de La l\u00e9gende de Saint-Julien l\u2019hospitalier de Gustave Flaubert. M\u2019appuyant sur la force symbolique du texte de Flaubert j\u2019ai con\u00e7u les sculptures comme des figures arch\u00e9typales du f\u00e9minin, du&#8230;<\/p>\n","protected":false},"author":1,"featured_media":0,"parent":0,"menu_order":0,"comment_status":"closed","ping_status":"closed","template":"","meta":{"footnotes":""},"class_list":["post-1013","page","type-page","status-publish","hentry"],"_links":{"self":[{"href":"https:\/\/www.anne-dasilva.com\/index.php?rest_route=\/wp\/v2\/pages\/1013","targetHints":{"allow":["GET"]}}],"collection":[{"href":"https:\/\/www.anne-dasilva.com\/index.php?rest_route=\/wp\/v2\/pages"}],"about":[{"href":"https:\/\/www.anne-dasilva.com\/index.php?rest_route=\/wp\/v2\/types\/page"}],"author":[{"embeddable":true,"href":"https:\/\/www.anne-dasilva.com\/index.php?rest_route=\/wp\/v2\/users\/1"}],"replies":[{"embeddable":true,"href":"https:\/\/www.anne-dasilva.com\/index.php?rest_route=%2Fwp%2Fv2%2Fcomments&post=1013"}],"version-history":[{"count":6,"href":"https:\/\/www.anne-dasilva.com\/index.php?rest_route=\/wp\/v2\/pages\/1013\/revisions"}],"predecessor-version":[{"id":1498,"href":"https:\/\/www.anne-dasilva.com\/index.php?rest_route=\/wp\/v2\/pages\/1013\/revisions\/1498"}],"wp:attachment":[{"href":"https:\/\/www.anne-dasilva.com\/index.php?rest_route=%2Fwp%2Fv2%2Fmedia&parent=1013"}],"curies":[{"name":"wp","href":"https:\/\/api.w.org\/{rel}","templated":true}]}}